{"id":733168,"date":"2025-03-03T16:18:19","date_gmt":"2025-03-03T15:18:19","guid":{"rendered":"https:\/\/stoic-curie.212-227-153-4.plesk.page\/producto\/bugstrahlruder-vetus-55kgf-24v\/"},"modified":"2026-02-24T23:34:41","modified_gmt":"2026-02-24T23:34:41","slug":"bugstrahlruder-vetus-55kgf-24v","status":"publish","type":"product","link":"https:\/\/stoic-curie.212-227-153-4.plesk.page\/de\/product\/bugstrahlruder-vetus-55kgf-24v\/","title":{"rendered":"Bugstrahlruder Vetus 55kgf 24V"},"content":{"rendered":"<p>Bugstrahlruder Vetus 55kgf 24V &#8211; <\/p>\n<p>Der Vetus 55kgf BOW5524D gilt als einer der beliebtesten Bugstrahlruder f\u00fcr Yachten und Motorboote bis zu 12,5 Metern (42 Fu\u00df). Er besteht aus hochwertigen Materialien, die sowohl eine hohe Leistung als auch eine verl\u00e4ngerte Lebensdauer gew\u00e4hrleisten. Bemerkenswert ist, dass die Vetus 55kgf Einheit einen Tunnel mit einem Durchmesser von 150 mm hat, was die Installation im Vergleich zu Wettbewerbern, die typischerweise Standard 185 mm Einheiten verwenden, vereinfacht.<\/p>\n<p>Zu den Hauptmerkmalen des Vetus Bugstrahlruders geh\u00f6ren:<\/p>\n<ul>\n<li>Eine flexible Kupplung zwischen dem Heck und dem Motor, die Vibrationen effektiv eliminiert.<\/li>\n<li>Ein energieeffizientes Motor-design.<\/li>\n<li>Ein vereinfachter Installationsprozess.<\/li>\n<li>Eine einzelne Propeller, die weniger Str\u00f6mungsst\u00f6rungen im Tunnel erzeugt.<\/li>\n<li>Ein einzigartiges Propellerblattdesign, das Kavitation Ger\u00e4usche minimiert.<\/li>\n<li>Ein robuster synthetischer Propeller, der sowohl korrosionsbest\u00e4ndig als auch leichtgewichtig ist.<\/li>\n<li>Spiralzahnr\u00e4der, die das \u00dcbertragungsger\u00e4usch reduzieren.<\/li>\n<li>Einhaltung der EMC-Anforderungen.<\/li>\n<\/ul>\n<p>Die Vorteile, die sich aus der Wahl eines Vetus Bugstrahlruders ergeben:<\/p>\n<ul>\n<li>Ein hochwertiger, leistungsstarker 24V Gleichstrommotor.<\/li>\n<li>Ein stromlinienf\u00f6rmiger unterer Fu\u00df aus Bronze f\u00fcr verbesserte Leistung.<\/li>\n<li>Ein einzelner sechsfl\u00fcgliger Propeller, der speziell in Zusammenarbeit mit MARIN entwickelt wurde, bietet 9 % mehr Schub und funktioniert in beiden Richtungen gleich gut, was zu weniger Kavitation und Tunnelger\u00e4uschen f\u00fchrt.<\/li>\n<li>Eine flexible Antriebskupplung, die die Notwendigkeit einer Sicherung eliminiert.<\/li>\n<li>Multistationensteuerungsoptionen mit einfacher Verkabelung.<\/li>\n<li>Ein starkes globales Renommee f\u00fcr Zuverl\u00e4ssigkeit.<\/li>\n<\/ul>\n<p>Modellspezifikationen:<\/p>\n<ul>\n<li>Schub: 55 Kgf<\/li>\n<li>Leistung: 3 kW (4 PS)<\/li>\n<li>Umkehrbarer DC-Motor: Ja<\/li>\n<li>Tunnelinnendurchmesser: 150 mm<\/li>\n<li>Gewicht (ohne Tunnel): 20 kg<\/li>\n<\/ul>\n<p>Stromspezifikationen:<\/p>\n<ul>\n<li>Stromverbrauch: 200 Amperes<\/li>\n<li>Maximale Betriebszeit: 4 Minuten<\/li>\n<li>Sicherung (&#8220;Slow Blow&#8221;): 125 Amperes<\/li>\n<li>Batteriekabel (m\/mm\u00b2): 0-11\/35<\/li>\n<\/ul>\n<p>Dieses umfassende Gesamt\u00fcberblick hebt den Vetus 55kgf BOW5524D als eine zuverl\u00e4ssige und effiziente Wahl f\u00fcr Bootseigent\u00fcmer hervor, die ein hochwertiges Bugstrahlruder suchen.<\/p>\n","protected":false},"excerpt":{"rendered":"<p>Bugstrahlruder Vetus 55kgf 24V &#8211; Der Vetus 55kgf BOW5524D gilt als einer der beliebtesten Bugstrahlruder f\u00fcr Yachten und Motorboote bis<\/p>\n","protected":false},"featured_media":5936409,"comment_status":"open","ping_status":"closed","template":"","meta":[],"product_brand":[3520],"product_cat":[1322],"product_tag":[],"class_list":{"0":"post-733168","1":"product","2":"type-product","3":"status-publish","4":"has-post-thumbnail","6":"product_brand-vetus-de","7":"product_cat-bugstrahlruder-vetus","9":"first","10":"instock","11":"shipping-taxable","12":"purchasable","13":"product-type-simple"},"_links":{"self":[{"href":"https:\/\/stoic-curie.212-227-153-4.plesk.page\/de\/wp-json\/wp\/v2\/product\/733168","targetHints":{"allow":["GET"]}}],"collection":[{"href":"https:\/\/stoic-curie.212-227-153-4.plesk.page\/de\/wp-json\/wp\/v2\/product"}],"about":[{"href":"https:\/\/stoic-curie.212-227-153-4.plesk.page\/de\/wp-json\/wp\/v2\/types\/product"}],"replies":[{"embeddable":true,"href":"https:\/\/stoic-curie.212-227-153-4.plesk.page\/de\/wp-json\/wp\/v2\/comments?post=733168"}],"version-history":[{"count":0,"href":"https:\/\/stoic-curie.212-227-153-4.plesk.page\/de\/wp-json\/wp\/v2\/product\/733168\/revisions"}],"wp:featuredmedia":[{"embeddable":true,"href":"https:\/\/stoic-curie.212-227-153-4.plesk.page\/de\/wp-json\/wp\/v2\/media\/5936409"}],"wp:attachment":[{"href":"https:\/\/stoic-curie.212-227-153-4.plesk.page\/de\/wp-json\/wp\/v2\/media?parent=733168"}],"wp:term":[{"taxonomy":"product_brand","embeddable":true,"href":"https:\/\/stoic-curie.212-227-153-4.plesk.page\/de\/wp-json\/wp\/v2\/product_brand?post=733168"},{"taxonomy":"product_cat","embeddable":true,"href":"https:\/\/stoic-curie.212-227-153-4.plesk.page\/de\/wp-json\/wp\/v2\/product_cat?post=733168"},{"taxonomy":"product_tag","embeddable":true,"href":"https:\/\/stoic-curie.212-227-153-4.plesk.page\/de\/wp-json\/wp\/v2\/product_tag?post=733168"}],"curies":[{"name":"wp","href":"https:\/\/api.w.org\/{rel}","templated":true}]}}