{"id":733169,"date":"2025-03-03T16:18:19","date_gmt":"2025-03-03T15:18:19","guid":{"rendered":"https:\/\/stoic-curie.212-227-153-4.plesk.page\/producto\/bugstrahlruder-vetus-75kgf-12v\/"},"modified":"2026-02-24T23:34:41","modified_gmt":"2026-02-24T23:34:41","slug":"bugstrahlruder-vetus-75kgf-12v","status":"publish","type":"product","link":"https:\/\/stoic-curie.212-227-153-4.plesk.page\/de\/product\/bugstrahlruder-vetus-75kgf-12v\/","title":{"rendered":"Bugstrahlruder Vetus 75kgf 12V"},"content":{"rendered":"<p>Bugstrahlruder Vetus 75kgf 12V &#8211; <\/p>\n<p>Der Vetus BOW7512D Bugstrahler, entwickelt f\u00fcr Yachten und Motorboote bis zu 15 Metern, ist aus hochwertigen Materialien gefertigt, um eine hohe Leistung und Langlebigkeit zu gew\u00e4hrleisten.<\/p>\n<p><strong>Hauptvorteile des Vetus Bugstrahlers:<\/strong><\/p>\n<ul>\n<li>Hochwertiger 12V DC Motor mit hohem Output.<\/li>\n<li>Str\u00f6mungsoptimierter bronzierter Unterteil f\u00fcr verbesserte Effizienz.<\/li>\n<li>Einzelne 6-Blatt-Propeller, entwickelt in Zusammenarbeit mit MARIN, der 9% mehr Schub in beide Richtungen bietet und Kavitation sowie Tunnelger\u00e4usche reduziert.<\/li>\n<li>Flexible Kupplung, die die Notwendigkeit eines Bruchstifts eliminiert.<\/li>\n<li>Multistations- Steuerungsm\u00f6glichkeiten mit einfacher Verdrahtung.<\/li>\n<li>Weltweit anerkannte Zuverl\u00e4ssigkeit.<\/li>\n<\/ul>\n<p><strong>Technische Spezifikationen des Vetus BOW7512D Bugstrahlers:<\/strong><\/p>\n<ul>\n<li>Schub: 75 kgf<\/li>\n<li>Spannung: 12V<\/li>\n<li>Durchmesser: 185 mm<\/li>\n<\/ul>\n<p><strong>Vorteile der Vetus Bugstrahler:<\/strong><\/p>\n<ul>\n<li>Einzelpropeller-Design minimiert die Str\u00f6mungsst\u00f6rungen innerhalb des Tunnels.<\/li>\n<li>Das einzigartige Propellerblattdesign reduziert Kavitationger\u00e4usche.<\/li>\n<li>Eine flexible Kupplung zwischen dem Hinterteil und dem Motor verringert Vibrationen.<\/li>\n<li>Alle Vetus-Systeme verf\u00fcgen \u00fcber ein str\u00f6mungsoptimiertes Hinterteil f\u00fcr optimalen Fluss.<\/li>\n<li>Ein robuster synthetischer Propeller widersteht Korrosion und verringert das Gewicht.<\/li>\n<li>Die Installation ist unkompliziert, mit klaren Anweisungen.<\/li>\n<li>Vetus bietet eine neue Reihe von hochwertigen Aluminiumsteuerungspanelen, die mit \u00e4lteren Modellen kompatibel sind.<\/li>\n<li>Alle Vetus-Man\u00f6vrierl\u00f6sungen entsprechen den EMC-Vorgaben.<\/li>\n<\/ul>\n<p><strong>Technische Daten:<\/strong><\/p>\n<ul>\n<li>Spannung: 12V DC<\/li>\n<li>Stromverbrauch: 500A<\/li>\n<li>Kontinuierliche Betriebszeit: 2 Minuten<\/li>\n<li>Sicherung (langsam): 355A<\/li>\n<li>Batterie-Anforderungen: 12V, Minimum\/Maximum Ah: 1&#215;120 \/ 1&#215;225<\/li>\n<li>Batterie Hauptschalter: Modell BATSW \/ Typ BPMAIN250 \/ 12<\/li>\n<li>Maximale Betriebszeit: 2 Minuten<\/li>\n<li>Umkehrbarer DC Motor: Ja<\/li>\n<li>Z\u00fcndschutz: Nein<\/li>\n<li>Schub: 800N \/ 176 lbf<\/li>\n<li>Leistung: 6 PS<\/li>\n<li>Innendurchmesser des Tunnels: 185 mm<\/li>\n<li>Gewicht: 26 kg<\/li>\n<li>Batteriekabell\u00e4nge (positiv\/negativ): 0-8\/70 \/ 8-11\/95<\/li>\n<\/ul>\n<p><strong>Modell Details:<\/strong><\/p>\n<ul>\n<li>Schub: 80 kgf<\/li>\n<li>Leistung: 4,4 kW (6 PS)<\/li>\n<li>Umkehrbarer DC Motor: Ja<\/li>\n<li>Innendurchmesser des Tunnels: 185 mm<\/li>\n<li>Gewicht (ohne Tunnel): 26 kg<\/li>\n<\/ul>\n<p>Dieser umfassende \u00dcberblick \u00fcber den Vetus BOW7512D Bugstrahler hebt seine au\u00dfergew\u00f6hnlichen Merkmale und Spezifikationen hervor, sodass Bootsbesitzer eine informierte Entscheidung treffen k\u00f6nnen, wenn sie zuverl\u00e4ssige Ausr\u00fcstung f\u00fcr ihre Fahrzeuge ausw\u00e4hlen.<\/p>\n","protected":false},"excerpt":{"rendered":"<p>Bugstrahlruder Vetus 75kgf 12V &#8211; Der Vetus BOW7512D Bugstrahler, entwickelt f\u00fcr Yachten und Motorboote bis zu 15 Metern, ist aus<\/p>\n","protected":false},"featured_media":5936550,"comment_status":"open","ping_status":"closed","template":"","meta":[],"product_brand":[3520],"product_cat":[1322],"product_tag":[],"class_list":{"0":"post-733169","1":"product","2":"type-product","3":"status-publish","4":"has-post-thumbnail","6":"product_brand-vetus-de","7":"product_cat-bugstrahlruder-vetus","9":"first","10":"instock","11":"shipping-taxable","12":"purchasable","13":"product-type-simple"},"_links":{"self":[{"href":"https:\/\/stoic-curie.212-227-153-4.plesk.page\/de\/wp-json\/wp\/v2\/product\/733169","targetHints":{"allow":["GET"]}}],"collection":[{"href":"https:\/\/stoic-curie.212-227-153-4.plesk.page\/de\/wp-json\/wp\/v2\/product"}],"about":[{"href":"https:\/\/stoic-curie.212-227-153-4.plesk.page\/de\/wp-json\/wp\/v2\/types\/product"}],"replies":[{"embeddable":true,"href":"https:\/\/stoic-curie.212-227-153-4.plesk.page\/de\/wp-json\/wp\/v2\/comments?post=733169"}],"version-history":[{"count":0,"href":"https:\/\/stoic-curie.212-227-153-4.plesk.page\/de\/wp-json\/wp\/v2\/product\/733169\/revisions"}],"wp:featuredmedia":[{"embeddable":true,"href":"https:\/\/stoic-curie.212-227-153-4.plesk.page\/de\/wp-json\/wp\/v2\/media\/5936550"}],"wp:attachment":[{"href":"https:\/\/stoic-curie.212-227-153-4.plesk.page\/de\/wp-json\/wp\/v2\/media?parent=733169"}],"wp:term":[{"taxonomy":"product_brand","embeddable":true,"href":"https:\/\/stoic-curie.212-227-153-4.plesk.page\/de\/wp-json\/wp\/v2\/product_brand?post=733169"},{"taxonomy":"product_cat","embeddable":true,"href":"https:\/\/stoic-curie.212-227-153-4.plesk.page\/de\/wp-json\/wp\/v2\/product_cat?post=733169"},{"taxonomy":"product_tag","embeddable":true,"href":"https:\/\/stoic-curie.212-227-153-4.plesk.page\/de\/wp-json\/wp\/v2\/product_tag?post=733169"}],"curies":[{"name":"wp","href":"https:\/\/api.w.org\/{rel}","templated":true}]}}