{"id":733170,"date":"2025-03-03T16:18:19","date_gmt":"2025-03-03T15:18:19","guid":{"rendered":"https:\/\/stoic-curie.212-227-153-4.plesk.page\/producto\/bugstrahlruder-vetus-75kgf-24v\/"},"modified":"2026-02-24T23:34:41","modified_gmt":"2026-02-24T23:34:41","slug":"bugstrahlruder-vetus-75kgf-24v","status":"publish","type":"product","link":"https:\/\/stoic-curie.212-227-153-4.plesk.page\/de\/product\/bugstrahlruder-vetus-75kgf-24v\/","title":{"rendered":"Bugstrahlruder Vetus 75kgf 24V"},"content":{"rendered":"<p>Bugstrahlruder Vetus 75kgf 24V &#8211; <\/p>\n<p>Der Vetus BOW7524D 75Kgf Bugstrahlruder ist f\u00fcr Yachten und Motorboote bis zu 15 Metern (50 Fu\u00df) konzipiert. Es besteht aus hochwertigen Materialien, die sowohl hohe Leistung als auch eine lange Lebensdauer gew\u00e4hrleisten. Dieses Bugstrahlruder bietet eine Schubkraft von 75 kgf und ist somit f\u00fcr Fahrzeuge mit einer L\u00e4nge von 10,5 bis 15 Metern geeignet.<\/p>\n<p><strong>Vorteile der Vetus Bugstrahlruder:<\/strong><\/p>\n<ul>\n<li>Ein einzelnes Propellerdesign reduziert St\u00f6rungen des Wasserflusses im Tunnel.<\/li>\n<li>Das einzigartige Propellerblattdesign von Vetus minimiert Kavitationsger\u00e4usche.<\/li>\n<li>Eine flexible Kupplung zwischen dem Heckst\u00fcck und dem Motor beseitigt effektiv Vibrationen.<\/li>\n<li>Alle Vetus-Systeme verf\u00fcgen \u00fcber ein aerodynamisches Heckst\u00fcck f\u00fcr optimalen Fluss.<\/li>\n<li>Der robuste synthetische Propeller ist korrosionsbest\u00e4ndig und leicht.<\/li>\n<li>Die Installation ist einfach, mit klaren Anleitungen sowohl f\u00fcr die Installation als auch f\u00fcr den Betrieb.<\/li>\n<li>Vetus bietet eine neue Reihe von hochwertigen Aluminiumsteuerungen an, die mit \u00e4lteren Modellen kompatibel sind.<\/li>\n<li>Alle Vetus Man\u00f6vrieranlagen entsprechen den EMC-Anforderungen.<\/li>\n<\/ul>\n<p><strong>Hauptvorteile des Vetus Bugstrahlruder:<\/strong><\/p>\n<ul>\n<li>Hochwertiger, leistungsstarker 24V DC-Motor.<\/li>\n<li>Bronzefu\u00df f\u00fcr verbesserte Leistung.<\/li>\n<li>Ein einzelnes Sechsblatt-Propeller, speziell in Zusammenarbeit mit MARIN entwickelt, bietet 9% mehr Schub und sorgt f\u00fcr eine gleichm\u00e4\u00dfige Leistung in beide Richtungen bei gleichzeitiger Reduzierung der Kavitations- und Tunnelger\u00e4usche.<\/li>\n<li>Flexibles Antriebskupplung eliminiert die Notwendigkeit eines Aufrei\u00dfbolzens.<\/li>\n<li>Multi-Station Steuerungsm\u00f6glichkeiten mit einfacher Verkabelung.<\/li>\n<li>Ein weltweit anerkanntes Renommee f\u00fcr Qualit\u00e4t und Zuverl\u00e4ssigkeit.<\/li>\n<\/ul>\n<p><strong>Modelldetails:<\/strong><\/p>\n<ul>\n<li>Schubkraft: 85 Kgf<\/li>\n<li>Leistung: 4,4 kW (6 PS)<\/li>\n<li>Reversibler DC-Motor: Ja<\/li>\n<li>Tunnelinnendurchmesser: 185 mm<\/li>\n<li>Gewicht (ohne Tunnel): 26 kg<\/li>\n<\/ul>\n<p><strong>Stromspezifikationen:<\/strong><\/p>\n<ul>\n<li>Stromverbrauch: 280 Ampere<\/li>\n<li>Maximale Betriebszeit: 3 Minuten<\/li>\n<li>Sicherung (&#8220;Slow Blow&#8221;): 200 Ampere<\/li>\n<li>Batterie Ah Minimum\/H\u00f6chst: 2 x 108 \/ 2 x 143<\/li>\n<li>Batteriekabel: 0-21 m \/ 50 mm\u00b2<\/li>\n<li>Batterieschalter: 250 Ampere<\/li>\n<\/ul>\n<p>Dieser umfassende \u00dcberblick \u00fcber das Vetus BOW7524D Bugstrahlruder hebt dessen Qualit\u00e4t, Leistung und Benutzerfreundlichkeit hervor und macht es zu einer ausgezeichneten Wahl f\u00fcr Bootsbesitzer, die zuverl\u00e4ssige Ger\u00e4te suchen.<\/p>\n","protected":false},"excerpt":{"rendered":"<p>Bugstrahlruder Vetus 75kgf 24V &#8211; Der Vetus BOW7524D 75Kgf Bugstrahlruder ist f\u00fcr Yachten und Motorboote bis zu 15 Metern (50<\/p>\n","protected":false},"featured_media":5936550,"comment_status":"open","ping_status":"closed","template":"","meta":[],"product_brand":[3520],"product_cat":[1322],"product_tag":[],"class_list":{"0":"post-733170","1":"product","2":"type-product","3":"status-publish","4":"has-post-thumbnail","6":"product_brand-vetus-de","7":"product_cat-bugstrahlruder-vetus","9":"first","10":"instock","11":"shipping-taxable","12":"purchasable","13":"product-type-simple"},"_links":{"self":[{"href":"https:\/\/stoic-curie.212-227-153-4.plesk.page\/de\/wp-json\/wp\/v2\/product\/733170","targetHints":{"allow":["GET"]}}],"collection":[{"href":"https:\/\/stoic-curie.212-227-153-4.plesk.page\/de\/wp-json\/wp\/v2\/product"}],"about":[{"href":"https:\/\/stoic-curie.212-227-153-4.plesk.page\/de\/wp-json\/wp\/v2\/types\/product"}],"replies":[{"embeddable":true,"href":"https:\/\/stoic-curie.212-227-153-4.plesk.page\/de\/wp-json\/wp\/v2\/comments?post=733170"}],"version-history":[{"count":0,"href":"https:\/\/stoic-curie.212-227-153-4.plesk.page\/de\/wp-json\/wp\/v2\/product\/733170\/revisions"}],"wp:featuredmedia":[{"embeddable":true,"href":"https:\/\/stoic-curie.212-227-153-4.plesk.page\/de\/wp-json\/wp\/v2\/media\/5936550"}],"wp:attachment":[{"href":"https:\/\/stoic-curie.212-227-153-4.plesk.page\/de\/wp-json\/wp\/v2\/media?parent=733170"}],"wp:term":[{"taxonomy":"product_brand","embeddable":true,"href":"https:\/\/stoic-curie.212-227-153-4.plesk.page\/de\/wp-json\/wp\/v2\/product_brand?post=733170"},{"taxonomy":"product_cat","embeddable":true,"href":"https:\/\/stoic-curie.212-227-153-4.plesk.page\/de\/wp-json\/wp\/v2\/product_cat?post=733170"},{"taxonomy":"product_tag","embeddable":true,"href":"https:\/\/stoic-curie.212-227-153-4.plesk.page\/de\/wp-json\/wp\/v2\/product_tag?post=733170"}],"curies":[{"name":"wp","href":"https:\/\/api.w.org\/{rel}","templated":true}]}}