{"id":733171,"date":"2025-03-03T16:18:19","date_gmt":"2025-03-03T15:18:19","guid":{"rendered":"https:\/\/stoic-curie.212-227-153-4.plesk.page\/producto\/bugstrahlruder-vetus-95kgf-12v\/"},"modified":"2026-02-24T23:34:41","modified_gmt":"2026-02-24T23:34:41","slug":"bugstrahlruder-vetus-95kgf-12v","status":"publish","type":"product","link":"https:\/\/stoic-curie.212-227-153-4.plesk.page\/de\/product\/bugstrahlruder-vetus-95kgf-12v\/","title":{"rendered":"Bugstrahlruder Vetus 95kgf 12V"},"content":{"rendered":"<p>Bugstrahlruder Vetus 95kgf 12V &#8211; <\/p>\n<p style=\"color: rgb(34, 34, 34); font-family: Arial, Helvetica, sans-serif; font-size: small;\"><strong>Vetus Bugstrahler\u00a0<\/strong>BOW9512D<\/p>\n<p style=\"color: rgb(34, 34, 34); font-family: Arial, Helvetica, sans-serif; font-size: small;\">Die Vetus Bugstrahler wurden entwickelt, um die Man\u00f6vrierf\u00e4higkeit Ihres Bootes mit einer Vielzahl innovativer Funktionen zu verbessern. Das Design mit einer einzelnen Schraube minimiert St\u00f6rungen des Wasserflusses im Tunnel, w\u00e4hrend die einzigartige Blattkonfiguration das Kavitationger\u00e4usch erheblich reduziert. Die Verwendung einer flexiblen Kupplung zwischen dem Heckst\u00fcck und dem Motor eliminiert effektiv Vibrationen und sorgt f\u00fcr einen sanfteren Betrieb. Jedes Vetus-System ist mit einem str\u00f6mungsg\u00fcnstigen Heckst\u00fcck ausgestattet, das den Wasserfluss optimiert und zur Gesamteffizienz beitr\u00e4gt.<\/p>\n<p style=\"color: rgb(34, 34, 34); font-family: Arial, Helvetica, sans-serif; font-size: small;\">Die Propeller bestehen aus robusten synthetischen Materialien, die sowohl korrosionsbest\u00e4ndig als auch leicht sind und sich somit ideal f\u00fcr maritimere Umgebungen eignen. Die Installation ist unkompliziert, jedes System wird mit klaren Anweisungen f\u00fcr Installation und Betrieb geliefert. Zudem entsprechen alle Vetus-Man\u00f6vrierungssysteme den EMC-Anforderungen, um eine zuverl\u00e4ssige Leistung zu gew\u00e4hrleisten.<\/p>\n<p style=\"color: rgb(34, 34, 34); font-family: Arial, Helvetica, sans-serif; font-size: small;\">Der Bug- &#038; Heckstrahler 95 kgf 12 V mit einem 185-mm-Tunnel ist eine leistungsstarke L\u00f6sung, die speziell f\u00fcr pr\u00e4zises Man\u00f6vrieren mit dem Boot entwickelt wurde. Dieser Strahler wurde mit akribischer Detailgenauigkeit konstruiert und bietet eine verbesserte Kontrolle, die die Navigation in engen R\u00e4umen und beim Festmachen vereinfacht. Sein Design ist f\u00fcr eine einfache Installation optimiert, sodass er f\u00fcr Boote mit einer L\u00e4nge von 36 bis 55 Fu\u00df (11,5 bis 17 Meter) geeignet ist.<\/p>\n<p style=\"color: rgb(34, 34, 34); font-family: Arial, Helvetica, sans-serif; font-size: small;\">Das Modell BOW9512D ist eine ausgezeichnete Wahl f\u00fcr Bootsliebhaber, die ihr Erlebnis auf dem Wasser verbessern m\u00f6chten. Mit einer Antriebskraft von 95 kgf bietet dieser Bug- und Heckstrahler au\u00dfergew\u00f6hnliche Man\u00f6vrierf\u00e4higkeit sowohl nach vorne als auch nach hinten und erleichtert die Navigation selbst unter schwierigen Bedingungen. Der integrierte thermische Schalter erh\u00f6ht die Sicherheit, indem er \u00dcberhitzung verhindert und somit eine zuverl\u00e4ssige Bedienung gew\u00e4hrleistet.<\/p>\n<p style=\"color: rgb(34, 34, 34); font-family: Arial, Helvetica, sans-serif; font-size: small;\">Dar\u00fcber hinaus sorgt das innovative Sechsschaufel-Propellerdesign in Kombination mit Spiralgetrieben und einer flexiblen Kupplung f\u00fcr minimale Ger\u00e4uschentwicklung. Das str\u00f6mungsg\u00fcnstige Heckst\u00fcck optimiert dar\u00fcber hinaus den Wasserfluss f\u00fcr verbesserte Leistung, w\u00e4hrend die synthetischen Propeller korrosionsbest\u00e4ndig sind, was die Wartung erleichtert und das Gesamtgewicht reduziert.<\/p>\n<p style=\"color: rgb(34, 34, 34); font-family: Arial, Helvetica, sans-serif; font-size: small;\">In Kombination mit unseren Steuerungspaneelen erhalten Sie ein beispielloses Ma\u00df an Kontrolle \u00fcber Ihr Fahrzeug. Egal, ob Sie in engen R\u00e4umen anlegen, durch schwierige Gew\u00e4sser navigieren oder auf unvorhergesehene Umst\u00e4nde reagieren, Sie k\u00f6nnen dies mit Zuversicht tun und sowohl die Sicherheit als auch den Seelenfrieden erh\u00f6hen.<\/p>\n<p style=\"color: rgb(34, 34, 34); font-family: Arial, Helvetica, sans-serif; font-size: small;\">Bitte beachten Sie, dass Sie die entsprechenden Heckstrahlertunnel erwerben m\u00fcssen, um diesen Strahler am Heck Ihres Bootes nutzen zu k\u00f6nnen.<\/p>\n<hr style=\"color: rgb(34, 34, 34); font-family: Arial, Helvetica, sans-serif; font-size: small;\">\n<p style=\"color: rgb(34, 34, 34); font-family: Arial, Helvetica, sans-serif; font-size: small;\"><strong>Spezifikationen<\/strong><\/p>\n<ul style=\"color: rgb(34, 34, 34); font-family: Arial, Helvetica, sans-serif; font-size: small;\">\n<li>Schub (kgf): 95<\/li>\n<li>Leistung (kW): 5.7<\/li>\n<li>Durchmesser des Innentunnels (mm): 185<\/li>\n<li>Gewicht (kg): 26<\/li>\n<li>Spannung (V): 12<\/li>\n<li>Stromverbrauch (A): 610<\/li>\n<li>Kontinuierliche Betriebszeit (min): 3<\/li>\n<li>Z\u00fcndgesch\u00fctzt: Nein<\/li>\n<li>Proportional: Nein<\/li>\n<li>Einziehbar: Nein<\/li>\n<li>Erweiterte Laufzeit: Nein<\/li>\n<\/ul>\n","protected":false},"excerpt":{"rendered":"<p>Bugstrahlruder Vetus 95kgf 12V &#8211; Vetus Bugstrahler\u00a0BOW9512D Die Vetus Bugstrahler wurden entwickelt, um die Man\u00f6vrierf\u00e4higkeit Ihres Bootes mit einer Vielzahl<\/p>\n","protected":false},"featured_media":5936550,"comment_status":"open","ping_status":"closed","template":"","meta":[],"product_brand":[3520],"product_cat":[1322],"product_tag":[],"class_list":{"0":"post-733171","1":"product","2":"type-product","3":"status-publish","4":"has-post-thumbnail","6":"product_brand-vetus-de","7":"product_cat-bugstrahlruder-vetus","9":"first","10":"outofstock","11":"shipping-taxable","12":"purchasable","13":"product-type-simple"},"_links":{"self":[{"href":"https:\/\/stoic-curie.212-227-153-4.plesk.page\/de\/wp-json\/wp\/v2\/product\/733171","targetHints":{"allow":["GET"]}}],"collection":[{"href":"https:\/\/stoic-curie.212-227-153-4.plesk.page\/de\/wp-json\/wp\/v2\/product"}],"about":[{"href":"https:\/\/stoic-curie.212-227-153-4.plesk.page\/de\/wp-json\/wp\/v2\/types\/product"}],"replies":[{"embeddable":true,"href":"https:\/\/stoic-curie.212-227-153-4.plesk.page\/de\/wp-json\/wp\/v2\/comments?post=733171"}],"version-history":[{"count":0,"href":"https:\/\/stoic-curie.212-227-153-4.plesk.page\/de\/wp-json\/wp\/v2\/product\/733171\/revisions"}],"wp:featuredmedia":[{"embeddable":true,"href":"https:\/\/stoic-curie.212-227-153-4.plesk.page\/de\/wp-json\/wp\/v2\/media\/5936550"}],"wp:attachment":[{"href":"https:\/\/stoic-curie.212-227-153-4.plesk.page\/de\/wp-json\/wp\/v2\/media?parent=733171"}],"wp:term":[{"taxonomy":"product_brand","embeddable":true,"href":"https:\/\/stoic-curie.212-227-153-4.plesk.page\/de\/wp-json\/wp\/v2\/product_brand?post=733171"},{"taxonomy":"product_cat","embeddable":true,"href":"https:\/\/stoic-curie.212-227-153-4.plesk.page\/de\/wp-json\/wp\/v2\/product_cat?post=733171"},{"taxonomy":"product_tag","embeddable":true,"href":"https:\/\/stoic-curie.212-227-153-4.plesk.page\/de\/wp-json\/wp\/v2\/product_tag?post=733171"}],"curies":[{"name":"wp","href":"https:\/\/api.w.org\/{rel}","templated":true}]}}