{"id":733172,"date":"2025-03-03T16:18:19","date_gmt":"2025-03-03T15:18:19","guid":{"rendered":"https:\/\/stoic-curie.212-227-153-4.plesk.page\/producto\/bugstrahlruder-vetus-95kgf-24v\/"},"modified":"2026-02-24T23:34:41","modified_gmt":"2026-02-24T23:34:41","slug":"bugstrahlruder-vetus-95kgf-24v","status":"publish","type":"product","link":"https:\/\/stoic-curie.212-227-153-4.plesk.page\/de\/product\/bugstrahlruder-vetus-95kgf-24v\/","title":{"rendered":"Bugstrahlruder Vetus 95kgf 24V"},"content":{"rendered":"<p>Bugstrahlruder Vetus 95kgf 24V &#8211; <\/p>\n<p>Der Vetus BOW9524D 95Kgf Bugstrahlruder ist speziell f\u00fcr Yachten und Motorboote bis zu 17 Metern (56 Fu\u00df) L\u00e4nge konzipiert. Es besteht aus hochwertigen Materialien, die eine hervorragende Leistung und eine lange Lebensdauer gew\u00e4hrleisten.<\/p>\n<p><strong>Hauptmerkmale des Vetus Bugstrahlruders:<\/strong><\/p>\n<ul>\n<li>Ein einzelnes Propellerdesign minimiert den Str\u00f6mungsst\u00f6rungen im Tunnel.<\/li>\n<li>Das einzigartige Propellerblattdesign von Vetus reduziert Kavitationst\u00f6ne.<\/li>\n<li>Eine flexible Kupplung zwischen dem Heckst\u00fcck und dem Motor eliminiert Vibrationen effektiv.<\/li>\n<li>Alle Vetus-Systeme verf\u00fcgen \u00fcber ein aerodynamisches Heckst\u00fcck f\u00fcr optimalen Fluss.<\/li>\n<li>Ein robuster synthetischer Propeller verhindert Korrosion und reduziert das Gesamtgewicht.<\/li>\n<li>Die Installation ist unkompliziert, Anleitungen zur Installation und Bedienung sind klar verst\u00e4ndlich.<\/li>\n<li>Alle Vetus-Man\u00f6vrier Systeme entsprechen den EMC-Anforderungen.<\/li>\n<\/ul>\n<p><strong>Wichtige Vorteile des Vetus Bugstrahlruders:<\/strong><\/p>\n<ul>\n<li>Hochwertiger, leistungsstarker 24V-Gleichstrommotor.<\/li>\n<li>Das bronzeget\u00e4uschte Unterteil verbessert die Effizienz.<\/li>\n<li>Ein einzelner sechsbl\u00e4ttriger Propeller, der in Zusammenarbeit mit MARIN entwickelt wurde, bietet 9% mehr Schub, gleichen Schub in beide Richtungen, reduzierte Kavitation und geringere Tunnelger\u00e4usche.<\/li>\n<li>Eine flexible Antriebskupplung eliminiert die Notwendigkeit einer Scherbolzen.<\/li>\n<li>Multistationssteuerungsoptionen sind mit einfacher Verkabelung verf\u00fcgbar.<\/li>\n<li>Weltweit f\u00fcr Zuverl\u00e4ssigkeit und Leistung anerkannt.<\/li>\n<\/ul>\n<p><strong>Technische Spezifikationen:<\/strong><\/p>\n<p><strong>Modellinformationen:<\/strong><\/p>\n<ul>\n<li>Schub: 95 Kgf<\/li>\n<li>Leistung: 5,7 kW (8 PS)<\/li>\n<li>Umkehrbarer Gleichstrommotor: Ja<\/li>\n<li>Innendurchmesser des Tunnels: 185 mm<\/li>\n<li>Gewicht (ohne Tunnel): 30 kg<\/li>\n<\/ul>\n<p><strong>Leistungsspezifikationen:<\/strong><\/p>\n<ul>\n<li>Stromverbrauch: 320 Ampere<\/li>\n<li>Maximale Betriebsdauer: 3 Minuten<\/li>\n<li>Hauptsicherung (langsame Sicherung): 200 Amperes<\/li>\n<li>Batteriekapazit\u00e4t (Ah Min\/Max): 1 x 165 \/ 2 x 143<\/li>\n<li>Batteriekabel: 0-21 m \/ 50 mm\u00b2<\/li>\n<li>Batterieschalter: 250 Amperes<\/li>\n<\/ul>\n<p>Dieser Bugstrahlruder kombiniert fortschrittliche Technik mit benutzerfreundlichen Funktionen, was ihn zu einer hervorragenden Wahl f\u00fcr Bootseigner macht, die nach zuverl\u00e4ssiger und effizienter Ausr\u00fcstung suchen.<\/p>\n","protected":false},"excerpt":{"rendered":"<p>Bugstrahlruder Vetus 95kgf 24V &#8211; Der Vetus BOW9524D 95Kgf Bugstrahlruder ist speziell f\u00fcr Yachten und Motorboote bis zu 17 Metern<\/p>\n","protected":false},"featured_media":5936550,"comment_status":"open","ping_status":"closed","template":"","meta":[],"product_brand":[3520],"product_cat":[1322],"product_tag":[],"class_list":{"0":"post-733172","1":"product","2":"type-product","3":"status-publish","4":"has-post-thumbnail","6":"product_brand-vetus-de","7":"product_cat-bugstrahlruder-vetus","9":"first","10":"instock","11":"shipping-taxable","12":"purchasable","13":"product-type-simple"},"_links":{"self":[{"href":"https:\/\/stoic-curie.212-227-153-4.plesk.page\/de\/wp-json\/wp\/v2\/product\/733172","targetHints":{"allow":["GET"]}}],"collection":[{"href":"https:\/\/stoic-curie.212-227-153-4.plesk.page\/de\/wp-json\/wp\/v2\/product"}],"about":[{"href":"https:\/\/stoic-curie.212-227-153-4.plesk.page\/de\/wp-json\/wp\/v2\/types\/product"}],"replies":[{"embeddable":true,"href":"https:\/\/stoic-curie.212-227-153-4.plesk.page\/de\/wp-json\/wp\/v2\/comments?post=733172"}],"version-history":[{"count":0,"href":"https:\/\/stoic-curie.212-227-153-4.plesk.page\/de\/wp-json\/wp\/v2\/product\/733172\/revisions"}],"wp:featuredmedia":[{"embeddable":true,"href":"https:\/\/stoic-curie.212-227-153-4.plesk.page\/de\/wp-json\/wp\/v2\/media\/5936550"}],"wp:attachment":[{"href":"https:\/\/stoic-curie.212-227-153-4.plesk.page\/de\/wp-json\/wp\/v2\/media?parent=733172"}],"wp:term":[{"taxonomy":"product_brand","embeddable":true,"href":"https:\/\/stoic-curie.212-227-153-4.plesk.page\/de\/wp-json\/wp\/v2\/product_brand?post=733172"},{"taxonomy":"product_cat","embeddable":true,"href":"https:\/\/stoic-curie.212-227-153-4.plesk.page\/de\/wp-json\/wp\/v2\/product_cat?post=733172"},{"taxonomy":"product_tag","embeddable":true,"href":"https:\/\/stoic-curie.212-227-153-4.plesk.page\/de\/wp-json\/wp\/v2\/product_tag?post=733172"}],"curies":[{"name":"wp","href":"https:\/\/api.w.org\/{rel}","templated":true}]}}