{"id":733174,"date":"2025-03-03T16:18:20","date_gmt":"2025-03-03T15:18:20","guid":{"rendered":"https:\/\/stoic-curie.212-227-153-4.plesk.page\/producto\/vetus-ezdock2-panel\/"},"modified":"2026-02-24T23:34:41","modified_gmt":"2026-02-24T23:34:41","slug":"vetus-ezdock2-panel","status":"publish","type":"product","link":"https:\/\/stoic-curie.212-227-153-4.plesk.page\/de\/product\/vetus-ezdock2-panel\/","title":{"rendered":"Panel Vetus EZDOCK2"},"content":{"rendered":"<p>Panel Vetus EZDOCK2 &#8211; <\/p>\n<p style=\"color: rgb(34, 34, 34); font-family: Arial, Helvetica, sans-serif; font-size: small;\">Das VETUS Easy Docking System, das f\u00fcr Thruster entwickelt wurde, verf\u00fcgt \u00fcber eine Zeitverz\u00f6gerungsfunktion. Dieses Bedienfeld kombiniert die Funktionen von zwei Joysticks in einem einfach zu bedienenden Knopf. Es ist wasserdicht mit einer IP67-Bewertung und kann mit 12\/24V Strom betrieben werden. Das Modell EZDOCK2 erm\u00f6glicht die gleichzeitige Bedienung sowohl der Bug- als auch der Heckpropeller \u00fcber den Knopf.<\/p>\n<p style=\"color: rgb(34, 34, 34); font-family: Arial, Helvetica, sans-serif; font-size: small;\"><strong>Dimensionen:<\/strong>&nbsp;85 x 138 mm<\/p>\n<p style=\"color: rgb(34, 34, 34); font-family: Arial, Helvetica, sans-serif; font-size: small;\"><strong>Technische Daten:<\/strong><\/p>\n<ul style=\"color: rgb(34, 34, 34); font-family: Arial, Helvetica, sans-serif; font-size: small;\">\n<li><strong>Spannung (V):<\/strong>&nbsp;12\/24<\/li>\n<li><strong>Funktion:<\/strong>&nbsp;Thruster-Steuerung<\/li>\n<li><strong>Bedienart:<\/strong>&nbsp;Tasten<\/li>\n<li><strong>Proportionale Steuerung:<\/strong>&nbsp;Nein<\/li>\n<li><strong>Zeitverz\u00f6gerung:<\/strong>&nbsp;Ja<\/li>\n<li><strong>V-CAN:<\/strong>&nbsp;Nein<\/li>\n<li><strong>Kindersicherheit:<\/strong>&nbsp;Ja<\/li>\n<li><strong>Material des Rahmens:<\/strong>&nbsp;Kunststoff<\/li>\n<li><strong>Ausschnittgr\u00f6\u00dfe (mm):<\/strong>&nbsp;130 x 75<\/li>\n<li><strong>Einbautiefe (mm):<\/strong>&nbsp;90<\/li>\n<li><strong>H\u00f6he (mm):<\/strong>&nbsp;85<\/li>\n<li><strong>Breite (mm):<\/strong>&nbsp;138<\/li>\n<\/ul>\n","protected":false},"excerpt":{"rendered":"<p>Panel Vetus EZDOCK2 &#8211; Das VETUS Easy Docking System, das f\u00fcr Thruster entwickelt wurde, verf\u00fcgt \u00fcber eine Zeitverz\u00f6gerungsfunktion. Dieses Bedienfeld<\/p>\n","protected":false},"featured_media":5937163,"comment_status":"open","ping_status":"closed","template":"","meta":[],"product_brand":[3520],"product_cat":[1322],"product_tag":[],"class_list":{"0":"post-733174","1":"product","2":"type-product","3":"status-publish","4":"has-post-thumbnail","6":"product_brand-vetus-de","7":"product_cat-bugstrahlruder-vetus","9":"first","10":"instock","11":"shipping-taxable","12":"purchasable","13":"product-type-simple"},"_links":{"self":[{"href":"https:\/\/stoic-curie.212-227-153-4.plesk.page\/de\/wp-json\/wp\/v2\/product\/733174","targetHints":{"allow":["GET"]}}],"collection":[{"href":"https:\/\/stoic-curie.212-227-153-4.plesk.page\/de\/wp-json\/wp\/v2\/product"}],"about":[{"href":"https:\/\/stoic-curie.212-227-153-4.plesk.page\/de\/wp-json\/wp\/v2\/types\/product"}],"replies":[{"embeddable":true,"href":"https:\/\/stoic-curie.212-227-153-4.plesk.page\/de\/wp-json\/wp\/v2\/comments?post=733174"}],"version-history":[{"count":0,"href":"https:\/\/stoic-curie.212-227-153-4.plesk.page\/de\/wp-json\/wp\/v2\/product\/733174\/revisions"}],"wp:featuredmedia":[{"embeddable":true,"href":"https:\/\/stoic-curie.212-227-153-4.plesk.page\/de\/wp-json\/wp\/v2\/media\/5937163"}],"wp:attachment":[{"href":"https:\/\/stoic-curie.212-227-153-4.plesk.page\/de\/wp-json\/wp\/v2\/media?parent=733174"}],"wp:term":[{"taxonomy":"product_brand","embeddable":true,"href":"https:\/\/stoic-curie.212-227-153-4.plesk.page\/de\/wp-json\/wp\/v2\/product_brand?post=733174"},{"taxonomy":"product_cat","embeddable":true,"href":"https:\/\/stoic-curie.212-227-153-4.plesk.page\/de\/wp-json\/wp\/v2\/product_cat?post=733174"},{"taxonomy":"product_tag","embeddable":true,"href":"https:\/\/stoic-curie.212-227-153-4.plesk.page\/de\/wp-json\/wp\/v2\/product_tag?post=733174"}],"curies":[{"name":"wp","href":"https:\/\/api.w.org\/{rel}","templated":true}]}}