{"id":733184,"date":"2025-03-03T16:18:21","date_gmt":"2025-03-03T15:18:21","guid":{"rendered":"https:\/\/stoic-curie.212-227-153-4.plesk.page\/producto\/marine-toilette-wc-tecma-compass-short-12v-mit-eco-bedienfeld\/"},"modified":"2026-02-24T23:34:41","modified_gmt":"2026-02-24T23:34:41","slug":"marine-toilette-wc-tecma-compass-short-12v-mit-eco-bedienfeld","status":"publish","type":"product","link":"https:\/\/stoic-curie.212-227-153-4.plesk.page\/de\/product\/marine-toilette-wc-tecma-compass-short-12v-mit-eco-bedienfeld\/","title":{"rendered":"Toilette Tecma Compass Kurz 12V (Eco-Panel)"},"content":{"rendered":"<p>Toilette Tecma Compass Kurz 12V (Eco-Panel) &#8211; <\/p>\n<p>Die Tecma Compass-Toilette mit Eco Panel 12V zeichnet sich durch ihre einzigartige und vielseitige Form aus, die nahtlos in jedes Rumpfdesign passt. Sie ist mit einem thermoset Sitz ausgestattet, der \u00fcber sanft schlie\u00dfende D\u00e4mpfer-Schaniere verf\u00fcgt, die Ger\u00e4usche reduzieren und Sch\u00e4den verhindern. Die hochwertige Zerkleinerungspumpe funktioniert mit minimalem Wasser-, Strom- und Ger\u00e4uschverbrauch. Die Installation ist einfach und schnell und erfordert keine regelm\u00e4\u00dfige Wartung.<\/p>\n<p>Sie haben die Wahl zwischen zwei Bedienfeldern:<\/p>\n<ul>\n<li><strong>Eco Panel<\/strong>: Ein System mit einem einzigen Knopf f\u00fcr sowohl das Bef\u00fcllen als auch das Sp\u00fclen.<\/li>\n<li><strong>All-in-One SFT Panel<\/strong>: Ein System mit zwei Kn\u00f6pfen, das die Smart Flush-Technologie beinhaltet, welche den Wasserverbrauch und die Ger\u00e4uschpegel effektiv reduziert.<\/li>\n<\/ul>\n<p>Dar\u00fcber hinaus ist diese Toilette mit einem \u00dcberwachungsindicator f\u00fcr den Schwarzwassertank und einer R\u00fcckfluss-Schutzvorrichtung ausgestattet.<\/p>\n<p>Das schlanke Design und die intelligente R\u00fcckseite der Compass-Toilette erm\u00f6glichen eine optimale Raumnutzung und Flexibilit\u00e4t, egal wo sie auf Ihrem Boot installiert wird. Sie kann direkt an einer Wand montiert oder aufgrund ihres ausgeschnittenen Designs n\u00e4her am Rumpf positioniert werden. Diese Funktion beseitigt die Einschr\u00e4nkungen, die durch eine vertikale R\u00fcckseite auferlegt werden, und sorgt so f\u00fcr eine optisch ansprechende Installation, unabh\u00e4ngig vom verf\u00fcgbaren Raum. Die kompakte Gr\u00f6\u00dfe und das Schlauchlayout machen die Installation unkompliziert, mit Entw\u00e4sserungsrohren, die unter der Stufe oder an der Oberfl\u00e4che in jede Richtung angeschlossen werden k\u00f6nnen. Die Compass-Serie bietet sowohl hohe als auch kurze Modelle, die maximale Anpassungsf\u00e4higkeit an Bord erm\u00f6glichen.<\/p>\n<p>Die Leistung der Zerkleinerungspumpe erf\u00fcllt alle Qualit\u00e4tsstandards, und die Technologie der Toilette wurde optimiert, um Ger\u00e4uschemissionen zu minimieren und gleichzeitig den Wasser- und Stromverbrauch niedrig zu halten. Installation, Sanit\u00e4r- und Elektroinstallation sind einfach und schnell, mit fast keinem Wartungsaufwand.<\/p>\n<p>Die Modelle Compass High und Short verf\u00fcgen \u00fcber ein innovatives Soft-Close-System. Eine sanfte Ber\u00fchrung auf dem Deckel aktiviert den D\u00e4mpfermechanismus, der die Schlie\u00dfgeschwindigkeit des Deckels steuert. Diese Funktion verbessert nicht nur den Komfort der Benutzer, sondern reduziert auch Ger\u00e4usche und verhindert potenzielle Sch\u00e4den am Toilettensitz.<\/p>\n<p>Der Soft-Close-D\u00e4mpfermechanismus ist ein einzigartiges Design von Tecma.<\/p>\n","protected":false},"excerpt":{"rendered":"<p>Toilette Tecma Compass Kurz 12V (Eco-Panel) &#8211; Die Tecma Compass-Toilette mit Eco Panel 12V zeichnet sich durch ihre einzigartige und<\/p>\n","protected":false},"featured_media":5937178,"comment_status":"open","ping_status":"closed","template":"","meta":[],"product_brand":[3470],"product_cat":[1388],"product_tag":[],"class_list":{"0":"post-733184","1":"product","2":"type-product","3":"status-publish","4":"has-post-thumbnail","6":"product_brand-tecma-de","7":"product_cat-marine-wcs","9":"first","10":"instock","11":"shipping-taxable","12":"purchasable","13":"product-type-simple"},"_links":{"self":[{"href":"https:\/\/stoic-curie.212-227-153-4.plesk.page\/de\/wp-json\/wp\/v2\/product\/733184","targetHints":{"allow":["GET"]}}],"collection":[{"href":"https:\/\/stoic-curie.212-227-153-4.plesk.page\/de\/wp-json\/wp\/v2\/product"}],"about":[{"href":"https:\/\/stoic-curie.212-227-153-4.plesk.page\/de\/wp-json\/wp\/v2\/types\/product"}],"replies":[{"embeddable":true,"href":"https:\/\/stoic-curie.212-227-153-4.plesk.page\/de\/wp-json\/wp\/v2\/comments?post=733184"}],"version-history":[{"count":0,"href":"https:\/\/stoic-curie.212-227-153-4.plesk.page\/de\/wp-json\/wp\/v2\/product\/733184\/revisions"}],"wp:featuredmedia":[{"embeddable":true,"href":"https:\/\/stoic-curie.212-227-153-4.plesk.page\/de\/wp-json\/wp\/v2\/media\/5937178"}],"wp:attachment":[{"href":"https:\/\/stoic-curie.212-227-153-4.plesk.page\/de\/wp-json\/wp\/v2\/media?parent=733184"}],"wp:term":[{"taxonomy":"product_brand","embeddable":true,"href":"https:\/\/stoic-curie.212-227-153-4.plesk.page\/de\/wp-json\/wp\/v2\/product_brand?post=733184"},{"taxonomy":"product_cat","embeddable":true,"href":"https:\/\/stoic-curie.212-227-153-4.plesk.page\/de\/wp-json\/wp\/v2\/product_cat?post=733184"},{"taxonomy":"product_tag","embeddable":true,"href":"https:\/\/stoic-curie.212-227-153-4.plesk.page\/de\/wp-json\/wp\/v2\/product_tag?post=733184"}],"curies":[{"name":"wp","href":"https:\/\/api.w.org\/{rel}","templated":true}]}}