{"id":733185,"date":"2025-03-03T16:18:22","date_gmt":"2025-03-03T15:18:22","guid":{"rendered":"https:\/\/stoic-curie.212-227-153-4.plesk.page\/producto\/marine-toilette-wc-tecma-compass-short-24v-mit-eco-bedienfeld\/"},"modified":"2026-02-24T23:34:41","modified_gmt":"2026-02-24T23:34:41","slug":"marine-toilette-wc-tecma-compass-short-24v-mit-eco-bedienfeld","status":"publish","type":"product","link":"https:\/\/stoic-curie.212-227-153-4.plesk.page\/de\/product\/marine-toilette-wc-tecma-compass-short-24v-mit-eco-bedienfeld\/","title":{"rendered":"Toilette Tecma Compass Kurz 24V (Eco-Panel)"},"content":{"rendered":"<p>Toilette Tecma Compass Kurz 24V (Eco-Panel) &#8211; <\/p>\n<p>Die Tecma Compass Toilette zeichnet sich durch eine markante und anpassungsf\u00e4hige Form aus, die sich nahtlos in jede Rumpfgestaltung integriert. Sie ist mit einem thermoh\u00e4rtenden Sitz ausgestattet, der \u00fcber sanft schlie\u00dfende D\u00e4mpfungsscharniere verf\u00fcgt, die dazu beitragen, L\u00e4rm zu minimieren und Sch\u00e4den zu vermeiden. Die hochwertige Zerkleinerungspumpe ist so konstruiert, dass sie mit minimalem Wasser, Strom und Ger\u00e4uschpegel arbeitet. Die Installation ist unkompliziert und schnell und erfordert nahezu keine regelm\u00e4\u00dfige Wartung.<\/p>\n<p>Sie haben die M\u00f6glichkeit, zwischen zwei Bedientafeln zu w\u00e4hlen:<\/p>\n<ul>\n<li><strong>Eco Panel<\/strong>: Ein Ein-Knopf-System, das sowohl das Bef\u00fcllen als auch das Sp\u00fclen steuert.<\/li>\n<li><strong>All-in-One SFT Panel<\/strong>: Ein Zwei-Knopf-System, das die Smart Flush-Technologie integriert, um den Wasserverbrauch und die Ger\u00e4uschpegel effektiv zu reduzieren.<\/li>\n<\/ul>\n<p>Dar\u00fcber hinaus verf\u00fcgt diese Toilette \u00fcber einen Indikator zur \u00dcberwachung des Schwarzwassertanks und eine R\u00fcckfluss-Schutzfunktion.<\/p>\n<p>Das schlanke Design und die intelligente R\u00fcckseite der Compass Toilette optimieren die Raumnutzung und Flexibilit\u00e4t, unabh\u00e4ngig davon, wo sie auf Ihrem Boot installiert ist. Sie kann direkt an eine Wand montiert oder n\u00e4her am Rumpf positioniert werden, dank ihres ausgeschnittenen Designs. Dieses Merkmal beseitigt Einschr\u00e4nkungen, die durch eine vertikale R\u00fcckseite auferlegt werden und sorgt f\u00fcr eine \u00e4sthetisch ansprechende Installation, egal wie der verf\u00fcgbare Platz aussieht. Die kompakten Abmessungen und die Schlauchkonfiguration erleichtern die Installation, wobei die Entsorgungsrohre unter der Stufe oder fl\u00e4chig in jede Richtung angeschlossen werden k\u00f6nnen. Die Compass-Serie bietet sowohl hohe als auch kurze Profile und erm\u00f6glicht maximale Anpassungsf\u00e4higkeit an Bord.<\/p>\n<p>Die Leistung der Zerkleinerungspumpe entspricht allen Qualit\u00e4tsstandards, und die Technologie der Toilette wurde verfeinert, um die Ger\u00e4uschentwicklung zu minimieren und gleichzeitig einen niedrigen Wasser- und Stromverbrauch aufrechtzuerhalten. Installation, Sanit\u00e4r- und Elektroinstallationen sind unkompliziert und schnell, mit nahezu keinem Wartungsaufwand.<\/p>\n<p>Sowohl die Modelle Compass High als auch Short verf\u00fcgen \u00fcber ein innovatives Soft-Close-System. Ein leichter Druck auf den Deckel aktiviert den sanft schlie\u00dfenden D\u00e4mpfermechanismus, der die Schlie\u00dfgeschwindigkeit des Deckels regelt. Diese Funktion erh\u00f6ht den Komfort f\u00fcr den Benutzer, w\u00e4hrend sie auch das Ger\u00e4usch reduziert und potenzielle Sch\u00e4den am Toilettensitz verhindert.<\/p>\n<p>Der sanft schlie\u00dfende D\u00e4mpfermechanismus ist ein einzigartiges Design von Tecma.<\/p>\n","protected":false},"excerpt":{"rendered":"<p>Toilette Tecma Compass Kurz 24V (Eco-Panel) &#8211; Die Tecma Compass Toilette zeichnet sich durch eine markante und anpassungsf\u00e4hige Form aus,<\/p>\n","protected":false},"featured_media":5937178,"comment_status":"open","ping_status":"closed","template":"","meta":[],"product_brand":[3470],"product_cat":[1388],"product_tag":[],"class_list":{"0":"post-733185","1":"product","2":"type-product","3":"status-publish","4":"has-post-thumbnail","6":"product_brand-tecma-de","7":"product_cat-marine-wcs","9":"first","10":"instock","11":"shipping-taxable","12":"purchasable","13":"product-type-simple"},"_links":{"self":[{"href":"https:\/\/stoic-curie.212-227-153-4.plesk.page\/de\/wp-json\/wp\/v2\/product\/733185","targetHints":{"allow":["GET"]}}],"collection":[{"href":"https:\/\/stoic-curie.212-227-153-4.plesk.page\/de\/wp-json\/wp\/v2\/product"}],"about":[{"href":"https:\/\/stoic-curie.212-227-153-4.plesk.page\/de\/wp-json\/wp\/v2\/types\/product"}],"replies":[{"embeddable":true,"href":"https:\/\/stoic-curie.212-227-153-4.plesk.page\/de\/wp-json\/wp\/v2\/comments?post=733185"}],"version-history":[{"count":0,"href":"https:\/\/stoic-curie.212-227-153-4.plesk.page\/de\/wp-json\/wp\/v2\/product\/733185\/revisions"}],"wp:featuredmedia":[{"embeddable":true,"href":"https:\/\/stoic-curie.212-227-153-4.plesk.page\/de\/wp-json\/wp\/v2\/media\/5937178"}],"wp:attachment":[{"href":"https:\/\/stoic-curie.212-227-153-4.plesk.page\/de\/wp-json\/wp\/v2\/media?parent=733185"}],"wp:term":[{"taxonomy":"product_brand","embeddable":true,"href":"https:\/\/stoic-curie.212-227-153-4.plesk.page\/de\/wp-json\/wp\/v2\/product_brand?post=733185"},{"taxonomy":"product_cat","embeddable":true,"href":"https:\/\/stoic-curie.212-227-153-4.plesk.page\/de\/wp-json\/wp\/v2\/product_cat?post=733185"},{"taxonomy":"product_tag","embeddable":true,"href":"https:\/\/stoic-curie.212-227-153-4.plesk.page\/de\/wp-json\/wp\/v2\/product_tag?post=733185"}],"curies":[{"name":"wp","href":"https:\/\/api.w.org\/{rel}","templated":true}]}}