{"id":733186,"date":"2025-03-03T16:18:22","date_gmt":"2025-03-03T15:18:22","guid":{"rendered":"https:\/\/stoic-curie.212-227-153-4.plesk.page\/producto\/wc-tecma-kompass-kurz-12v-mit-all-in-one-sft-panel\/"},"modified":"2026-02-24T23:34:41","modified_gmt":"2026-02-24T23:34:41","slug":"wc-tecma-kompass-kurz-12v-mit-all-in-one-sft-panel","status":"publish","type":"product","link":"https:\/\/stoic-curie.212-227-153-4.plesk.page\/de\/product\/wc-tecma-kompass-kurz-12v-mit-all-in-one-sft-panel\/","title":{"rendered":"Toilette Tecma Compass Short 12V (Panel All-in-One SFT)"},"content":{"rendered":"<p>Toilette Tecma Compass Short 12V (Panel All-in-One SFT) &#8211; <\/p>\n<p>Die Toilette Tecma Compass Short 12V mit All-in-One SFT Panel bietet eine einzigartige und vielseitige Form, die sich an jedes Rumpfdesign anpassen l\u00e4sst. Sie ist mit einem Thermoset-Sitz und sanft schlie\u00dfenden D\u00e4mpfungsscharnieren ausgestattet, die Ger\u00e4usche reduzieren und Sch\u00e4den verhindern. Die hochwertige Zerkleinerungspumpe ist so konzipiert, dass sie nur minimal Wasser, Strom und Ger\u00e4usche verbraucht. Der Einbau ist schnell und einfach und erfordert keine Wartung.<\/p>\n<p>Sie haben die Wahl zwischen zwei Bedienfeldern:<\/p>\n<ul>\n<li><strong>Eco Panel<\/strong>: Ein Ein-Tasten-Panel zum Bef\u00fcllen und Sp\u00fclen.<\/li>\n<li><strong>All-in-One SFT Panel<\/strong>: Ein Zweitasten-Panel mit Smart Flush-Technologie, das den Wasserverbrauch und die Ger\u00e4uschpegel reduziert.<\/li>\n<\/ul>\n<p>Diese Toilette ist au\u00dferdem mit einem schwarzen Wassertank\u00fcberwachungsindikator und einer R\u00fcckfluss-Schutzfunktion ausgestattet.<\/p>\n<p>Das schmale Design und die intelligente R\u00fcckseite der Compass-Toilette erm\u00f6glichen maximale Platznutzung und Flexibilit\u00e4t, egal wo sie auf Ihrem Boot installiert wird. Sie kann direkt an eine Wand oder sogar n\u00e4her am Rumpf montiert werden, dank des ausgeschnittenen Designs. Dies bedeutet, dass sie nicht durch eine vertikale R\u00fcckseite eingeschr\u00e4nkt ist, was eine \u00e4sthetisch ansprechende Installation unabh\u00e4ngig vom verf\u00fcgbaren Platz gew\u00e4hrleistet. Die kompakte Gr\u00f6\u00dfe und das Schlauchdesign erleichtern die Installation, und die Abflussrohre k\u00f6nnen unter der Stufe oder fl\u00e4chenb\u00fcndig in jede Richtung angeschlossen werden. Die Compass-Reihe bietet sowohl hohe als auch kurze Profile und damit maximale Flexibilit\u00e4t an Bord.<\/p>\n<p>Die Leistung der Zerkleinerungspumpe erf\u00fcllt alle Qualit\u00e4tsstandards, und die Technologie der Toilette wurde weiterentwickelt, um Ger\u00e4uschemissionen zu minimieren und den Wasser- und Stromverbrauch niedrig zu halten. Installation, Rohrverlegung und Verkabelung sind einfach und schnell, und es ist praktisch keine Wartung erforderlich.<\/p>\n<p>Sowohl die High- als auch die Short-Versionen der Compass Toiletten verf\u00fcgen \u00fcber ein innovatives Soft-Close-System. Ein sanfter Druck auf den Deckel aktiviert den Soft-Close-D\u00e4mpfermechanismus, der die Schlie\u00dfgeschwindigkeit des Deckels steuert. Dies verbessert nicht nur den Komfort f\u00fcr den Nutzer, sondern minimiert auch Ger\u00e4usche und verhindert potenzielle Sch\u00e4den am Toilettensitz.<\/p>\n<p>Der Soft-Close-D\u00e4mpfermechanismus ist ein einzigartiges Design von Tecma.<\/p>\n","protected":false},"excerpt":{"rendered":"<p>Toilette Tecma Compass Short 12V (Panel All-in-One SFT) &#8211; Die Toilette Tecma Compass Short 12V mit All-in-One SFT Panel bietet<\/p>\n","protected":false},"featured_media":5937178,"comment_status":"open","ping_status":"closed","template":"","meta":[],"product_brand":[3470],"product_cat":[1388],"product_tag":[],"class_list":{"0":"post-733186","1":"product","2":"type-product","3":"status-publish","4":"has-post-thumbnail","6":"product_brand-tecma-de","7":"product_cat-marine-wcs","9":"first","10":"instock","11":"shipping-taxable","12":"purchasable","13":"product-type-simple"},"_links":{"self":[{"href":"https:\/\/stoic-curie.212-227-153-4.plesk.page\/de\/wp-json\/wp\/v2\/product\/733186","targetHints":{"allow":["GET"]}}],"collection":[{"href":"https:\/\/stoic-curie.212-227-153-4.plesk.page\/de\/wp-json\/wp\/v2\/product"}],"about":[{"href":"https:\/\/stoic-curie.212-227-153-4.plesk.page\/de\/wp-json\/wp\/v2\/types\/product"}],"replies":[{"embeddable":true,"href":"https:\/\/stoic-curie.212-227-153-4.plesk.page\/de\/wp-json\/wp\/v2\/comments?post=733186"}],"version-history":[{"count":0,"href":"https:\/\/stoic-curie.212-227-153-4.plesk.page\/de\/wp-json\/wp\/v2\/product\/733186\/revisions"}],"wp:featuredmedia":[{"embeddable":true,"href":"https:\/\/stoic-curie.212-227-153-4.plesk.page\/de\/wp-json\/wp\/v2\/media\/5937178"}],"wp:attachment":[{"href":"https:\/\/stoic-curie.212-227-153-4.plesk.page\/de\/wp-json\/wp\/v2\/media?parent=733186"}],"wp:term":[{"taxonomy":"product_brand","embeddable":true,"href":"https:\/\/stoic-curie.212-227-153-4.plesk.page\/de\/wp-json\/wp\/v2\/product_brand?post=733186"},{"taxonomy":"product_cat","embeddable":true,"href":"https:\/\/stoic-curie.212-227-153-4.plesk.page\/de\/wp-json\/wp\/v2\/product_cat?post=733186"},{"taxonomy":"product_tag","embeddable":true,"href":"https:\/\/stoic-curie.212-227-153-4.plesk.page\/de\/wp-json\/wp\/v2\/product_tag?post=733186"}],"curies":[{"name":"wp","href":"https:\/\/api.w.org\/{rel}","templated":true}]}}