{"id":733187,"date":"2025-03-03T16:18:22","date_gmt":"2025-03-03T15:18:22","guid":{"rendered":"https:\/\/stoic-curie.212-227-153-4.plesk.page\/producto\/marine-wc-tecma-compass-short-24v-mit-panel-all-in-one-sft\/"},"modified":"2026-02-24T23:34:41","modified_gmt":"2026-02-24T23:34:41","slug":"marine-wc-tecma-compass-short-24v-mit-panel-all-in-one-sft","status":"publish","type":"product","link":"https:\/\/stoic-curie.212-227-153-4.plesk.page\/de\/product\/marine-wc-tecma-compass-short-24v-mit-panel-all-in-one-sft\/","title":{"rendered":"Toilette Tecma Compass Kurz 24V (All-in-One SFT Panel)"},"content":{"rendered":"<p>Toilette Tecma Compass Kurz 24V (All-in-One SFT Panel) &#8211; <\/p>\n<p>Die Tecma Compass Toilette mit Panel All-in-One SFT bietet eine einzigartige und anpassungsf\u00e4hige Form, die sich nahtlos in jedes Rumpfdesign einf\u00fcgt. Sie verf\u00fcgt \u00fcber einen thermoplastischen Sitz mit sanft schlie\u00dfenden D\u00e4mpfer-Scharnieren, die dazu dienen, Ger\u00e4usche zu minimieren und Besch\u00e4digungen zu vermeiden. Die hochwertige Zerkleinerungspumpe ist so konzipiert, dass sie mit minimalem Wasser, Strom und Ger\u00e4uschpegel arbeitet. Die Installation ist einfach und schnell und erfordert keine laufende Wartung.<\/p>\n<p>Sie haben die Wahl zwischen zwei Bedienfeldern:<\/p>\n<ul>\n<li><strong>Eco Panel<\/strong>: Eine Ein-Tasten-Oberfl\u00e4che f\u00fcr F\u00fcll- und Sp\u00fclvorg\u00e4nge.<\/li>\n<li><strong>All-in-One SFT Panel<\/strong>: Eine Zwei-Tasten-Oberfl\u00e4che, die die Smart Flush-Technologie integriert, um den Wasserverbrauch und Ger\u00e4uschpegel effektiv zu reduzieren.<\/li>\n<\/ul>\n<p>Zus\u00e4tzlich ist diese Toilette mit einem \u00dcberwachungsindikator f\u00fcr den schwarzen Wassertank und einer R\u00fcckfluss-Schutzfunktion ausgestattet.<\/p>\n<p>Das schlanke Design und der intelligente R\u00fcckbereich der Compass Toilette erm\u00f6glichen eine optimale Raumnutzung und Flexibilit\u00e4t, unabh\u00e4ngig davon, wo sie auf Ihrem Schiff installiert wird. Sie kann direkt an einer Wand montiert oder aufgrund ihres speziellen Designs n\u00e4her am Rumpf platziert werden. Diese Funktion beseitigt Einschr\u00e4nkungen, die durch einen vertikalen R\u00fccken entstehen, und sorgt f\u00fcr eine \u00e4sthetisch ansprechende Installation, egal wie viel Platz zur Verf\u00fcgung steht. Die kompakten Abmessungen und die Schlauchkonfiguration erleichtern die Installation, wobei die Ablassrohre unter der Stufe oder an der Oberfl\u00e4che in jede Richtung angeschlossen werden k\u00f6nnen. Die Compass-Serie bietet sowohl hohe als auch kurze Profile, um maximale Anpassungsf\u00e4higkeit an Bord zu gew\u00e4hrleisten.<\/p>\n<p>Die Leistung der Zerkleinerungspumpe entspricht allen Qualit\u00e4tsstandards, und die Technologie der Toilette wurde optimiert, um Ger\u00e4uschemissionen zu minimieren und gleichzeitig einen geringen Wasser- und Stromverbrauch aufrechtzuerhalten. Installation, Sanit\u00e4r- und Elektroarbeiten sind einfach und schnell und erfordern praktisch keine Wartung.<\/p>\n<p>Sowohl das Compass High- als auch das Short-Modell verf\u00fcgen \u00fcber ein innovatives sanft schlie\u00dfendem System. Ein leichter Druck auf den Deckel aktiviert den sanften Schlie\u00dfmechanismus, der die Geschwindigkeit des Schlie\u00dfens reguliert. Diese Funktion verbessert nicht nur den Benutzerkomfort, sondern reduziert auch Ger\u00e4usche und verhindert potenzielle Sch\u00e4den am Toilettensitz.<\/p>\n<p>Der sanfte Schlie\u00dfmechanismus ist ein charakteristisches Design von Tecma.<\/p>\n","protected":false},"excerpt":{"rendered":"<p>Toilette Tecma Compass Kurz 24V (All-in-One SFT Panel) &#8211; Die Tecma Compass Toilette mit Panel All-in-One SFT bietet eine einzigartige<\/p>\n","protected":false},"featured_media":5937178,"comment_status":"open","ping_status":"closed","template":"","meta":[],"product_brand":[3470],"product_cat":[1388],"product_tag":[],"class_list":{"0":"post-733187","1":"product","2":"type-product","3":"status-publish","4":"has-post-thumbnail","6":"product_brand-tecma-de","7":"product_cat-marine-wcs","9":"first","10":"instock","11":"shipping-taxable","12":"purchasable","13":"product-type-simple"},"_links":{"self":[{"href":"https:\/\/stoic-curie.212-227-153-4.plesk.page\/de\/wp-json\/wp\/v2\/product\/733187","targetHints":{"allow":["GET"]}}],"collection":[{"href":"https:\/\/stoic-curie.212-227-153-4.plesk.page\/de\/wp-json\/wp\/v2\/product"}],"about":[{"href":"https:\/\/stoic-curie.212-227-153-4.plesk.page\/de\/wp-json\/wp\/v2\/types\/product"}],"replies":[{"embeddable":true,"href":"https:\/\/stoic-curie.212-227-153-4.plesk.page\/de\/wp-json\/wp\/v2\/comments?post=733187"}],"version-history":[{"count":0,"href":"https:\/\/stoic-curie.212-227-153-4.plesk.page\/de\/wp-json\/wp\/v2\/product\/733187\/revisions"}],"wp:featuredmedia":[{"embeddable":true,"href":"https:\/\/stoic-curie.212-227-153-4.plesk.page\/de\/wp-json\/wp\/v2\/media\/5937178"}],"wp:attachment":[{"href":"https:\/\/stoic-curie.212-227-153-4.plesk.page\/de\/wp-json\/wp\/v2\/media?parent=733187"}],"wp:term":[{"taxonomy":"product_brand","embeddable":true,"href":"https:\/\/stoic-curie.212-227-153-4.plesk.page\/de\/wp-json\/wp\/v2\/product_brand?post=733187"},{"taxonomy":"product_cat","embeddable":true,"href":"https:\/\/stoic-curie.212-227-153-4.plesk.page\/de\/wp-json\/wp\/v2\/product_cat?post=733187"},{"taxonomy":"product_tag","embeddable":true,"href":"https:\/\/stoic-curie.212-227-153-4.plesk.page\/de\/wp-json\/wp\/v2\/product_tag?post=733187"}],"curies":[{"name":"wp","href":"https:\/\/api.w.org\/{rel}","templated":true}]}}