{"id":733190,"date":"2025-03-03T16:18:23","date_gmt":"2025-03-03T15:18:23","guid":{"rendered":"https:\/\/stoic-curie.212-227-153-4.plesk.page\/producto\/klappstuhl-blau-forma-marathon-m100p-82x47cm-h42cm\/"},"modified":"2026-02-24T23:34:41","modified_gmt":"2026-02-24T23:34:41","slug":"klappstuhl-blau-forma-marathon-m100p-82x47cm-h42cm","status":"publish","type":"product","link":"https:\/\/stoic-curie.212-227-153-4.plesk.page\/de\/product\/klappstuhl-blau-forma-marathon-m100p-82x47cm-h42cm\/","title":{"rendered":"Klappstuhl Blau Forma Marathon M100P 82x47cm H42cm"},"content":{"rendered":"<p>Klappstuhl Blau Forma Marathon M100P 82x47cm H42cm &#8211; <\/p>\n<p>Eleganter und praktischer Marathon M100P Klappstuhl von Forma. Perfekt verarbeitet, stabile Rahmen aus anodisiertem Aluminium mit rutschfesten Eins\u00e4tzen. Textilene 650gr\/m2 von \u00fcberlegener Qualit\u00e4t, marinef\u00e4higes Canvas. Zuverl\u00e4ssige, robuste, UV-best\u00e4ndige Armlehnen aus Kunststoff. Komponenten aus rostfreiem Stahl.<\/p>\n","protected":false},"excerpt":{"rendered":"<p>Klappstuhl Blau Forma Marathon M100P 82x47cm H42cm &#8211; Eleganter und praktischer Marathon M100P Klappstuhl von Forma. Perfekt verarbeitet, stabile Rahmen<\/p>\n","protected":false},"featured_media":5937206,"comment_status":"open","ping_status":"closed","template":"","meta":[],"product_brand":[2950],"product_cat":[1355],"product_tag":[],"class_list":{"0":"post-733190","1":"product","2":"type-product","3":"status-publish","4":"has-post-thumbnail","6":"product_brand-forma-de","7":"product_cat-stuehle-und-tische","9":"first","10":"instock","11":"shipping-taxable","12":"purchasable","13":"product-type-simple"},"_links":{"self":[{"href":"https:\/\/stoic-curie.212-227-153-4.plesk.page\/de\/wp-json\/wp\/v2\/product\/733190","targetHints":{"allow":["GET"]}}],"collection":[{"href":"https:\/\/stoic-curie.212-227-153-4.plesk.page\/de\/wp-json\/wp\/v2\/product"}],"about":[{"href":"https:\/\/stoic-curie.212-227-153-4.plesk.page\/de\/wp-json\/wp\/v2\/types\/product"}],"replies":[{"embeddable":true,"href":"https:\/\/stoic-curie.212-227-153-4.plesk.page\/de\/wp-json\/wp\/v2\/comments?post=733190"}],"version-history":[{"count":0,"href":"https:\/\/stoic-curie.212-227-153-4.plesk.page\/de\/wp-json\/wp\/v2\/product\/733190\/revisions"}],"wp:featuredmedia":[{"embeddable":true,"href":"https:\/\/stoic-curie.212-227-153-4.plesk.page\/de\/wp-json\/wp\/v2\/media\/5937206"}],"wp:attachment":[{"href":"https:\/\/stoic-curie.212-227-153-4.plesk.page\/de\/wp-json\/wp\/v2\/media?parent=733190"}],"wp:term":[{"taxonomy":"product_brand","embeddable":true,"href":"https:\/\/stoic-curie.212-227-153-4.plesk.page\/de\/wp-json\/wp\/v2\/product_brand?post=733190"},{"taxonomy":"product_cat","embeddable":true,"href":"https:\/\/stoic-curie.212-227-153-4.plesk.page\/de\/wp-json\/wp\/v2\/product_cat?post=733190"},{"taxonomy":"product_tag","embeddable":true,"href":"https:\/\/stoic-curie.212-227-153-4.plesk.page\/de\/wp-json\/wp\/v2\/product_tag?post=733190"}],"curies":[{"name":"wp","href":"https:\/\/api.w.org\/{rel}","templated":true}]}}