{"id":733191,"date":"2025-03-03T16:18:23","date_gmt":"2025-03-03T15:18:23","guid":{"rendered":"https:\/\/stoic-curie.212-227-153-4.plesk.page\/producto\/klappstuhl-weiss-forma-marathon-m100p-82x47cm-h42cm\/"},"modified":"2026-02-24T23:34:41","modified_gmt":"2026-02-24T23:34:41","slug":"klappstuhl-weiss-forma-marathon-m100p-82x47cm-h42cm","status":"publish","type":"product","link":"https:\/\/stoic-curie.212-227-153-4.plesk.page\/de\/product\/klappstuhl-weiss-forma-marathon-m100p-82x47cm-h42cm\/","title":{"rendered":"Klappstuhl Wei\u00df Forma Marathon M100P 82x47cm H42cm"},"content":{"rendered":"<p>Klappstuhl Wei\u00df Forma Marathon M100P 82x47cm H42cm &#8211; <\/p>\n<p>Eleganter und handlicher Marathon M100P Klappstuhl von Forma. Perfekt ausgef\u00fchrter, stabiler anodisierter Aluminiumrahmen mit rutschfesten Eins\u00e4tzen. Textilene 650gr\/m2 in hochwertiger, maritimer Qualit\u00e4t. Zuverl\u00e4ssige, robuste Kunststoffarmlehnen, UV-best\u00e4ndig. Edelstahlbeschl\u00e4ge.<\/p>\n","protected":false},"excerpt":{"rendered":"<p>Klappstuhl Wei\u00df Forma Marathon M100P 82x47cm H42cm &#8211; Eleganter und handlicher Marathon M100P Klappstuhl von Forma. Perfekt ausgef\u00fchrter, stabiler anodisierter<\/p>\n","protected":false},"featured_media":5937206,"comment_status":"open","ping_status":"closed","template":"","meta":[],"product_brand":[2950],"product_cat":[1355],"product_tag":[],"class_list":{"0":"post-733191","1":"product","2":"type-product","3":"status-publish","4":"has-post-thumbnail","6":"product_brand-forma-de","7":"product_cat-stuehle-und-tische","9":"first","10":"instock","11":"shipping-taxable","12":"purchasable","13":"product-type-simple"},"_links":{"self":[{"href":"https:\/\/stoic-curie.212-227-153-4.plesk.page\/de\/wp-json\/wp\/v2\/product\/733191","targetHints":{"allow":["GET"]}}],"collection":[{"href":"https:\/\/stoic-curie.212-227-153-4.plesk.page\/de\/wp-json\/wp\/v2\/product"}],"about":[{"href":"https:\/\/stoic-curie.212-227-153-4.plesk.page\/de\/wp-json\/wp\/v2\/types\/product"}],"replies":[{"embeddable":true,"href":"https:\/\/stoic-curie.212-227-153-4.plesk.page\/de\/wp-json\/wp\/v2\/comments?post=733191"}],"version-history":[{"count":0,"href":"https:\/\/stoic-curie.212-227-153-4.plesk.page\/de\/wp-json\/wp\/v2\/product\/733191\/revisions"}],"wp:featuredmedia":[{"embeddable":true,"href":"https:\/\/stoic-curie.212-227-153-4.plesk.page\/de\/wp-json\/wp\/v2\/media\/5937206"}],"wp:attachment":[{"href":"https:\/\/stoic-curie.212-227-153-4.plesk.page\/de\/wp-json\/wp\/v2\/media?parent=733191"}],"wp:term":[{"taxonomy":"product_brand","embeddable":true,"href":"https:\/\/stoic-curie.212-227-153-4.plesk.page\/de\/wp-json\/wp\/v2\/product_brand?post=733191"},{"taxonomy":"product_cat","embeddable":true,"href":"https:\/\/stoic-curie.212-227-153-4.plesk.page\/de\/wp-json\/wp\/v2\/product_cat?post=733191"},{"taxonomy":"product_tag","embeddable":true,"href":"https:\/\/stoic-curie.212-227-153-4.plesk.page\/de\/wp-json\/wp\/v2\/product_tag?post=733191"}],"curies":[{"name":"wp","href":"https:\/\/api.w.org\/{rel}","templated":true}]}}