{"id":733200,"date":"2025-03-03T16:18:24","date_gmt":"2025-03-03T15:18:24","guid":{"rendered":"https:\/\/stoic-curie.212-227-153-4.plesk.page\/producto\/auspuffschalldaempfer-vetus-nlp-fuer-75-mm-schlauch\/"},"modified":"2026-02-24T23:34:41","modified_gmt":"2026-02-24T23:34:41","slug":"auspuffschalldaempfer-vetus-nlp-fuer-75-mm-schlauch","status":"publish","type":"product","link":"https:\/\/stoic-curie.212-227-153-4.plesk.page\/de\/product\/auspuffschalldaempfer-vetus-nlp-fuer-75-mm-schlauch\/","title":{"rendered":"Auspuffschalld\u00e4mpfer Vetus NLP f\u00fcr 75 mm Schlauch"},"content":{"rendered":"<p>Auspuffschalld\u00e4mpfer Vetus NLP f\u00fcr 75 mm Schlauch &#8211; <\/p>\n<p>Verst\u00e4rkter Kunststoff-Wasserabfluss mit drehbaren Anschl\u00fcssen. Kompakt, kann an engen Stellen montiert werden. Soll an wassergek\u00fchlten Abgasanlagen installiert werden. Kapazit\u00e4t: H 254 mm Schalld\u00e4mpfer = 4,5 L. H 362 mm Schalld\u00e4mpfer = 10 L.<\/p>\n","protected":false},"excerpt":{"rendered":"<p>Auspuffschalld\u00e4mpfer Vetus NLP f\u00fcr 75 mm Schlauch &#8211; Verst\u00e4rkter Kunststoff-Wasserabfluss mit drehbaren Anschl\u00fcssen. Kompakt, kann an engen Stellen montiert werden.<\/p>\n","protected":false},"featured_media":5936278,"comment_status":"open","ping_status":"closed","template":"","meta":[],"product_brand":[3520],"product_cat":[1507],"product_tag":[],"class_list":{"0":"post-733200","1":"product","2":"type-product","3":"status-publish","4":"has-post-thumbnail","6":"product_brand-vetus-de","7":"product_cat-abgas-wasserperren-und-schalldaempfer","9":"first","10":"instock","11":"shipping-taxable","12":"purchasable","13":"product-type-simple"},"_links":{"self":[{"href":"https:\/\/stoic-curie.212-227-153-4.plesk.page\/de\/wp-json\/wp\/v2\/product\/733200","targetHints":{"allow":["GET"]}}],"collection":[{"href":"https:\/\/stoic-curie.212-227-153-4.plesk.page\/de\/wp-json\/wp\/v2\/product"}],"about":[{"href":"https:\/\/stoic-curie.212-227-153-4.plesk.page\/de\/wp-json\/wp\/v2\/types\/product"}],"replies":[{"embeddable":true,"href":"https:\/\/stoic-curie.212-227-153-4.plesk.page\/de\/wp-json\/wp\/v2\/comments?post=733200"}],"version-history":[{"count":0,"href":"https:\/\/stoic-curie.212-227-153-4.plesk.page\/de\/wp-json\/wp\/v2\/product\/733200\/revisions"}],"wp:featuredmedia":[{"embeddable":true,"href":"https:\/\/stoic-curie.212-227-153-4.plesk.page\/de\/wp-json\/wp\/v2\/media\/5936278"}],"wp:attachment":[{"href":"https:\/\/stoic-curie.212-227-153-4.plesk.page\/de\/wp-json\/wp\/v2\/media?parent=733200"}],"wp:term":[{"taxonomy":"product_brand","embeddable":true,"href":"https:\/\/stoic-curie.212-227-153-4.plesk.page\/de\/wp-json\/wp\/v2\/product_brand?post=733200"},{"taxonomy":"product_cat","embeddable":true,"href":"https:\/\/stoic-curie.212-227-153-4.plesk.page\/de\/wp-json\/wp\/v2\/product_cat?post=733200"},{"taxonomy":"product_tag","embeddable":true,"href":"https:\/\/stoic-curie.212-227-153-4.plesk.page\/de\/wp-json\/wp\/v2\/product_tag?post=733200"}],"curies":[{"name":"wp","href":"https:\/\/api.w.org\/{rel}","templated":true}]}}