{"id":733204,"date":"2025-03-03T16:18:25","date_gmt":"2025-03-03T15:18:25","guid":{"rendered":"https:\/\/stoic-curie.212-227-153-4.plesk.page\/producto\/funkfern-suchscheinwerfer-marinco-beamer-600-weiss-12-24v\/"},"modified":"2026-02-24T23:34:41","modified_gmt":"2026-02-24T23:34:41","slug":"funkfern-suchscheinwerfer-marinco-beamer-600-weiss-12-24v","status":"publish","type":"product","link":"https:\/\/stoic-curie.212-227-153-4.plesk.page\/de\/product\/funkfern-suchscheinwerfer-marinco-beamer-600-weiss-12-24v\/","title":{"rendered":"Funkfern-Suchscheinwerfer Marinco Beamer 600 Wei\u00df 12-24V"},"content":{"rendered":"<p>Funkfern-Suchscheinwerfer Marinco Beamer 600 Wei\u00df 12-24V &#8211; <\/p>\n<p>Der Marinco Beamer 600 ist ein drahtlos ferngesteuertes Suchscheinwerfer mit 360\u00b0 Rotation und 120\u00b0 Neigung. Er verf\u00fcgt \u00fcber einen tiefen und gleichm\u00e4\u00dfigen Lichtstrahl mit einer 100W Halogenbirne, die mit 1x12V und 1x24V austauschbaren Gl\u00fchbirnen f\u00fcr doppelten Gebrauch geliefert wird. Das UV-best\u00e4ndige Tecnopolymer-Geh\u00e4use ist IP56 gesch\u00fctzt. Der Lieferumfang umfasst ein Funkfernbedienungspanel mit einer Reichweite von bis zu 65 m und Abmessungen von 55x57x19. Die Abmessungen des Suchscheinwerfers betragen: 190 x 190 x H235 mm, der Durchmesser der Basis betr\u00e4gt 145 mm mit einem Decklochdurchmesser von 110 mm.<\/p>\n","protected":false},"excerpt":{"rendered":"<p>Funkfern-Suchscheinwerfer Marinco Beamer 600 Wei\u00df 12-24V &#8211; Der Marinco Beamer 600 ist ein drahtlos ferngesteuertes Suchscheinwerfer mit 360\u00b0 Rotation und<\/p>\n","protected":false},"featured_media":5937246,"comment_status":"open","ping_status":"closed","template":"","meta":[],"product_brand":[3105],"product_cat":[1447],"product_tag":[],"class_list":{"0":"post-733204","1":"product","2":"type-product","3":"status-publish","4":"has-post-thumbnail","6":"product_brand-marinco-de","7":"product_cat-suchscheinwerfer-und-spotlights","9":"first","10":"instock","11":"shipping-taxable","12":"purchasable","13":"product-type-simple"},"_links":{"self":[{"href":"https:\/\/stoic-curie.212-227-153-4.plesk.page\/de\/wp-json\/wp\/v2\/product\/733204","targetHints":{"allow":["GET"]}}],"collection":[{"href":"https:\/\/stoic-curie.212-227-153-4.plesk.page\/de\/wp-json\/wp\/v2\/product"}],"about":[{"href":"https:\/\/stoic-curie.212-227-153-4.plesk.page\/de\/wp-json\/wp\/v2\/types\/product"}],"replies":[{"embeddable":true,"href":"https:\/\/stoic-curie.212-227-153-4.plesk.page\/de\/wp-json\/wp\/v2\/comments?post=733204"}],"version-history":[{"count":0,"href":"https:\/\/stoic-curie.212-227-153-4.plesk.page\/de\/wp-json\/wp\/v2\/product\/733204\/revisions"}],"wp:featuredmedia":[{"embeddable":true,"href":"https:\/\/stoic-curie.212-227-153-4.plesk.page\/de\/wp-json\/wp\/v2\/media\/5937246"}],"wp:attachment":[{"href":"https:\/\/stoic-curie.212-227-153-4.plesk.page\/de\/wp-json\/wp\/v2\/media?parent=733204"}],"wp:term":[{"taxonomy":"product_brand","embeddable":true,"href":"https:\/\/stoic-curie.212-227-153-4.plesk.page\/de\/wp-json\/wp\/v2\/product_brand?post=733204"},{"taxonomy":"product_cat","embeddable":true,"href":"https:\/\/stoic-curie.212-227-153-4.plesk.page\/de\/wp-json\/wp\/v2\/product_cat?post=733204"},{"taxonomy":"product_tag","embeddable":true,"href":"https:\/\/stoic-curie.212-227-153-4.plesk.page\/de\/wp-json\/wp\/v2\/product_tag?post=733204"}],"curies":[{"name":"wp","href":"https:\/\/api.w.org\/{rel}","templated":true}]}}