{"id":733208,"date":"2025-03-03T16:18:26","date_gmt":"2025-03-03T15:18:26","guid":{"rendered":"https:\/\/stoic-curie.212-227-153-4.plesk.page\/producto\/sika-remover-208-1-liter\/"},"modified":"2026-02-24T23:34:41","modified_gmt":"2026-02-24T23:34:41","slug":"sika-remover-208-1-liter","status":"publish","type":"product","link":"https:\/\/stoic-curie.212-227-153-4.plesk.page\/de\/product\/sika-remover-208-1-liter\/","title":{"rendered":"Sika Remover 208 1 Liter"},"content":{"rendered":"<p>Sika Remover 208 1 Liter &#8211; <\/p>\n<p>Sika Remover 208 wird verwendet, um R\u00fcckst\u00e4nde anderer Sikaflex-Produkte zu entfernen und lackierte Oberfl\u00e4chen zu reinigen. Er eignet sich auch zur Reinigung von Untergr\u00fcnden vor dem Verkleben und Abdichten.<\/p>\n","protected":false},"excerpt":{"rendered":"<p>Sika Remover 208 1 Liter &#8211; Sika Remover 208 wird verwendet, um R\u00fcckst\u00e4nde anderer Sikaflex-Produkte zu entfernen und lackierte Oberfl\u00e4chen<\/p>\n","protected":false},"featured_media":5937251,"comment_status":"open","ping_status":"closed","template":"","meta":[],"product_brand":[3395],"product_cat":[1350],"product_tag":[],"class_list":{"0":"post-733208","1":"product","2":"type-product","3":"status-publish","4":"has-post-thumbnail","6":"product_brand-sika-marine-de","7":"product_cat-klebstoffe-und-dichtungsmassen","9":"first","10":"instock","11":"shipping-taxable","12":"purchasable","13":"product-type-simple"},"_links":{"self":[{"href":"https:\/\/stoic-curie.212-227-153-4.plesk.page\/de\/wp-json\/wp\/v2\/product\/733208","targetHints":{"allow":["GET"]}}],"collection":[{"href":"https:\/\/stoic-curie.212-227-153-4.plesk.page\/de\/wp-json\/wp\/v2\/product"}],"about":[{"href":"https:\/\/stoic-curie.212-227-153-4.plesk.page\/de\/wp-json\/wp\/v2\/types\/product"}],"replies":[{"embeddable":true,"href":"https:\/\/stoic-curie.212-227-153-4.plesk.page\/de\/wp-json\/wp\/v2\/comments?post=733208"}],"version-history":[{"count":0,"href":"https:\/\/stoic-curie.212-227-153-4.plesk.page\/de\/wp-json\/wp\/v2\/product\/733208\/revisions"}],"wp:featuredmedia":[{"embeddable":true,"href":"https:\/\/stoic-curie.212-227-153-4.plesk.page\/de\/wp-json\/wp\/v2\/media\/5937251"}],"wp:attachment":[{"href":"https:\/\/stoic-curie.212-227-153-4.plesk.page\/de\/wp-json\/wp\/v2\/media?parent=733208"}],"wp:term":[{"taxonomy":"product_brand","embeddable":true,"href":"https:\/\/stoic-curie.212-227-153-4.plesk.page\/de\/wp-json\/wp\/v2\/product_brand?post=733208"},{"taxonomy":"product_cat","embeddable":true,"href":"https:\/\/stoic-curie.212-227-153-4.plesk.page\/de\/wp-json\/wp\/v2\/product_cat?post=733208"},{"taxonomy":"product_tag","embeddable":true,"href":"https:\/\/stoic-curie.212-227-153-4.plesk.page\/de\/wp-json\/wp\/v2\/product_tag?post=733208"}],"curies":[{"name":"wp","href":"https:\/\/api.w.org\/{rel}","templated":true}]}}