{"id":733225,"date":"2025-03-03T16:18:29","date_gmt":"2025-03-03T15:18:29","guid":{"rendered":"https:\/\/stoic-curie.212-227-153-4.plesk.page\/producto\/vetus-bc12051-5a-nautisches-batterieladegeraet\/"},"modified":"2026-02-24T23:34:41","modified_gmt":"2026-02-24T23:34:41","slug":"vetus-bc12051-5a-nautisches-batterieladegeraet","status":"publish","type":"product","link":"https:\/\/stoic-curie.212-227-153-4.plesk.page\/de\/product\/vetus-bc12051-5a-nautisches-batterieladegeraet\/","title":{"rendered":"Vetus BC12051 5A Nautisches Batterieladeger\u00e4t"},"content":{"rendered":"<p>Vetus BC12051 5A Nautisches Batterieladeger\u00e4t &#8211; <\/p>\n<p>Der Vetus Batterieladeger\u00e4t\/Wartungsger\u00e4t ist geeignet f\u00fcr alle 12V Bleis\u00e4urebatterien bis zu 120Ah. Mit IP65-Schutz, 1,8 Meter Kabel f\u00fcr die 220V Stromversorgung und 1,8 Meter Kabel mit Klemmen f\u00fcr die Batterieverbindung. Es regeneriert, l\u00e4dt und wartet die Batterie in f\u00fcnf Schritten:<br \/>&#8211; Desulfatierung: regeneriert eine entladene Batterie<br \/>&#8211; Boost: l\u00e4dt die Batterie bis zu 75% Kapazit\u00e4t<br \/>&#8211; Ausgleichung: l\u00e4dt die Batterie entsprechend dem Ladezustand<br \/>&#8211; Nachladung: l\u00e4dt die Batterie vollst\u00e4ndig auf, ohne sie zu \u00fcberladen<br \/>&#8211; Erhaltung: h\u00e4lt die Batterie geladen<\/p>\n","protected":false},"excerpt":{"rendered":"<p>Vetus BC12051 5A Nautisches Batterieladeger\u00e4t &#8211; Der Vetus Batterieladeger\u00e4t\/Wartungsger\u00e4t ist geeignet f\u00fcr alle 12V Bleis\u00e4urebatterien bis zu 120Ah. Mit IP65-Schutz,<\/p>\n","protected":false},"featured_media":5937267,"comment_status":"open","ping_status":"closed","template":"","meta":[],"product_brand":[3520],"product_cat":[1450],"product_tag":[],"class_list":{"0":"post-733225","1":"product","2":"type-product","3":"status-publish","4":"has-post-thumbnail","6":"product_brand-vetus-de","7":"product_cat-batterieladegeraete","9":"first","10":"instock","11":"shipping-taxable","12":"purchasable","13":"product-type-simple"},"_links":{"self":[{"href":"https:\/\/stoic-curie.212-227-153-4.plesk.page\/de\/wp-json\/wp\/v2\/product\/733225","targetHints":{"allow":["GET"]}}],"collection":[{"href":"https:\/\/stoic-curie.212-227-153-4.plesk.page\/de\/wp-json\/wp\/v2\/product"}],"about":[{"href":"https:\/\/stoic-curie.212-227-153-4.plesk.page\/de\/wp-json\/wp\/v2\/types\/product"}],"replies":[{"embeddable":true,"href":"https:\/\/stoic-curie.212-227-153-4.plesk.page\/de\/wp-json\/wp\/v2\/comments?post=733225"}],"version-history":[{"count":0,"href":"https:\/\/stoic-curie.212-227-153-4.plesk.page\/de\/wp-json\/wp\/v2\/product\/733225\/revisions"}],"wp:featuredmedia":[{"embeddable":true,"href":"https:\/\/stoic-curie.212-227-153-4.plesk.page\/de\/wp-json\/wp\/v2\/media\/5937267"}],"wp:attachment":[{"href":"https:\/\/stoic-curie.212-227-153-4.plesk.page\/de\/wp-json\/wp\/v2\/media?parent=733225"}],"wp:term":[{"taxonomy":"product_brand","embeddable":true,"href":"https:\/\/stoic-curie.212-227-153-4.plesk.page\/de\/wp-json\/wp\/v2\/product_brand?post=733225"},{"taxonomy":"product_cat","embeddable":true,"href":"https:\/\/stoic-curie.212-227-153-4.plesk.page\/de\/wp-json\/wp\/v2\/product_cat?post=733225"},{"taxonomy":"product_tag","embeddable":true,"href":"https:\/\/stoic-curie.212-227-153-4.plesk.page\/de\/wp-json\/wp\/v2\/product_tag?post=733225"}],"curies":[{"name":"wp","href":"https:\/\/api.w.org\/{rel}","templated":true}]}}