{"id":733231,"date":"2025-03-03T16:18:31","date_gmt":"2025-03-03T15:18:31","guid":{"rendered":"https:\/\/stoic-curie.212-227-153-4.plesk.page\/producto\/motorstossdaempfer-marine-motorhalterungen-vetus-k75-55sh\/"},"modified":"2026-02-24T23:34:41","modified_gmt":"2026-02-24T23:34:41","slug":"motorstossdaempfer-marine-motorhalterungen-vetus-k75-55sh","status":"publish","type":"product","link":"https:\/\/stoic-curie.212-227-153-4.plesk.page\/de\/product\/motorstossdaempfer-marine-motorhalterungen-vetus-k75-55sh\/","title":{"rendered":"Motorsto\u00dfd\u00e4mpfer-Marine Motorhalterungen Vetus K75 55SH"},"content":{"rendered":"<p>Motorsto\u00dfd\u00e4mpfer-Marine Motorhalterungen Vetus K75 55SH &#8211; <\/p>\n<p>Vetus HY Motorlager f\u00fcr kleine und mittelgro\u00dfe Dieselmotoren. 100 mm L\u00e4nge M16 Gewindestange. (SH = Shore)<\/p>\n","protected":false},"excerpt":{"rendered":"<p>Motorsto\u00dfd\u00e4mpfer-Marine Motorhalterungen Vetus K75 55SH &#8211; Vetus HY Motorlager f\u00fcr kleine und mittelgro\u00dfe Dieselmotoren. 100 mm L\u00e4nge M16 Gewindestange. (SH<\/p>\n","protected":false},"featured_media":5937269,"comment_status":"open","ping_status":"closed","template":"","meta":[],"product_brand":[3520],"product_cat":[1537],"product_tag":[],"class_list":{"0":"post-733231","1":"product","2":"type-product","3":"status-publish","4":"has-post-thumbnail","6":"product_brand-vetus-de","7":"product_cat-motorhalterungen","9":"first","10":"instock","11":"shipping-taxable","12":"purchasable","13":"product-type-simple"},"_links":{"self":[{"href":"https:\/\/stoic-curie.212-227-153-4.plesk.page\/de\/wp-json\/wp\/v2\/product\/733231","targetHints":{"allow":["GET"]}}],"collection":[{"href":"https:\/\/stoic-curie.212-227-153-4.plesk.page\/de\/wp-json\/wp\/v2\/product"}],"about":[{"href":"https:\/\/stoic-curie.212-227-153-4.plesk.page\/de\/wp-json\/wp\/v2\/types\/product"}],"replies":[{"embeddable":true,"href":"https:\/\/stoic-curie.212-227-153-4.plesk.page\/de\/wp-json\/wp\/v2\/comments?post=733231"}],"version-history":[{"count":0,"href":"https:\/\/stoic-curie.212-227-153-4.plesk.page\/de\/wp-json\/wp\/v2\/product\/733231\/revisions"}],"wp:featuredmedia":[{"embeddable":true,"href":"https:\/\/stoic-curie.212-227-153-4.plesk.page\/de\/wp-json\/wp\/v2\/media\/5937269"}],"wp:attachment":[{"href":"https:\/\/stoic-curie.212-227-153-4.plesk.page\/de\/wp-json\/wp\/v2\/media?parent=733231"}],"wp:term":[{"taxonomy":"product_brand","embeddable":true,"href":"https:\/\/stoic-curie.212-227-153-4.plesk.page\/de\/wp-json\/wp\/v2\/product_brand?post=733231"},{"taxonomy":"product_cat","embeddable":true,"href":"https:\/\/stoic-curie.212-227-153-4.plesk.page\/de\/wp-json\/wp\/v2\/product_cat?post=733231"},{"taxonomy":"product_tag","embeddable":true,"href":"https:\/\/stoic-curie.212-227-153-4.plesk.page\/de\/wp-json\/wp\/v2\/product_tag?post=733231"}],"curies":[{"name":"wp","href":"https:\/\/api.w.org\/{rel}","templated":true}]}}