{"id":733235,"date":"2025-03-03T16:18:31","date_gmt":"2025-03-03T15:18:31","guid":{"rendered":"https:\/\/stoic-curie.212-227-153-4.plesk.page\/producto\/horizontaler-abgas-schalldaempfer-vetus-nlph-60mm\/"},"modified":"2026-02-24T23:34:41","modified_gmt":"2026-02-24T23:34:41","slug":"horizontaler-abgas-schalldaempfer-vetus-nlph-60mm","status":"publish","type":"product","link":"https:\/\/stoic-curie.212-227-153-4.plesk.page\/de\/product\/horizontaler-abgas-schalldaempfer-vetus-nlph-60mm\/","title":{"rendered":"Horizontaler Abgas-Schalld\u00e4mpfer Vetus NLPH 60mm"},"content":{"rendered":"<p>Horizontaler Abgas-Schalld\u00e4mpfer Vetus NLPH 60mm &#8211; <\/p>\n<p>Horizontale Wasserverriegelung\/Schalld\u00e4mpfer Vetus NLPH mit rotierenden Komponenten und Schlauchanschl\u00fcssen. Die Doppelkammer reduziert die Ger\u00e4uschemission erheblich. Kapazit\u00e4t: 40\/45\/50 3 Liter &#8211; 60\/75\/90 10 Liter.<\/p>\n","protected":false},"excerpt":{"rendered":"<p>Horizontaler Abgas-Schalld\u00e4mpfer Vetus NLPH 60mm &#8211; Horizontale Wasserverriegelung\/Schalld\u00e4mpfer Vetus NLPH mit rotierenden Komponenten und Schlauchanschl\u00fcssen. Die Doppelkammer reduziert die Ger\u00e4uschemission<\/p>\n","protected":false},"featured_media":5937270,"comment_status":"open","ping_status":"closed","template":"","meta":[],"product_brand":[3520],"product_cat":[1507],"product_tag":[],"class_list":{"0":"post-733235","1":"product","2":"type-product","3":"status-publish","4":"has-post-thumbnail","6":"product_brand-vetus-de","7":"product_cat-abgas-wasserperren-und-schalldaempfer","9":"first","10":"instock","11":"shipping-taxable","12":"purchasable","13":"product-type-simple"},"_links":{"self":[{"href":"https:\/\/stoic-curie.212-227-153-4.plesk.page\/de\/wp-json\/wp\/v2\/product\/733235","targetHints":{"allow":["GET"]}}],"collection":[{"href":"https:\/\/stoic-curie.212-227-153-4.plesk.page\/de\/wp-json\/wp\/v2\/product"}],"about":[{"href":"https:\/\/stoic-curie.212-227-153-4.plesk.page\/de\/wp-json\/wp\/v2\/types\/product"}],"replies":[{"embeddable":true,"href":"https:\/\/stoic-curie.212-227-153-4.plesk.page\/de\/wp-json\/wp\/v2\/comments?post=733235"}],"version-history":[{"count":0,"href":"https:\/\/stoic-curie.212-227-153-4.plesk.page\/de\/wp-json\/wp\/v2\/product\/733235\/revisions"}],"wp:featuredmedia":[{"embeddable":true,"href":"https:\/\/stoic-curie.212-227-153-4.plesk.page\/de\/wp-json\/wp\/v2\/media\/5937270"}],"wp:attachment":[{"href":"https:\/\/stoic-curie.212-227-153-4.plesk.page\/de\/wp-json\/wp\/v2\/media?parent=733235"}],"wp:term":[{"taxonomy":"product_brand","embeddable":true,"href":"https:\/\/stoic-curie.212-227-153-4.plesk.page\/de\/wp-json\/wp\/v2\/product_brand?post=733235"},{"taxonomy":"product_cat","embeddable":true,"href":"https:\/\/stoic-curie.212-227-153-4.plesk.page\/de\/wp-json\/wp\/v2\/product_cat?post=733235"},{"taxonomy":"product_tag","embeddable":true,"href":"https:\/\/stoic-curie.212-227-153-4.plesk.page\/de\/wp-json\/wp\/v2\/product_tag?post=733235"}],"curies":[{"name":"wp","href":"https:\/\/api.w.org\/{rel}","templated":true}]}}