{"id":733238,"date":"2025-03-03T16:18:32","date_gmt":"2025-03-03T15:18:32","guid":{"rendered":"https:\/\/stoic-curie.212-227-153-4.plesk.page\/producto\/spade-anker-s60-95-kg\/"},"modified":"2026-02-24T23:34:41","modified_gmt":"2026-02-24T23:34:41","slug":"spade-anker-s60-95-kg","status":"publish","type":"product","link":"https:\/\/stoic-curie.212-227-153-4.plesk.page\/de\/product\/spade-anker-s60-95-kg\/","title":{"rendered":"Spade-Anker S60 9,5 kg"},"content":{"rendered":"<p>Spade-Anker S60 9,5 kg &#8211; <\/p>\n<p>Der \u00e4u\u00dferst belastbare, spezielle verzinkte Spatenanker verf\u00fcgt \u00fcber eine einzigartige konkave Oberfl\u00e4che, die es erm\u00f6glicht, ihn jedes Mal richtig herum zu landen. Der Schwerpunkt wurde bewusst sehr niedrig positioniert, um ein Umkippen des Ankers unter Last oder Stress zu verhindern. Das gesamte Gewicht des Ankers wird direkt auf die spitze Spitze \u00fcbertragen, was eine sofortige Penetration gew\u00e4hrleistet. Sobald eine Last auf das Tau wirkt, nimmt der Anker die optimale Position f\u00fcr die Penetration ein, und seine scharfe Spitze dringt m\u00fchelos in die h\u00e4rtesten Meeresb\u00f6den ein. Der Spatenanker bleibt ohne zyklisches Verhalten vergraben.<\/p>\n","protected":false},"excerpt":{"rendered":"<p>Spade-Anker S60 9,5 kg &#8211; Der \u00e4u\u00dferst belastbare, spezielle verzinkte Spatenanker verf\u00fcgt \u00fcber eine einzigartige konkave Oberfl\u00e4che, die es erm\u00f6glicht,<\/p>\n","protected":false},"featured_media":5937276,"comment_status":"open","ping_status":"closed","template":"","meta":[],"product_brand":[3420],"product_cat":[1583],"product_tag":[],"class_list":{"0":"post-733238","1":"product","2":"type-product","3":"status-publish","4":"has-post-thumbnail","6":"product_brand-spade-de","7":"product_cat-anker-spade","9":"first","10":"instock","11":"shipping-taxable","12":"purchasable","13":"product-type-simple"},"_links":{"self":[{"href":"https:\/\/stoic-curie.212-227-153-4.plesk.page\/de\/wp-json\/wp\/v2\/product\/733238","targetHints":{"allow":["GET"]}}],"collection":[{"href":"https:\/\/stoic-curie.212-227-153-4.plesk.page\/de\/wp-json\/wp\/v2\/product"}],"about":[{"href":"https:\/\/stoic-curie.212-227-153-4.plesk.page\/de\/wp-json\/wp\/v2\/types\/product"}],"replies":[{"embeddable":true,"href":"https:\/\/stoic-curie.212-227-153-4.plesk.page\/de\/wp-json\/wp\/v2\/comments?post=733238"}],"version-history":[{"count":0,"href":"https:\/\/stoic-curie.212-227-153-4.plesk.page\/de\/wp-json\/wp\/v2\/product\/733238\/revisions"}],"wp:featuredmedia":[{"embeddable":true,"href":"https:\/\/stoic-curie.212-227-153-4.plesk.page\/de\/wp-json\/wp\/v2\/media\/5937276"}],"wp:attachment":[{"href":"https:\/\/stoic-curie.212-227-153-4.plesk.page\/de\/wp-json\/wp\/v2\/media?parent=733238"}],"wp:term":[{"taxonomy":"product_brand","embeddable":true,"href":"https:\/\/stoic-curie.212-227-153-4.plesk.page\/de\/wp-json\/wp\/v2\/product_brand?post=733238"},{"taxonomy":"product_cat","embeddable":true,"href":"https:\/\/stoic-curie.212-227-153-4.plesk.page\/de\/wp-json\/wp\/v2\/product_cat?post=733238"},{"taxonomy":"product_tag","embeddable":true,"href":"https:\/\/stoic-curie.212-227-153-4.plesk.page\/de\/wp-json\/wp\/v2\/product_tag?post=733238"}],"curies":[{"name":"wp","href":"https:\/\/api.w.org\/{rel}","templated":true}]}}