{"id":733239,"date":"2025-03-03T16:18:32","date_gmt":"2025-03-03T15:18:32","guid":{"rendered":"https:\/\/stoic-curie.212-227-153-4.plesk.page\/producto\/spade-anker-s80-15-kg\/"},"modified":"2026-02-24T23:34:41","modified_gmt":"2026-02-24T23:34:41","slug":"spade-anker-s80-15-kg","status":"publish","type":"product","link":"https:\/\/stoic-curie.212-227-153-4.plesk.page\/de\/product\/spade-anker-s80-15-kg\/","title":{"rendered":"Spade-Anker S80 15 kg"},"content":{"rendered":"<p>Spade-Anker S80 15 kg &#8211; <\/p>\n<p>Sehr hohe Lastwiderstandsf\u00e4higkeit spezieller verzinkter Spatenanker mit einzigartiger konkaver Oberfl\u00e4che, die es erm\u00f6glicht, jedes Mal richtig zu landen. Der Schwerpunkt wurde auf einem sehr niedrigen Niveau positioniert, um zu verhindern, dass der Anker unter Last oder Stress umkippt. Das gesamte Gewicht des Ankers wird direkt auf die scharfe Spitze angewendet, was eine sofortige Penetration gew\u00e4hrleistet. Sobald eine Last auf die Leine ausge\u00fcbt wird, nimmt der Anker die beste Position f\u00fcr die Penetration ein, und seine scharfe Spitze dringt problemlos in die h\u00e4rtesten Meeresb\u00f6den ein. Der Spatenanker bleibt ohne zyklisches Verhalten vergraben.<\/p>\n","protected":false},"excerpt":{"rendered":"<p>Spade-Anker S80 15 kg &#8211; Sehr hohe Lastwiderstandsf\u00e4higkeit spezieller verzinkter Spatenanker mit einzigartiger konkaver Oberfl\u00e4che, die es erm\u00f6glicht, jedes Mal<\/p>\n","protected":false},"featured_media":5937276,"comment_status":"open","ping_status":"closed","template":"","meta":[],"product_brand":[3420],"product_cat":[1583],"product_tag":[],"class_list":{"0":"post-733239","1":"product","2":"type-product","3":"status-publish","4":"has-post-thumbnail","6":"product_brand-spade-de","7":"product_cat-anker-spade","9":"first","10":"instock","11":"shipping-taxable","12":"purchasable","13":"product-type-simple"},"_links":{"self":[{"href":"https:\/\/stoic-curie.212-227-153-4.plesk.page\/de\/wp-json\/wp\/v2\/product\/733239","targetHints":{"allow":["GET"]}}],"collection":[{"href":"https:\/\/stoic-curie.212-227-153-4.plesk.page\/de\/wp-json\/wp\/v2\/product"}],"about":[{"href":"https:\/\/stoic-curie.212-227-153-4.plesk.page\/de\/wp-json\/wp\/v2\/types\/product"}],"replies":[{"embeddable":true,"href":"https:\/\/stoic-curie.212-227-153-4.plesk.page\/de\/wp-json\/wp\/v2\/comments?post=733239"}],"version-history":[{"count":0,"href":"https:\/\/stoic-curie.212-227-153-4.plesk.page\/de\/wp-json\/wp\/v2\/product\/733239\/revisions"}],"wp:featuredmedia":[{"embeddable":true,"href":"https:\/\/stoic-curie.212-227-153-4.plesk.page\/de\/wp-json\/wp\/v2\/media\/5937276"}],"wp:attachment":[{"href":"https:\/\/stoic-curie.212-227-153-4.plesk.page\/de\/wp-json\/wp\/v2\/media?parent=733239"}],"wp:term":[{"taxonomy":"product_brand","embeddable":true,"href":"https:\/\/stoic-curie.212-227-153-4.plesk.page\/de\/wp-json\/wp\/v2\/product_brand?post=733239"},{"taxonomy":"product_cat","embeddable":true,"href":"https:\/\/stoic-curie.212-227-153-4.plesk.page\/de\/wp-json\/wp\/v2\/product_cat?post=733239"},{"taxonomy":"product_tag","embeddable":true,"href":"https:\/\/stoic-curie.212-227-153-4.plesk.page\/de\/wp-json\/wp\/v2\/product_tag?post=733239"}],"curies":[{"name":"wp","href":"https:\/\/api.w.org\/{rel}","templated":true}]}}