{"id":733240,"date":"2025-03-03T16:18:32","date_gmt":"2025-03-03T15:18:32","guid":{"rendered":"https:\/\/stoic-curie.212-227-153-4.plesk.page\/producto\/spade-anker-s100-20-kg\/"},"modified":"2026-02-24T23:34:41","modified_gmt":"2026-02-24T23:34:41","slug":"spade-anker-s100-20-kg","status":"publish","type":"product","link":"https:\/\/stoic-curie.212-227-153-4.plesk.page\/de\/product\/spade-anker-s100-20-kg\/","title":{"rendered":"Spade-Anker S100 20 kg"},"content":{"rendered":"<p>Spade-Anker S100 20 kg &#8211; <\/p>\n<p>Der S Series Galvanized Spade Anker ist ein \u00e4u\u00dferst langlebiger Anker, der aus speziellem verzinktem Stahl gefertigt ist. Seine einzigartige konvexe Oberfl\u00e4che sorgt daf\u00fcr, dass er jedes Mal korrekt landet. Der Schwerpunkt ist tief positioniert, um zu verhindern, dass der Anker unter Last oder Stress umkippt. Das Gesamtgewicht des Ankers konzentriert sich auf seine scharfe Spitze, was eine sofortige Eindringung erm\u00f6glicht. Wenn eine Last auf das Seil angewendet wird, positioniert sich der Anker optimal f\u00fcr die Penetration und durchdringt selbst die h\u00e4rtesten Meeresb\u00f6den m\u00fchelos. Der Spade Anker bleibt sicher vergraben und verschiebt sich nicht.<\/p>\n<p>Entworfen von Alain Poiraud, bietet dieser Anker eine hohe Haltekraft mit konkaven Schenkeln. Er kann leicht demontiert werden, was eine praktische Lagerung erm\u00f6glicht. Die Gr\u00f6\u00dfen S40 bis S160 sind sofort verf\u00fcgbar, w\u00e4hrend die Gr\u00f6\u00dfen S180 und S200 mit einer Vorlaufzeit beim Hersteller bestellt werden k\u00f6nnen. Spade beansprucht, den zuverl\u00e4ssigsten Anker der Welt herzustellen.<\/p>\n<p><strong>Spade Anker Fakten, Eigenschaften und Alleinstellungsmerkmale:<\/strong><\/p>\n<ul>\n<li>\n<p>Das Spade-Design umfasst eine dreieckige Ballastkammer, die mit Blei gef\u00fcllt ist, und sorgt daf\u00fcr, dass der Anker im besten Winkel f\u00fcr die Eindringung landet, \u00e4hnlich wie ein Mei\u00dfel auf Holz wirkt. Dieses Design platziert 50 % des Gesamtgewichts direkt \u00fcber der eindringenden Spitze und maximiert dessen F\u00e4higkeit, in anspruchsvolle Meeresb\u00f6den wie mediterranes Seegras, dichte Pflanzen und Labrus zu graben.<\/p>\n<\/li>\n<li>\n<p>Der Spade ist f\u00fcr eine einfache Demontage ausgelegt, was eine bequeme Lagerung bis zur Verwendung erm\u00f6glicht.<\/p>\n<\/li>\n<li>\n<p>Der Anker beginnt sofort zu graben, sobald er den Meeresboden ber\u00fchrt, unterst\u00fctzt durch seinen optimalen Winkel und die Gewichtsverteilung.<\/p>\n<\/li>\n<li>\n<p>Der Spade h\u00e4lt sich fest, indem er seine gesamte Oberfl\u00e4che gegen die Last pr\u00e4sentiert. Eine gr\u00f6\u00dfere Oberfl\u00e4che erh\u00f6ht die Haltekraft. Wenn eine Last stark genug ist, um den Anker zu bewegen, wird er sich tiefer eingraben. Im Gegensatz zu einer konvexen Klinge, die sich bei pl\u00f6tzlichen Wind- oder Gezeitenwechseln l\u00f6sen kann, bleibt die konkave Klinge des Spade vergraben. Sie wirkt wie ein Fallschirm unter dem Meeresboden und bietet maximale Widerstandskraft, selbst unter schweren Lasten. Der Spade wird sich bei Bewegungen nicht l\u00f6sen; stattdessen passt er sich in die neue Richtung an.<\/p>\n<\/li>\n<li>\n<p>Um erheblichen Lasten standzuhalten, h\u00e4lt der Spade lange, nachdem andere Anker abgerutscht sind.<\/p>\n<\/li>\n<li>\n<p>F\u00fcr die Gr\u00f6\u00dfen S80 und gr\u00f6\u00dfer sind die Sch\u00e4fte in einer dreieckigen K\u00e4stchenform konstruiert, um die Festigkeit zu erh\u00f6hen, ohne die Gewichtsverteilung zu beeintr\u00e4chtigen.<\/p>\n<\/li>\n<li>\n<p>Spade-Anker sind f\u00fcr optimale Leistung und nicht f\u00fcr Kosten konzipiert und bieten eine sechsmonatige Zufriedenheitsgarantie des Herstellers.<\/p>\n<\/li>\n<\/ul>\n","protected":false},"excerpt":{"rendered":"<p>Spade-Anker S100 20 kg &#8211; Der S Series Galvanized Spade Anker ist ein \u00e4u\u00dferst langlebiger Anker, der aus speziellem verzinktem<\/p>\n","protected":false},"featured_media":5937276,"comment_status":"open","ping_status":"closed","template":"","meta":[],"product_brand":[3420],"product_cat":[1583],"product_tag":[],"class_list":{"0":"post-733240","1":"product","2":"type-product","3":"status-publish","4":"has-post-thumbnail","6":"product_brand-spade-de","7":"product_cat-anker-spade","9":"first","10":"instock","11":"shipping-taxable","12":"purchasable","13":"product-type-simple"},"_links":{"self":[{"href":"https:\/\/stoic-curie.212-227-153-4.plesk.page\/de\/wp-json\/wp\/v2\/product\/733240","targetHints":{"allow":["GET"]}}],"collection":[{"href":"https:\/\/stoic-curie.212-227-153-4.plesk.page\/de\/wp-json\/wp\/v2\/product"}],"about":[{"href":"https:\/\/stoic-curie.212-227-153-4.plesk.page\/de\/wp-json\/wp\/v2\/types\/product"}],"replies":[{"embeddable":true,"href":"https:\/\/stoic-curie.212-227-153-4.plesk.page\/de\/wp-json\/wp\/v2\/comments?post=733240"}],"version-history":[{"count":0,"href":"https:\/\/stoic-curie.212-227-153-4.plesk.page\/de\/wp-json\/wp\/v2\/product\/733240\/revisions"}],"wp:featuredmedia":[{"embeddable":true,"href":"https:\/\/stoic-curie.212-227-153-4.plesk.page\/de\/wp-json\/wp\/v2\/media\/5937276"}],"wp:attachment":[{"href":"https:\/\/stoic-curie.212-227-153-4.plesk.page\/de\/wp-json\/wp\/v2\/media?parent=733240"}],"wp:term":[{"taxonomy":"product_brand","embeddable":true,"href":"https:\/\/stoic-curie.212-227-153-4.plesk.page\/de\/wp-json\/wp\/v2\/product_brand?post=733240"},{"taxonomy":"product_cat","embeddable":true,"href":"https:\/\/stoic-curie.212-227-153-4.plesk.page\/de\/wp-json\/wp\/v2\/product_cat?post=733240"},{"taxonomy":"product_tag","embeddable":true,"href":"https:\/\/stoic-curie.212-227-153-4.plesk.page\/de\/wp-json\/wp\/v2\/product_tag?post=733240"}],"curies":[{"name":"wp","href":"https:\/\/api.w.org\/{rel}","templated":true}]}}