{"id":733241,"date":"2025-03-03T16:18:33","date_gmt":"2025-03-03T15:18:33","guid":{"rendered":"https:\/\/stoic-curie.212-227-153-4.plesk.page\/producto\/spade-anker-s120-25-kg\/"},"modified":"2026-02-24T23:34:41","modified_gmt":"2026-02-24T23:34:41","slug":"spade-anker-s120-25-kg","status":"publish","type":"product","link":"https:\/\/stoic-curie.212-227-153-4.plesk.page\/de\/product\/spade-anker-s120-25-kg\/","title":{"rendered":"Spade-Anker S120 25 kg"},"content":{"rendered":"<p>Spade-Anker S120 25 kg &#8211; <\/p>\n<p style=\"color: rgb(34, 34, 34); font-family: Arial, Helvetica, sans-serif; font-size: small;\">Der SPADE-Anker ist in drei Materialien erh\u00e4ltlich &#8211; verzinktem Stahl, Aluminium und Edelstahl &#8211; und kommt in zehn verschiedenen Gr\u00f6\u00dfen. Die Hochleistungsstahl-Versionen sind hei\u00dfgalvanisiert. Bemerkenswert ist, dass alle SPADE-Anker der gleichen Gr\u00f6\u00dfe, unabh\u00e4ngig von ihrem Material, das gleiche Effizienzniveau bieten.<\/p>\n<p style=\"color: rgb(34, 34, 34); font-family: Arial, Helvetica, sans-serif; font-size: small;\">Der Hersteller betont die effektive Oberfl\u00e4che des Ankers und nicht sein Gewicht. Die au\u00dfergew\u00f6hnliche Effizienz eines SPADE-Ankers resultiert aus den Abmessungen und der Form seiner effektiven Fl\u00e4che. Anker mit gleicher Oberfl\u00e4che zeigen identische Haltekraft, unabh\u00e4ngig vom verwendeten Material.<\/p>\n<p style=\"color: rgb(34, 34, 34); font-family: Arial, Helvetica, sans-serif; font-size: small;\">Alle Modelle entsprechen sieben wesentlichen Sicherheitskriterien:<\/p>\n<ol style=\"color: rgb(34, 34, 34); font-family: Arial, Helvetica, sans-serif; font-size: small;\">\n<li>Der Anker muss unabh\u00e4ngig vom Untergrund schnell in den Meeresboden eindringen.<\/li>\n<li>Der Anker muss sich tief im Untergrund verankern.<\/li>\n<li>Einmal gesetzt, sollte der Anker maximale Haltekraft bieten, ohne zu ziehen.<\/li>\n<li>Wenn die Zugkraft die Haltekraft des Ankers \u00fcberschreitet, muss er auch unter extremen Lasten konstanten und maximalen Widerstand gegen das Abgleiten bieten.<\/li>\n<li>Der Anker muss seinen Halt aufrechterhalten, unabh\u00e4ngig von \u00c4nderungen in Wind- oder Stromrichtung.<\/li>\n<li>Das Design muss verhindern, dass das Ankerseil sich mit dem Anker verheddert.<\/li>\n<li>Der Anker muss robust genug sein, um sehr hohen Lasten standzuhalten.<\/li>\n<\/ol>\n","protected":false},"excerpt":{"rendered":"<p>Spade-Anker S120 25 kg &#8211; Der SPADE-Anker ist in drei Materialien erh\u00e4ltlich &#8211; verzinktem Stahl, Aluminium und Edelstahl &#8211; und<\/p>\n","protected":false},"featured_media":5937276,"comment_status":"open","ping_status":"closed","template":"","meta":[],"product_brand":[3420],"product_cat":[1583],"product_tag":[],"class_list":{"0":"post-733241","1":"product","2":"type-product","3":"status-publish","4":"has-post-thumbnail","6":"product_brand-spade-de","7":"product_cat-anker-spade","9":"first","10":"instock","11":"shipping-taxable","12":"purchasable","13":"product-type-simple"},"_links":{"self":[{"href":"https:\/\/stoic-curie.212-227-153-4.plesk.page\/de\/wp-json\/wp\/v2\/product\/733241","targetHints":{"allow":["GET"]}}],"collection":[{"href":"https:\/\/stoic-curie.212-227-153-4.plesk.page\/de\/wp-json\/wp\/v2\/product"}],"about":[{"href":"https:\/\/stoic-curie.212-227-153-4.plesk.page\/de\/wp-json\/wp\/v2\/types\/product"}],"replies":[{"embeddable":true,"href":"https:\/\/stoic-curie.212-227-153-4.plesk.page\/de\/wp-json\/wp\/v2\/comments?post=733241"}],"version-history":[{"count":0,"href":"https:\/\/stoic-curie.212-227-153-4.plesk.page\/de\/wp-json\/wp\/v2\/product\/733241\/revisions"}],"wp:featuredmedia":[{"embeddable":true,"href":"https:\/\/stoic-curie.212-227-153-4.plesk.page\/de\/wp-json\/wp\/v2\/media\/5937276"}],"wp:attachment":[{"href":"https:\/\/stoic-curie.212-227-153-4.plesk.page\/de\/wp-json\/wp\/v2\/media?parent=733241"}],"wp:term":[{"taxonomy":"product_brand","embeddable":true,"href":"https:\/\/stoic-curie.212-227-153-4.plesk.page\/de\/wp-json\/wp\/v2\/product_brand?post=733241"},{"taxonomy":"product_cat","embeddable":true,"href":"https:\/\/stoic-curie.212-227-153-4.plesk.page\/de\/wp-json\/wp\/v2\/product_cat?post=733241"},{"taxonomy":"product_tag","embeddable":true,"href":"https:\/\/stoic-curie.212-227-153-4.plesk.page\/de\/wp-json\/wp\/v2\/product_tag?post=733241"}],"curies":[{"name":"wp","href":"https:\/\/api.w.org\/{rel}","templated":true}]}}