{"id":733242,"date":"2025-03-03T16:18:33","date_gmt":"2025-03-03T15:18:33","guid":{"rendered":"https:\/\/stoic-curie.212-227-153-4.plesk.page\/producto\/anker-spade-s140-30kg\/"},"modified":"2026-02-24T23:34:41","modified_gmt":"2026-02-24T23:34:41","slug":"anker-spade-s140-30kg","status":"publish","type":"product","link":"https:\/\/stoic-curie.212-227-153-4.plesk.page\/de\/product\/anker-spade-s140-30kg\/","title":{"rendered":"Anker Spade S140 30kg"},"content":{"rendered":"<p>Anker Spade S140 30kg &#8211; <\/p>\n<p>Der Spaten-Anker, sorgf\u00e4ltig aus hochbelastbarem verzinktem Stahl gefertigt, zeigt ein einzigartiges konkaves Design, das garantiert, dass er bei jeder Gelegenheit richtig landet. Sein Schwerpunkt ist absichtlich tief positioniert, um das Risiko zu vermindern, dass der Anker bei Belastung oder Stress umkippt. Das gesamte Gewicht des Ankers ist direkt an seiner scharfen Spitze konzentriert, was eine sofortige Penetration bei der Ausbringung erm\u00f6glicht. Wenn eine Last auf die Leine angewendet wird, richtet sich der Anker instinktiv f\u00fcr optimale Penetration aus, sodass seine spitze Spitze selbst die anspruchsvollsten Meeresb\u00f6den leicht durchdringt. Einmal eingeklemmt, bleibt der Spaten-Anker fest an Ort und Stelle, ohne zyklisches Verhalten zu zeigen.<\/p>\n<p><strong>S-Serie verzinkt<\/strong><\/p>\n<p><strong>Entwickelt von Alain Poiraud<\/strong><\/p>\n<p><strong>Au\u00dfergew\u00f6hnliche Haltekraft mit konkaven Flunken<\/strong><\/p>\n<p><strong>Einfach zerlegbar f\u00fcr die Lagerung<\/strong><\/p>\n<p><strong>Wichtige Fakten, Merkmale und Alleinstellungsmerkmale des Spaten-Ankers:<\/strong><\/p>\n<p>Der Spaten-Anker verf\u00fcgt \u00fcber eine markante dreieckige Ballastkammer, die mit Blei gef\u00fcllt ist, und sorgt daf\u00fcr, dass er im optimalen Winkel f\u00fcr die Penetration landet \u2013 \u00e4hnlich der Funktion eines Mei\u00dfels im Holz. Dieses innovative Design platziert 50% des Gesamtgewichts direkt \u00fcber der durchdringenden Spitze, wodurch die F\u00e4higkeit des Ankers maximiert wird, selbst in den anspruchsvollsten Meeresb\u00f6den, einschlie\u00dflich mediterranem Seegras, dichtem Unkraut und Algen, zu graben.<\/p>\n<p><strong>Bequeme Lagerung<\/strong>: Der Spaten-Anker ist f\u00fcr eine einfache Zerlegung konzipiert, was eine bequeme Lagerung erm\u00f6glicht, bis er ben\u00f6tigt wird.<\/p>\n<p><strong>Sofortige Grabung<\/strong>: Der Anker startet seine Grabungsaktion, sobald er mit dem Meeresboden in Kontakt kommt, unterst\u00fctzt durch seinen optimalen Winkel und die Gewichtverteilung.<\/p>\n<p><strong>\u00dcberlegene Haltekraft<\/strong>: Der Spaten-Anker pr\u00e4sentiert seine gesamte Oberfl\u00e4che in Richtung der Last, was seine Haltekraft erheblich erh\u00f6ht. Eine gr\u00f6\u00dfere Oberfl\u00e4che f\u00fchrt zu mehr Widerstand. Wenn eine Last stark genug ist, um den Anker zu verschieben, wird er tiefer eingegraben. Im Gegensatz zu einer konvexen Klinge, die sich bei pl\u00f6tzlichen \u00c4nderungen von Wind oder Gezeiten l\u00f6sen kann, bleibt die konkave Klinge des Spaten sicher vergraben. Dieses Design funktioniert wie ein Fallschirm unter dem Meeresboden und gew\u00e4hrleistet maximalen Widerstand, selbst unter erheblichen Lasten. Der Spaten wird bei \u00c4nderungen von Wind oder Gezeiten nicht gel\u00f6st, sondern passt seine Position an die neue Richtung an.<\/p>\n<p><strong>Haltbare Leistung<\/strong>: Entwickelt, um erheblichen Lasten standzuhalten, h\u00e4lt der Spaten-Anker lange nach, nachdem andere Anker zu driften begonnen haben.<\/p>\n<p><strong>Kastenprofil-Schenkel<\/strong>: F\u00fcr die Gr\u00f6\u00dfen S80 und gr\u00f6\u00dfer sind die Schenkel als dreieckiges Kastenprofil konstruiert, was St\u00e4rke optimiert, ohne die Gewichtsverteilung zu beeintr\u00e4chtigen.<\/p>\n<p><strong>Optimale Leistung<\/strong>: Spaten-Anker sind f\u00fcr au\u00dfergew\u00f6hnliche Leistung und nicht nur f\u00fcr Kostenoptimierung ausgelegt und werden durch eine sechsmonatige Zufriedenheitsgarantie des Herstellers unterst\u00fctzt.<\/p>\n","protected":false},"excerpt":{"rendered":"<p>Anker Spade S140 30kg &#8211; Der Spaten-Anker, sorgf\u00e4ltig aus hochbelastbarem verzinktem Stahl gefertigt, zeigt ein einzigartiges konkaves Design, das garantiert,<\/p>\n","protected":false},"featured_media":5937276,"comment_status":"open","ping_status":"closed","template":"","meta":[],"product_brand":[3420],"product_cat":[1583],"product_tag":[],"class_list":{"0":"post-733242","1":"product","2":"type-product","3":"status-publish","4":"has-post-thumbnail","6":"product_brand-spade-de","7":"product_cat-anker-spade","9":"first","10":"instock","11":"shipping-taxable","12":"purchasable","13":"product-type-simple"},"_links":{"self":[{"href":"https:\/\/stoic-curie.212-227-153-4.plesk.page\/de\/wp-json\/wp\/v2\/product\/733242","targetHints":{"allow":["GET"]}}],"collection":[{"href":"https:\/\/stoic-curie.212-227-153-4.plesk.page\/de\/wp-json\/wp\/v2\/product"}],"about":[{"href":"https:\/\/stoic-curie.212-227-153-4.plesk.page\/de\/wp-json\/wp\/v2\/types\/product"}],"replies":[{"embeddable":true,"href":"https:\/\/stoic-curie.212-227-153-4.plesk.page\/de\/wp-json\/wp\/v2\/comments?post=733242"}],"version-history":[{"count":0,"href":"https:\/\/stoic-curie.212-227-153-4.plesk.page\/de\/wp-json\/wp\/v2\/product\/733242\/revisions"}],"wp:featuredmedia":[{"embeddable":true,"href":"https:\/\/stoic-curie.212-227-153-4.plesk.page\/de\/wp-json\/wp\/v2\/media\/5937276"}],"wp:attachment":[{"href":"https:\/\/stoic-curie.212-227-153-4.plesk.page\/de\/wp-json\/wp\/v2\/media?parent=733242"}],"wp:term":[{"taxonomy":"product_brand","embeddable":true,"href":"https:\/\/stoic-curie.212-227-153-4.plesk.page\/de\/wp-json\/wp\/v2\/product_brand?post=733242"},{"taxonomy":"product_cat","embeddable":true,"href":"https:\/\/stoic-curie.212-227-153-4.plesk.page\/de\/wp-json\/wp\/v2\/product_cat?post=733242"},{"taxonomy":"product_tag","embeddable":true,"href":"https:\/\/stoic-curie.212-227-153-4.plesk.page\/de\/wp-json\/wp\/v2\/product_tag?post=733242"}],"curies":[{"name":"wp","href":"https:\/\/api.w.org\/{rel}","templated":true}]}}