{"id":733244,"date":"2025-03-03T16:18:33","date_gmt":"2025-03-03T15:18:33","guid":{"rendered":"https:\/\/stoic-curie.212-227-153-4.plesk.page\/producto\/anker-spade-s180-45kg\/"},"modified":"2026-02-24T23:34:41","modified_gmt":"2026-02-24T23:34:41","slug":"anker-spade-s180-45kg","status":"publish","type":"product","link":"https:\/\/stoic-curie.212-227-153-4.plesk.page\/de\/product\/anker-spade-s180-45kg\/","title":{"rendered":"Anker Spade S180 45kg"},"content":{"rendered":"<p>Anker Spade S180 45kg &#8211; <\/p>\n<p style=\"color: rgb(34, 34, 34); font-family: Arial, Helvetica, sans-serif; font-size: small;\"><strong>SPADE: Der zuverl\u00e4ssigste Anker der Welt<\/strong><\/p>\n<p style=\"color: rgb(34, 34, 34); font-family: Arial, Helvetica, sans-serif; font-size: small;\">Der SPADE-Anker ist aus hochfestem, speziell galvanisiertem Stahl sorgf\u00e4ltig konstruiert, um den Herausforderungen von maritimen Umgebungen standzuhalten. Eines seiner markantesten Merkmale ist die einzigartige konkave Oberfl\u00e4che, die sicherstellt, dass der Anker jedes Mal korrekt landet, wenn er gesetzt wird. Dieses innovative Design wird durch einen strategisch positionierten Schwerpunkt erg\u00e4nzt, der absichtlich tief gesetzt ist, um zu verhindern, dass der Anker unter Last oder Stress kippt. Diese durchdachte Konstruktion bedeutet, dass das Gesamtgewicht des Ankers direkt auf seiner scharfen Spitze konzentriert ist, wodurch eine sofortige und effektive Durchdringung des Meeresbodens beim Setzen erm\u00f6glicht wird.<\/p>\n<p style=\"color: rgb(34, 34, 34); font-family: Arial, Helvetica, sans-serif; font-size: small;\">Wenn eine Last auf das Ankerseil ausge\u00fcbt wird, positioniert sich der SPADE-Anker nat\u00fcrlich f\u00fcr eine optimale Durchdringung, sodass seine scharfe Spitze selbst die h\u00e4rtesten Meeresb\u00f6den, einschlie\u00dflich felsiger oder unebener Oberfl\u00e4chen, leicht durchbohren kann. Sobald er sich eingebettet hat, bleibt der SPADE-Anker sicher vergraben und zeigt bemerkenswerte Stabilit\u00e4t, ohne zyklisches Verhalten zu zeigen, was bei weniger zuverl\u00e4ssigen Designs oft zu Abrutschen oder Versagen f\u00fchren kann.<\/p>\n<p style=\"color: rgb(34, 34, 34); font-family: Arial, Helvetica, sans-serif; font-size: small;\">Die Entstehung des SPADE-Ankers reicht bis in die Mitte der 1990er Jahre zur\u00fcck, als Alain Poiraud, ein leidenschaftlicher Segler und Innovator, den ersten Prototyp entwarf. Zu dieser Zeit konnte er nicht ahnen, dass seine bahnbrechende Innovation eine neue \u00c4ra in der Ankertechnologie einl\u00e4uten w\u00fcrde. Urspr\u00fcnglich entworfen, um die empfindlichen Mittelmeerseegr\u00e4ser zu durchdringen, hat der SPADE-Anker seitdem strengen Tests standgehalten und bewiesen, dass er in verschiedenen maritimen Umgebungen weltweit effektiv ist. Diese umfangreiche Validierung markiert einen bedeutenden Fortschritt im Ankerdesign und setzt einen neuen Standard f\u00fcr Zuverl\u00e4ssigkeit und Leistung.<\/p>\n<p style=\"color: rgb(34, 34, 34); font-family: Arial, Helvetica, sans-serif; font-size: small;\">Alain Poiraud, oft als der &#8220;Dyson&#8221; der Ankerindustrie bezeichnet wegen seines unerm\u00fcdlichen Innovationsstrebens, sah sich auf seinem Weg erheblichen Herausforderungen gegen\u00fcber. Als er versuchte, seine Patente an etablierte Ankerhersteller zu verkaufen, um seinen Lebensstil auf See zu unterst\u00fctzen, stie\u00df er auf Ablehnung. Unbeeindruckt von diesen R\u00fcckschl\u00e4gen wagte er den k\u00fchnen Schritt, eine Fabrik in Tunesien zu gr\u00fcnden, um seine Vision zu verwirklichen. Heute ist der SPADE-Anker nicht nur ein Beweis f\u00fcr seine Genialit\u00e4t, sondern auch weltweit bekannt f\u00fcr seine unvergleichliche Zuverl\u00e4ssigkeit und Leistung, was ihn zur bevorzugten Wahl unter Bootsbesitzern und maritimen Enthusiasten macht. Der SPADE-Anker steht als Symbol f\u00fcr Qualit\u00e4t und Innovation in der Welt der Bootsausr\u00fcstung und gew\u00e4hrleistet, dass jeder Seemann mit Vertrauen vor Anker gehen kann.<\/p>\n","protected":false},"excerpt":{"rendered":"<p>Anker Spade S180 45kg &#8211; SPADE: Der zuverl\u00e4ssigste Anker der Welt Der SPADE-Anker ist aus hochfestem, speziell galvanisiertem Stahl sorgf\u00e4ltig<\/p>\n","protected":false},"featured_media":5937276,"comment_status":"open","ping_status":"closed","template":"","meta":[],"product_brand":[3420],"product_cat":[1583],"product_tag":[],"class_list":{"0":"post-733244","1":"product","2":"type-product","3":"status-publish","4":"has-post-thumbnail","6":"product_brand-spade-de","7":"product_cat-anker-spade","9":"first","10":"instock","11":"shipping-taxable","12":"purchasable","13":"product-type-simple"},"_links":{"self":[{"href":"https:\/\/stoic-curie.212-227-153-4.plesk.page\/de\/wp-json\/wp\/v2\/product\/733244","targetHints":{"allow":["GET"]}}],"collection":[{"href":"https:\/\/stoic-curie.212-227-153-4.plesk.page\/de\/wp-json\/wp\/v2\/product"}],"about":[{"href":"https:\/\/stoic-curie.212-227-153-4.plesk.page\/de\/wp-json\/wp\/v2\/types\/product"}],"replies":[{"embeddable":true,"href":"https:\/\/stoic-curie.212-227-153-4.plesk.page\/de\/wp-json\/wp\/v2\/comments?post=733244"}],"version-history":[{"count":0,"href":"https:\/\/stoic-curie.212-227-153-4.plesk.page\/de\/wp-json\/wp\/v2\/product\/733244\/revisions"}],"wp:featuredmedia":[{"embeddable":true,"href":"https:\/\/stoic-curie.212-227-153-4.plesk.page\/de\/wp-json\/wp\/v2\/media\/5937276"}],"wp:attachment":[{"href":"https:\/\/stoic-curie.212-227-153-4.plesk.page\/de\/wp-json\/wp\/v2\/media?parent=733244"}],"wp:term":[{"taxonomy":"product_brand","embeddable":true,"href":"https:\/\/stoic-curie.212-227-153-4.plesk.page\/de\/wp-json\/wp\/v2\/product_brand?post=733244"},{"taxonomy":"product_cat","embeddable":true,"href":"https:\/\/stoic-curie.212-227-153-4.plesk.page\/de\/wp-json\/wp\/v2\/product_cat?post=733244"},{"taxonomy":"product_tag","embeddable":true,"href":"https:\/\/stoic-curie.212-227-153-4.plesk.page\/de\/wp-json\/wp\/v2\/product_tag?post=733244"}],"curies":[{"name":"wp","href":"https:\/\/api.w.org\/{rel}","templated":true}]}}