{"id":733245,"date":"2025-03-03T16:18:33","date_gmt":"2025-03-03T15:18:33","guid":{"rendered":"https:\/\/stoic-curie.212-227-153-4.plesk.page\/producto\/anker-spade-s200-55kg\/"},"modified":"2026-02-24T23:34:41","modified_gmt":"2026-02-24T23:34:41","slug":"anker-spade-s200-55kg","status":"publish","type":"product","link":"https:\/\/stoic-curie.212-227-153-4.plesk.page\/de\/product\/anker-spade-s200-55kg\/","title":{"rendered":"Anker Spade S200 55kg"},"content":{"rendered":"<p>Anker Spade S200 55kg &#8211; <\/p>\n<p>Wir pr\u00e4sentieren den Spade Anchor S200 55kg, einen Hochlastanker, der aus speziell behandeltem verzinktem Stahl gefertigt ist. Seine einzigartige konkave Oberfl\u00e4che sorgt daf\u00fcr, dass er jedes Mal in der richtigen Position landet. Der Schwerpunkt ist strategisch tief angesetzt, um zu verhindern, dass der Anker unter Last oder Stress umkippt. Das gesamte Gewicht des Ankers konzentriert sich direkt auf seine scharfe Spitze, was eine sofortige Penetration beim Einsatz erm\u00f6glicht. Sobald eine Last auf das Seil angewendet wird, positioniert sich der Anker auf nat\u00fcrliche Weise optimal zur Penetration, sodass seine scharfe Spitze selbst die h\u00e4rtesten Meeresb\u00f6den m\u00fchelos durchdringen kann. Der Spade-Anker bleibt sicher vergraben, ohne zyklisches Verhalten aufzuweisen.<\/p>\n<p><strong>Wichtige Fakten, Merkmale und Alleinstellungsmerkmale des Spade Anchors:<\/strong><\/p>\n<ul>\n<li>\n<p><strong>Innovatives Design:<\/strong> Der Spade-Anker verf\u00fcgt \u00fcber eine markante dreieckige Ballastkammer, die mit Blei gef\u00fcllt ist. Dadurch landet er in dem idealen Winkel zur Penetration \u2013 \u00e4hnlich dem Winkel eines Stechbeitels in der Holzverarbeitung. Dieses Design platziert 50 % des Gesamtgewichts direkt \u00fcber der durchdringenden Spitze, was seine F\u00e4higkeit maximiert, in herausfordernde Meeresb\u00f6den wie mediterrane Seegraswiesen, dichte Pflanzen und Tang einzudringen.<\/p>\n<\/li>\n<li>\n<p><strong>Praktische Lagerung:<\/strong> Der Spade-Anker ist so konstruiert, dass er leicht zerlegt werden kann, was eine bequeme Lagerung erm\u00f6glicht, bis er zum Einsatz kommt.<\/p>\n<\/li>\n<li>\n<p><strong>Sofortige Grabaktion:<\/strong> Der Anker beginnt zu graben, sobald er auf dem Meeresboden landet, unterst\u00fctzt durch seinen optimalen Winkel und die Gewichtsverteilung.<\/p>\n<\/li>\n<li>\n<p><strong>Verbesserte Haltekraft:<\/strong> Der Spade-Anker pr\u00e4sentiert seine gesamte Oberfl\u00e4che in Richtung der Last, wodurch seine Haltekraft erh\u00f6ht wird. Jede Last, die stark genug ist, um den Anker zu verschieben, f\u00fchrt dazu, dass er tiefer eingegraben wird. Anders als bei einer konvexen Klinge, die sich bei pl\u00f6tzlichen Wind- oder Gezeitenwechseln l\u00f6sen kann, bleibt die konkave Klinge des Spade-Ankers vergraben. Dieses Design wirkt wie ein Fallschirm unter dem Meeresboden und bietet auch unter erheblicher Last maximalen Widerstand.<\/p>\n<\/li>\n<li>\n<p><strong>Haltbarkeit:<\/strong> Der Spade-Anker ist so konstruiert, dass er erheblichen Lasten standh\u00e4lt und auch lange nach dem Dr\u00e4gen anderer Anker sicher h\u00e4lt.<\/p>\n<\/li>\n<li>\n<p><strong>Robustes Schaftdesign:<\/strong> Bei den Gr\u00f6\u00dfen S80 und dar\u00fcber hinaus werden die Sch\u00e4fte als dreieckiger Kastenabschnitt konstruiert, um die St\u00e4rke zu maximieren, ohne die Gewichtsverteilung zu beeintr\u00e4chtigen.<\/p>\n<\/li>\n<li>\n<p><strong>Engagement f\u00fcr Leistung:<\/strong> Spade-Anker sind f\u00fcr optimale Leistung und nicht f\u00fcr Kosten konzipiert und werden mit einer sechsmonatigen Zufriedenheitsgarantie des Herstellers geliefert.<\/p>\n<\/li>\n<\/ul>\n<p>Zusammenfassend kombiniert der Spade-Anker innovatives Design, au\u00dfergew\u00f6hnliche Haltekraft und Haltbarkeit, was ihn zu einer zuverl\u00e4ssigen Wahl f\u00fcr Bootseigner macht, die hochwertige Ankerl\u00f6sungen suchen.<\/p>\n","protected":false},"excerpt":{"rendered":"<p>Anker Spade S200 55kg &#8211; Wir pr\u00e4sentieren den Spade Anchor S200 55kg, einen Hochlastanker, der aus speziell behandeltem verzinktem Stahl<\/p>\n","protected":false},"featured_media":5937276,"comment_status":"open","ping_status":"closed","template":"","meta":[],"product_brand":[3420],"product_cat":[1583],"product_tag":[],"class_list":{"0":"post-733245","1":"product","2":"type-product","3":"status-publish","4":"has-post-thumbnail","6":"product_brand-spade-de","7":"product_cat-anker-spade","9":"first","10":"instock","11":"shipping-taxable","12":"purchasable","13":"product-type-simple"},"_links":{"self":[{"href":"https:\/\/stoic-curie.212-227-153-4.plesk.page\/de\/wp-json\/wp\/v2\/product\/733245","targetHints":{"allow":["GET"]}}],"collection":[{"href":"https:\/\/stoic-curie.212-227-153-4.plesk.page\/de\/wp-json\/wp\/v2\/product"}],"about":[{"href":"https:\/\/stoic-curie.212-227-153-4.plesk.page\/de\/wp-json\/wp\/v2\/types\/product"}],"replies":[{"embeddable":true,"href":"https:\/\/stoic-curie.212-227-153-4.plesk.page\/de\/wp-json\/wp\/v2\/comments?post=733245"}],"version-history":[{"count":0,"href":"https:\/\/stoic-curie.212-227-153-4.plesk.page\/de\/wp-json\/wp\/v2\/product\/733245\/revisions"}],"wp:featuredmedia":[{"embeddable":true,"href":"https:\/\/stoic-curie.212-227-153-4.plesk.page\/de\/wp-json\/wp\/v2\/media\/5937276"}],"wp:attachment":[{"href":"https:\/\/stoic-curie.212-227-153-4.plesk.page\/de\/wp-json\/wp\/v2\/media?parent=733245"}],"wp:term":[{"taxonomy":"product_brand","embeddable":true,"href":"https:\/\/stoic-curie.212-227-153-4.plesk.page\/de\/wp-json\/wp\/v2\/product_brand?post=733245"},{"taxonomy":"product_cat","embeddable":true,"href":"https:\/\/stoic-curie.212-227-153-4.plesk.page\/de\/wp-json\/wp\/v2\/product_cat?post=733245"},{"taxonomy":"product_tag","embeddable":true,"href":"https:\/\/stoic-curie.212-227-153-4.plesk.page\/de\/wp-json\/wp\/v2\/product_tag?post=733245"}],"curies":[{"name":"wp","href":"https:\/\/api.w.org\/{rel}","templated":true}]}}