{"id":733248,"date":"2025-03-03T16:18:34","date_gmt":"2025-03-03T15:18:34","guid":{"rendered":"https:\/\/stoic-curie.212-227-153-4.plesk.page\/producto\/rocna-anker-10kg\/"},"modified":"2026-02-24T23:34:41","modified_gmt":"2026-02-24T23:34:41","slug":"rocna-anker-10kg","status":"publish","type":"product","link":"https:\/\/stoic-curie.212-227-153-4.plesk.page\/de\/product\/rocna-anker-10kg\/","title":{"rendered":"Rocna Anker 10kg"},"content":{"rendered":"<p>Rocna Anker 10kg &#8211; <\/p>\n<p style=\"color: rgb(34, 34, 34); font-family: Arial, Helvetica, sans-serif; font-size: small;\">Der Rocna-Anker wird gr\u00fcndlich bewertet und ist bekannt f\u00fcr seine hervorragende Haltef\u00e4higkeit. Er besteht aus speziell verzinktem Stahl und dringt problemlos in verschiedene Grundtypen ein, was ihn ideal f\u00fcr alle Arten von Booten und Megayachten macht. Dieser Anker verf\u00fcgt \u00fcber einen Rollbalken und eine optimierte Gewichtsverteilung, die es ihm erm\u00f6glicht, den effektivsten Winkel f\u00fcr das Eindringen zu erreichen. Seine gro\u00dfe konkave Oberfl\u00e4che garantiert einen sicheren Halt unter vielf\u00e4ltigen See- und Windverh\u00e4ltnissen.<\/p>\n<p style=\"color: rgb(34, 34, 34); font-family: Arial, Helvetica, sans-serif; font-size: small;\">Der Rocna-Anker ist eine flexible Option, die sich effektiv auf den meisten Grundarten setzt und ihre Position h\u00e4lt, einschlie\u00dflich weichem Schlamm, hartem Sand, Ton, Gras und Seetang.<\/p>\n<p style=\"color: rgb(34, 34, 34); font-family: Arial, Helvetica, sans-serif; font-size: small;\">Wichtige Merkmale sind:<\/p>\n<ul style=\"color: rgb(34, 34, 34); font-family: Arial, Helvetica, sans-serif; font-size: small;\">\n<li>Ein schlanker Schaft f\u00fcr tiefes Eindringen<\/li>\n<li>Eine breite Grabfl\u00e4che und eine Mei\u00dfelspitze f\u00fcr verbesserte Haltest\u00e4rke<\/li>\n<li>Ein selbstaufrichtendes Design, das sich nach Bewegung zur\u00fccksetzt<\/li>\n<\/ul>\n<p style=\"color: rgb(34, 34, 34); font-family: Arial, Helvetica, sans-serif; font-size: small;\">Was den Rocna-Anker zum besten der Welt macht:<\/p>\n<ul style=\"color: rgb(34, 34, 34); font-family: Arial, Helvetica, sans-serif; font-size: small;\">\n<li>Schnelles Setzen auf verschiedenen Grundtypen<\/li>\n<li>Zuverl\u00e4ssige Haltefestigkeit<\/li>\n<li>Widerstand gegen Bewegungen durch Wind und Gezeiten<\/li>\n<li>Selbststartf\u00e4higkeit<\/li>\n<li>Verbindungspunkt f\u00fcr Tandemverankerung<\/li>\n<li>Lebenslange Garantie<\/li>\n<\/ul>\n<p style=\"color: rgb(34, 34, 34); font-family: Arial, Helvetica, sans-serif; font-size: small;\">W\u00e4hlen Sie den Rocna-Anker f\u00fcr:<\/p>\n<p style=\"color: rgb(34, 34, 34); font-family: Arial, Helvetica, sans-serif; font-size: small;\">Den ultimativen Allzweckanker, der auf allen Meeresb\u00f6den au\u00dfergew\u00f6hnlich gut funktioniert und f\u00fcr Schiffe aller Gr\u00f6\u00dfen geeignet ist, von kleinen Motorbooten bis hin zu Superyachten, Arbeitsbooten und kleinen Schiffen.<\/p>\n","protected":false},"excerpt":{"rendered":"<p>Rocna Anker 10kg &#8211; Der Rocna-Anker wird gr\u00fcndlich bewertet und ist bekannt f\u00fcr seine hervorragende Haltef\u00e4higkeit. Er besteht aus speziell<\/p>\n","protected":false},"featured_media":5937282,"comment_status":"open","ping_status":"closed","template":"","meta":[],"product_brand":[3320],"product_cat":[1585],"product_tag":[],"class_list":{"0":"post-733248","1":"product","2":"type-product","3":"status-publish","4":"has-post-thumbnail","6":"product_brand-rocna-de","7":"product_cat-anker-rocna-und-vulcan","9":"first","10":"instock","11":"shipping-taxable","12":"purchasable","13":"product-type-simple"},"_links":{"self":[{"href":"https:\/\/stoic-curie.212-227-153-4.plesk.page\/de\/wp-json\/wp\/v2\/product\/733248","targetHints":{"allow":["GET"]}}],"collection":[{"href":"https:\/\/stoic-curie.212-227-153-4.plesk.page\/de\/wp-json\/wp\/v2\/product"}],"about":[{"href":"https:\/\/stoic-curie.212-227-153-4.plesk.page\/de\/wp-json\/wp\/v2\/types\/product"}],"replies":[{"embeddable":true,"href":"https:\/\/stoic-curie.212-227-153-4.plesk.page\/de\/wp-json\/wp\/v2\/comments?post=733248"}],"version-history":[{"count":0,"href":"https:\/\/stoic-curie.212-227-153-4.plesk.page\/de\/wp-json\/wp\/v2\/product\/733248\/revisions"}],"wp:featuredmedia":[{"embeddable":true,"href":"https:\/\/stoic-curie.212-227-153-4.plesk.page\/de\/wp-json\/wp\/v2\/media\/5937282"}],"wp:attachment":[{"href":"https:\/\/stoic-curie.212-227-153-4.plesk.page\/de\/wp-json\/wp\/v2\/media?parent=733248"}],"wp:term":[{"taxonomy":"product_brand","embeddable":true,"href":"https:\/\/stoic-curie.212-227-153-4.plesk.page\/de\/wp-json\/wp\/v2\/product_brand?post=733248"},{"taxonomy":"product_cat","embeddable":true,"href":"https:\/\/stoic-curie.212-227-153-4.plesk.page\/de\/wp-json\/wp\/v2\/product_cat?post=733248"},{"taxonomy":"product_tag","embeddable":true,"href":"https:\/\/stoic-curie.212-227-153-4.plesk.page\/de\/wp-json\/wp\/v2\/product_tag?post=733248"}],"curies":[{"name":"wp","href":"https:\/\/api.w.org\/{rel}","templated":true}]}}