{"id":733249,"date":"2025-03-03T16:18:34","date_gmt":"2025-03-03T15:18:34","guid":{"rendered":"https:\/\/stoic-curie.212-227-153-4.plesk.page\/producto\/rocna-anker-15kg\/"},"modified":"2026-02-24T23:34:41","modified_gmt":"2026-02-24T23:34:41","slug":"rocna-anker-15kg","status":"publish","type":"product","link":"https:\/\/stoic-curie.212-227-153-4.plesk.page\/de\/product\/rocna-anker-15kg\/","title":{"rendered":"Rocna Anker 15kg"},"content":{"rendered":"<p>Rocna Anker 15kg &#8211; <\/p>\n<p style=\"color: rgb(34, 34, 34); font-family: Arial, Helvetica, sans-serif; font-size: small;\">Der Rocna-Anker, der gr\u00fcndlich gepr\u00fcft und verifiziert wurde, ist f\u00fcr seine exceptional Haltekraft bekannt. Hergestellt aus speziell verzinktem Stahl, dringt er m\u00fchelos in verschiedene Arten von Meeresb\u00f6den ein, was ihn perfekt f\u00fcr alle Bootstypen und Mega-Yachten macht. Dieser Anker ist mit einem Rollbalken und einer optimierten Gewichtsverteilung gestaltet, die es ihm erm\u00f6glicht, den effektivsten Winkel f\u00fcr die Eindringtiefe zu erreichen. Seine gro\u00dfe konkave Oberfl\u00e4che sorgt f\u00fcr einen sicheren Halt in verschiedenen Wasser- und Windbedingungen.<\/p>\n<p style=\"color: rgb(34, 34, 34); font-family: Arial, Helvetica, sans-serif; font-size: small;\">Der Rocna-Anker ist eine vielseitige Wahl, die sich effektiv in den meisten Meeresb\u00f6den setzt und ihre Position h\u00e4lt, einschlie\u00dflich weichem Schlamm, hartem Sand, Ton, Seegras und Kelp.<\/p>\n<p style=\"color: rgb(34, 34, 34); font-family: Arial, Helvetica, sans-serif; font-size: small;\">Zu den Hauptmerkmalen geh\u00f6ren:<\/p>\n<ul style=\"color: rgb(34, 34, 34); font-family: Arial, Helvetica, sans-serif; font-size: small;\">\n<li>Ein schlanker Schaft f\u00fcr tiefe Eindringtiefe<\/li>\n<li>Eine breite Fluke und ein Mei\u00dfelspitze f\u00fcr verbesserte Haltekraft<\/li>\n<li>Ein selbstaufrichtendes Design, das sich nach Bewegung zur\u00fccksetzt<\/li>\n<\/ul>\n<p style=\"color: rgb(34, 34, 34); font-family: Arial, Helvetica, sans-serif; font-size: small;\">Was den Rocna-Anker weltweit herausragend macht:<\/p>\n<ul style=\"color: rgb(34, 34, 34); font-family: Arial, Helvetica, sans-serif; font-size: small;\">\n<li>Schnelles Setzen auf verschiedenen Untergr\u00fcnden<\/li>\n<li>Zuverl\u00e4ssige Haltekraft<\/li>\n<li>Widerstand gegen Bewegung durch Wind und Gezeiten<\/li>\n<li>Selbststartf\u00e4higkeit<\/li>\n<li>Verbindungspunkt f\u00fcr Tandem-Ankern<\/li>\n<li>Lebenslange Garantie<\/li>\n<\/ul>\n<p style=\"color: rgb(34, 34, 34); font-family: Arial, Helvetica, sans-serif; font-size: small;\">W\u00e4hlen Sie den Rocna-Anker f\u00fcr:<\/p>\n<p style=\"color: rgb(34, 34, 34); font-family: Arial, Helvetica, sans-serif; font-size: small;\">Den ultimativen Allzweckanker, der auf allen Ozeanb\u00f6den herausragende Leistungen erbringt, geeignet f\u00fcr Schiffe aller Gr\u00f6\u00dfen, von kleinen Booten bis hin zu Superyachten, Arbeitsbooten und kleinen Schiffen.<\/p>\n","protected":false},"excerpt":{"rendered":"<p>Rocna Anker 15kg &#8211; Der Rocna-Anker, der gr\u00fcndlich gepr\u00fcft und verifiziert wurde, ist f\u00fcr seine exceptional Haltekraft bekannt. Hergestellt aus<\/p>\n","protected":false},"featured_media":5937282,"comment_status":"open","ping_status":"closed","template":"","meta":[],"product_brand":[3320],"product_cat":[1585],"product_tag":[],"class_list":{"0":"post-733249","1":"product","2":"type-product","3":"status-publish","4":"has-post-thumbnail","6":"product_brand-rocna-de","7":"product_cat-anker-rocna-und-vulcan","9":"first","10":"instock","11":"shipping-taxable","12":"purchasable","13":"product-type-simple"},"_links":{"self":[{"href":"https:\/\/stoic-curie.212-227-153-4.plesk.page\/de\/wp-json\/wp\/v2\/product\/733249","targetHints":{"allow":["GET"]}}],"collection":[{"href":"https:\/\/stoic-curie.212-227-153-4.plesk.page\/de\/wp-json\/wp\/v2\/product"}],"about":[{"href":"https:\/\/stoic-curie.212-227-153-4.plesk.page\/de\/wp-json\/wp\/v2\/types\/product"}],"replies":[{"embeddable":true,"href":"https:\/\/stoic-curie.212-227-153-4.plesk.page\/de\/wp-json\/wp\/v2\/comments?post=733249"}],"version-history":[{"count":0,"href":"https:\/\/stoic-curie.212-227-153-4.plesk.page\/de\/wp-json\/wp\/v2\/product\/733249\/revisions"}],"wp:featuredmedia":[{"embeddable":true,"href":"https:\/\/stoic-curie.212-227-153-4.plesk.page\/de\/wp-json\/wp\/v2\/media\/5937282"}],"wp:attachment":[{"href":"https:\/\/stoic-curie.212-227-153-4.plesk.page\/de\/wp-json\/wp\/v2\/media?parent=733249"}],"wp:term":[{"taxonomy":"product_brand","embeddable":true,"href":"https:\/\/stoic-curie.212-227-153-4.plesk.page\/de\/wp-json\/wp\/v2\/product_brand?post=733249"},{"taxonomy":"product_cat","embeddable":true,"href":"https:\/\/stoic-curie.212-227-153-4.plesk.page\/de\/wp-json\/wp\/v2\/product_cat?post=733249"},{"taxonomy":"product_tag","embeddable":true,"href":"https:\/\/stoic-curie.212-227-153-4.plesk.page\/de\/wp-json\/wp\/v2\/product_tag?post=733249"}],"curies":[{"name":"wp","href":"https:\/\/api.w.org\/{rel}","templated":true}]}}