{"id":733250,"date":"2025-03-03T16:18:34","date_gmt":"2025-03-03T15:18:34","guid":{"rendered":"https:\/\/stoic-curie.212-227-153-4.plesk.page\/producto\/rocna-anker-20kg\/"},"modified":"2026-02-24T23:34:41","modified_gmt":"2026-02-24T23:34:41","slug":"rocna-anker-20kg","status":"publish","type":"product","link":"https:\/\/stoic-curie.212-227-153-4.plesk.page\/de\/product\/rocna-anker-20kg\/","title":{"rendered":"Rocna Anker 20kg"},"content":{"rendered":"<p>Rocna Anker 20kg &#8211; <\/p>\n<p style=\"color: rgb(34, 34, 34); font-family: Arial, Helvetica, sans-serif; font-size: small;\">Der Rocna-Anker wurde umfassend getestet und hat sich als besonders stark in seiner Haltekraft erwiesen. Er besteht aus speziell verzinktem Stahl und dringt schnell in verschiedene Meeresb\u00f6den ein, was ihn ideal f\u00fcr alle Bootstypen und Megayachten macht. Der Anker verf\u00fcgt \u00fcber einen Rollb\u00fcgel und eine optimierte Gewichtsverteilung, die es ihm erm\u00f6glicht, den effektivsten Winkel f\u00fcr das Eindringen zu erreichen. Seine gro\u00dfe konvexe Oberfl\u00e4che garantiert einen sicheren Halt unter verschiedenen See- und Windbedingungen.<\/p>\n<p style=\"color: rgb(34, 34, 34); font-family: Arial, Helvetica, sans-serif; font-size: small;\">Der Rocna-Anker ist eine flexibel einsetzbare L\u00f6sung, die ihre Position in den meisten Meeresb\u00f6den effizient setzt und h\u00e4lt, einschlie\u00dflich weichem Schlamm, hartem Sand, Ton, Seegras und Kelp.<\/p>\n<p style=\"color: rgb(34, 34, 34); font-family: Arial, Helvetica, sans-serif; font-size: small;\">Zu den herausragenden Merkmalen geh\u00f6ren:<\/p>\n<ul style=\"color: rgb(34, 34, 34); font-family: Arial, Helvetica, sans-serif; font-size: small;\">\n<li>Ein schlanker Schaft f\u00fcr tiefes Eindringen<\/li>\n<li>Eine breite Schaufel und eine Mei\u00dfelspitze f\u00fcr verbesserte Haltekraft<\/li>\n<li>Ein sich selbst aufrichtendes Design, das sich nach dem Verschieben zur\u00fccksetzt<\/li>\n<\/ul>\n<p style=\"color: rgb(34, 34, 34); font-family: Arial, Helvetica, sans-serif; font-size: small;\">Was den Rocna-Anker als den besten der Welt auszeichnet:<\/p>\n<ul style=\"color: rgb(34, 34, 34); font-family: Arial, Helvetica, sans-serif; font-size: small;\">\n<li>Schnelles Setzen auf verschiedenen Untergr\u00fcnden<\/li>\n<li>Verl\u00e4ssliche Haltekraft<\/li>\n<li>Widerstand gegen Bewegung durch Wind und Gezeiten<\/li>\n<li>Selbststartf\u00e4higkeiten<\/li>\n<li>Tandem-Ankerverbindungspunkt<\/li>\n<li>Lebenslange Garantie<\/li>\n<\/ul>\n<p style=\"color: rgb(34, 34, 34); font-family: Arial, Helvetica, sans-serif; font-size: small;\">Entscheiden Sie sich f\u00fcr den Rocna-Anker f\u00fcr:<\/p>\n<p style=\"color: rgb(34, 34, 34); font-family: Arial, Helvetica, sans-serif; font-size: small;\">Den ultimativen Mehrzweckanker, der auf allen Ozeanb\u00f6den ausgezeichnete Leistungen erbringt, geeignet f\u00fcr Schiffe jeglicher Gr\u00f6\u00dfe, von kleinen Motorbooten bis hin zu Superyachten, Arbeitsbooten und kleinen Schiffen.<\/p>\n","protected":false},"excerpt":{"rendered":"<p>Rocna Anker 20kg &#8211; Der Rocna-Anker wurde umfassend getestet und hat sich als besonders stark in seiner Haltekraft erwiesen. Er<\/p>\n","protected":false},"featured_media":5937282,"comment_status":"open","ping_status":"closed","template":"","meta":[],"product_brand":[3320],"product_cat":[1585],"product_tag":[],"class_list":{"0":"post-733250","1":"product","2":"type-product","3":"status-publish","4":"has-post-thumbnail","6":"product_brand-rocna-de","7":"product_cat-anker-rocna-und-vulcan","9":"first","10":"instock","11":"shipping-taxable","12":"purchasable","13":"product-type-simple"},"_links":{"self":[{"href":"https:\/\/stoic-curie.212-227-153-4.plesk.page\/de\/wp-json\/wp\/v2\/product\/733250","targetHints":{"allow":["GET"]}}],"collection":[{"href":"https:\/\/stoic-curie.212-227-153-4.plesk.page\/de\/wp-json\/wp\/v2\/product"}],"about":[{"href":"https:\/\/stoic-curie.212-227-153-4.plesk.page\/de\/wp-json\/wp\/v2\/types\/product"}],"replies":[{"embeddable":true,"href":"https:\/\/stoic-curie.212-227-153-4.plesk.page\/de\/wp-json\/wp\/v2\/comments?post=733250"}],"version-history":[{"count":0,"href":"https:\/\/stoic-curie.212-227-153-4.plesk.page\/de\/wp-json\/wp\/v2\/product\/733250\/revisions"}],"wp:featuredmedia":[{"embeddable":true,"href":"https:\/\/stoic-curie.212-227-153-4.plesk.page\/de\/wp-json\/wp\/v2\/media\/5937282"}],"wp:attachment":[{"href":"https:\/\/stoic-curie.212-227-153-4.plesk.page\/de\/wp-json\/wp\/v2\/media?parent=733250"}],"wp:term":[{"taxonomy":"product_brand","embeddable":true,"href":"https:\/\/stoic-curie.212-227-153-4.plesk.page\/de\/wp-json\/wp\/v2\/product_brand?post=733250"},{"taxonomy":"product_cat","embeddable":true,"href":"https:\/\/stoic-curie.212-227-153-4.plesk.page\/de\/wp-json\/wp\/v2\/product_cat?post=733250"},{"taxonomy":"product_tag","embeddable":true,"href":"https:\/\/stoic-curie.212-227-153-4.plesk.page\/de\/wp-json\/wp\/v2\/product_tag?post=733250"}],"curies":[{"name":"wp","href":"https:\/\/api.w.org\/{rel}","templated":true}]}}