{"id":733251,"date":"2025-03-03T16:18:35","date_gmt":"2025-03-03T15:18:35","guid":{"rendered":"https:\/\/stoic-curie.212-227-153-4.plesk.page\/producto\/rocna-anker-25kg\/"},"modified":"2026-02-24T23:34:41","modified_gmt":"2026-02-24T23:34:41","slug":"rocna-anker-25kg","status":"publish","type":"product","link":"https:\/\/stoic-curie.212-227-153-4.plesk.page\/de\/product\/rocna-anker-25kg\/","title":{"rendered":"Rocna Anker 25kg"},"content":{"rendered":"<p>Rocna Anker 25kg &#8211; <\/p>\n<p style=\"color: rgb(34, 34, 34); font-family: Arial, Helvetica, sans-serif; font-size: small;\">Unabh\u00e4ngig getestet und verifiziert, ist der Rocna-Anker f\u00fcr seine au\u00dfergew\u00f6hnliche Haltef\u00e4higkeit bekannt. Hergestellt aus speziell galvanisiertem Stahl, dringt er schnell in jede Art von Grund ein, was ihn f\u00fcr alle Boote und Megayachten geeignet macht. Die Rollstange und die Gewichtverteilung des Ankers helfen, den besten Winkel f\u00fcr die Penetration zu erreichen, w\u00e4hrend die gro\u00dfe konvexe Fl\u00e4che einen sicheren Halt unter verschiedenen See- und Windbedingungen gew\u00e4hrleistet.<\/p>\n<p style=\"color: rgb(34, 34, 34); font-family: Arial, Helvetica, sans-serif; font-size: small;\">Der Rocna-Anker ist eine vielseitige Wahl, die in den meisten Meeresb\u00f6den, einschlie\u00dflich weichem Schlamm, hartem Sand, Ton, Gras und Algen, effektiv gesetzt und gehalten werden kann.<\/p>\n<p style=\"color: rgb(34, 34, 34); font-family: Arial, Helvetica, sans-serif; font-size: small;\">Wesentliche Merkmale umfassen:<\/p>\n<ul style=\"color: rgb(34, 34, 34); font-family: Arial, Helvetica, sans-serif; font-size: small;\">\n<li>Schlankes Schaftprofil f\u00fcr tiefes Eindringen<\/li>\n<li>Breite Fluke und Mei\u00dfelspitze f\u00fcr starke Haltekr\u00e4fte<\/li>\n<li>Selbstaufrichtendes Design, das sich nach Abdrift zur\u00fccksetzt<\/li>\n<\/ul>\n<p style=\"color: rgb(34, 34, 34); font-family: Arial, Helvetica, sans-serif; font-size: small;\">Was den Rocna-Anker zum besten der Welt macht:<\/p>\n<ul style=\"color: rgb(34, 34, 34); font-family: Arial, Helvetica, sans-serif; font-size: small;\">\n<li>Schnelles Setzen auf unterschiedlichen Untergr\u00fcnden<\/li>\n<li>Zuverl\u00e4ssige Haltekr\u00e4fte<\/li>\n<li>Widerstandsf\u00e4hig gegen Verschiebungen durch Wind und Gezeiten<\/li>\n<li>Selbststartf\u00e4higkeiten<\/li>\n<li>Tandem-Ankeranschlussstelle<\/li>\n<li>Lebenslange Garantie<\/li>\n<\/ul>\n<p style=\"color: rgb(34, 34, 34); font-family: Arial, Helvetica, sans-serif; font-size: small;\">W\u00e4hlen Sie den Rocna-Anker f\u00fcr:<\/p>\n<ul style=\"color: rgb(34, 34, 34); font-family: Arial, Helvetica, sans-serif; font-size: small;\">\n<li>Den besten Mehrzweckanker, der auf allen Meeresb\u00f6den funktioniert.<\/li>\n<li>Schiffe aller Gr\u00f6\u00dfen, von kleinen Schnellbooten bis hin zu Superyachten, Arbeitsbooten und kleinen Schiffen.<\/li>\n<\/ul>\n","protected":false},"excerpt":{"rendered":"<p>Rocna Anker 25kg &#8211; Unabh\u00e4ngig getestet und verifiziert, ist der Rocna-Anker f\u00fcr seine au\u00dfergew\u00f6hnliche Haltef\u00e4higkeit bekannt. Hergestellt aus speziell galvanisiertem<\/p>\n","protected":false},"featured_media":5937282,"comment_status":"open","ping_status":"closed","template":"","meta":[],"product_brand":[3320],"product_cat":[1585],"product_tag":[],"class_list":{"0":"post-733251","1":"product","2":"type-product","3":"status-publish","4":"has-post-thumbnail","6":"product_brand-rocna-de","7":"product_cat-anker-rocna-und-vulcan","9":"first","10":"instock","11":"shipping-taxable","12":"purchasable","13":"product-type-simple"},"_links":{"self":[{"href":"https:\/\/stoic-curie.212-227-153-4.plesk.page\/de\/wp-json\/wp\/v2\/product\/733251","targetHints":{"allow":["GET"]}}],"collection":[{"href":"https:\/\/stoic-curie.212-227-153-4.plesk.page\/de\/wp-json\/wp\/v2\/product"}],"about":[{"href":"https:\/\/stoic-curie.212-227-153-4.plesk.page\/de\/wp-json\/wp\/v2\/types\/product"}],"replies":[{"embeddable":true,"href":"https:\/\/stoic-curie.212-227-153-4.plesk.page\/de\/wp-json\/wp\/v2\/comments?post=733251"}],"version-history":[{"count":0,"href":"https:\/\/stoic-curie.212-227-153-4.plesk.page\/de\/wp-json\/wp\/v2\/product\/733251\/revisions"}],"wp:featuredmedia":[{"embeddable":true,"href":"https:\/\/stoic-curie.212-227-153-4.plesk.page\/de\/wp-json\/wp\/v2\/media\/5937282"}],"wp:attachment":[{"href":"https:\/\/stoic-curie.212-227-153-4.plesk.page\/de\/wp-json\/wp\/v2\/media?parent=733251"}],"wp:term":[{"taxonomy":"product_brand","embeddable":true,"href":"https:\/\/stoic-curie.212-227-153-4.plesk.page\/de\/wp-json\/wp\/v2\/product_brand?post=733251"},{"taxonomy":"product_cat","embeddable":true,"href":"https:\/\/stoic-curie.212-227-153-4.plesk.page\/de\/wp-json\/wp\/v2\/product_cat?post=733251"},{"taxonomy":"product_tag","embeddable":true,"href":"https:\/\/stoic-curie.212-227-153-4.plesk.page\/de\/wp-json\/wp\/v2\/product_tag?post=733251"}],"curies":[{"name":"wp","href":"https:\/\/api.w.org\/{rel}","templated":true}]}}