{"id":733252,"date":"2025-03-03T16:18:35","date_gmt":"2025-03-03T15:18:35","guid":{"rendered":"https:\/\/stoic-curie.212-227-153-4.plesk.page\/producto\/rocna-anker-33kg\/"},"modified":"2026-02-24T23:34:41","modified_gmt":"2026-02-24T23:34:41","slug":"rocna-anker-33kg","status":"publish","type":"product","link":"https:\/\/stoic-curie.212-227-153-4.plesk.page\/de\/product\/rocna-anker-33kg\/","title":{"rendered":"Rocna Anker 33kg"},"content":{"rendered":"<p>Rocna Anker 33kg &#8211; <\/p>\n<p style=\"color: rgb(34, 34, 34); font-family: Arial, Helvetica, sans-serif; font-size: small;\">Der Rocna 33 (33 kg) verzinkte Spezialanker aus verzinktem Stahl ist f\u00fcr schnelles Greifen konzipiert und f\u00fcr jeden Bodentyp geeignet, was ihn ideal f\u00fcr Boote aller Gr\u00f6\u00dfen, einschlie\u00dflich Megayachten, macht. Sein Rollstuhl-Design und die Gewichtsverteilung gew\u00e4hrleisten einen optimalen Eindringwinkel, w\u00e4hrend die gro\u00dfe konkave Oberfl\u00e4che au\u00dfergew\u00f6hnliche Haltekraft bietet.<\/p>\n<p style=\"color: rgb(34, 34, 34); font-family: Arial, Helvetica, sans-serif; font-size: small;\">Dieser Anker wurde unabh\u00e4ngig getestet und verifiziert, um eine au\u00dfergew\u00f6hnlich hohe Haltekraft zu liefern.<\/p>\n<p style=\"color: rgb(34, 34, 34); font-family: Arial, Helvetica, sans-serif; font-size: small;\">Der Rocna-Anker ist eine vielseitige L\u00f6sung, die sich effektiv in verschiedenen Bodentypen setzen und halten l\u00e4sst, einschlie\u00dflich weichem Schlamm, hartem Sand, Ton, Gras und Algen.<\/p>\n<p style=\"color: rgb(34, 34, 34); font-family: Arial, Helvetica, sans-serif; font-size: small;\"><strong>Hauptmerkmale:<\/strong><\/p>\n<ul style=\"color: rgb(34, 34, 34); font-family: Arial, Helvetica, sans-serif; font-size: small;\">\n<li>Schlanke Schaftform f\u00fcr tiefes Eindringen<\/li>\n<li>Breite Fluke und Mei\u00dfelspitze f\u00fcr erh\u00f6hte Haltekraft<\/li>\n<li>Selbstaufrichtendes Design, das sich nach Abweichungen zur\u00fccksetzt<\/li>\n<\/ul>\n<p style=\"color: rgb(34, 34, 34); font-family: Arial, Helvetica, sans-serif; font-size: small;\"><strong>Warum Rocna als bester Anker weltweit gilt:<\/strong><\/p>\n<ul style=\"color: rgb(34, 34, 34); font-family: Arial, Helvetica, sans-serif; font-size: small;\">\n<li>Schnelle Setzf\u00e4higkeit \u00fcber verschiedene Bodentypen<\/li>\n<li>Au\u00dfergew\u00f6hnliche Haltekraft<\/li>\n<li>Widerstandsf\u00e4hig gegen Wind- und Gezeitenwechsel<\/li>\n<li>Selbststartfunktion<\/li>\n<li>Gegenst\u00fcck f\u00fcr Tandemverankerung<\/li>\n<li>Lebenslange Garantie<\/li>\n<\/ul>\n<p style=\"color: rgb(34, 34, 34); font-family: Arial, Helvetica, sans-serif; font-size: small;\"><strong>W\u00e4hlen Sie den Rocna-Anker:<\/strong><\/p>\n<ul style=\"color: rgb(34, 34, 34); font-family: Arial, Helvetica, sans-serif; font-size: small;\">\n<li>F\u00fcr einen zuverl\u00e4ssigen Multifunktionsanker, der auf allen Ozeanb\u00f6den gut funktioniert.<\/li>\n<li>Geeignet f\u00fcr Schiffe aller Gr\u00f6\u00dfen, von kleinen Booten bis hin zu Superyachten, Arbeitsbooten und kleinen Schiffen.<\/li>\n<\/ul>\n<p style=\"color: rgb(34, 34, 34); font-family: Arial, Helvetica, sans-serif; font-size: small;\"><strong>Rocna Original-Spezifikationen:<\/strong><\/p>\n<ul style=\"color: rgb(34, 34, 34); font-family: Arial, Helvetica, sans-serif; font-size: small;\">\n<li>Material: Verzinkter Stahl<\/li>\n<li>Gewicht: 33 kg<\/li>\n<li>L\u00e4nge: 1066 mm<\/li>\n<li>Breite: 532 mm<\/li>\n<li>H\u00f6he (von der Fluke bis zur Rolle): 254 mm<\/li>\n<li>Schaftst\u00e4rke: 16,5 mm<\/li>\n<\/ul>\n","protected":false},"excerpt":{"rendered":"<p>Rocna Anker 33kg &#8211; Der Rocna 33 (33 kg) verzinkte Spezialanker aus verzinktem Stahl ist f\u00fcr schnelles Greifen konzipiert und<\/p>\n","protected":false},"featured_media":5937282,"comment_status":"open","ping_status":"closed","template":"","meta":[],"product_brand":[3320],"product_cat":[1585],"product_tag":[],"class_list":{"0":"post-733252","1":"product","2":"type-product","3":"status-publish","4":"has-post-thumbnail","6":"product_brand-rocna-de","7":"product_cat-anker-rocna-und-vulcan","9":"first","10":"instock","11":"shipping-taxable","12":"purchasable","13":"product-type-simple"},"_links":{"self":[{"href":"https:\/\/stoic-curie.212-227-153-4.plesk.page\/de\/wp-json\/wp\/v2\/product\/733252","targetHints":{"allow":["GET"]}}],"collection":[{"href":"https:\/\/stoic-curie.212-227-153-4.plesk.page\/de\/wp-json\/wp\/v2\/product"}],"about":[{"href":"https:\/\/stoic-curie.212-227-153-4.plesk.page\/de\/wp-json\/wp\/v2\/types\/product"}],"replies":[{"embeddable":true,"href":"https:\/\/stoic-curie.212-227-153-4.plesk.page\/de\/wp-json\/wp\/v2\/comments?post=733252"}],"version-history":[{"count":0,"href":"https:\/\/stoic-curie.212-227-153-4.plesk.page\/de\/wp-json\/wp\/v2\/product\/733252\/revisions"}],"wp:featuredmedia":[{"embeddable":true,"href":"https:\/\/stoic-curie.212-227-153-4.plesk.page\/de\/wp-json\/wp\/v2\/media\/5937282"}],"wp:attachment":[{"href":"https:\/\/stoic-curie.212-227-153-4.plesk.page\/de\/wp-json\/wp\/v2\/media?parent=733252"}],"wp:term":[{"taxonomy":"product_brand","embeddable":true,"href":"https:\/\/stoic-curie.212-227-153-4.plesk.page\/de\/wp-json\/wp\/v2\/product_brand?post=733252"},{"taxonomy":"product_cat","embeddable":true,"href":"https:\/\/stoic-curie.212-227-153-4.plesk.page\/de\/wp-json\/wp\/v2\/product_cat?post=733252"},{"taxonomy":"product_tag","embeddable":true,"href":"https:\/\/stoic-curie.212-227-153-4.plesk.page\/de\/wp-json\/wp\/v2\/product_tag?post=733252"}],"curies":[{"name":"wp","href":"https:\/\/api.w.org\/{rel}","templated":true}]}}