{"id":733253,"date":"2025-03-03T16:18:35","date_gmt":"2025-03-03T15:18:35","guid":{"rendered":"https:\/\/stoic-curie.212-227-153-4.plesk.page\/producto\/rocna-anker-40kg\/"},"modified":"2026-02-24T23:34:41","modified_gmt":"2026-02-24T23:34:41","slug":"rocna-anker-40kg","status":"publish","type":"product","link":"https:\/\/stoic-curie.212-227-153-4.plesk.page\/de\/product\/rocna-anker-40kg\/","title":{"rendered":"Rocna Anker 40kg"},"content":{"rendered":"<p>Rocna Anker 40kg &#8211; <\/p>\n<p style=\"color: rgb(34, 34, 34); font-family: Arial, Helvetica, sans-serif; font-size: small;\"><strong>Rocna 40 (88 lb) verzinkter Anker<\/strong><\/p>\n<p style=\"color: rgb(34, 34, 34); font-family: Arial, Helvetica, sans-serif; font-size: small;\">Wir pr\u00e4sentieren den Rocna 40, einen speziell entwickelten verzinkten Stahlanker, der in verschiedenen Unterwasserbedingungen hervorragende Leistungen erbringt und sich sowohl f\u00fcr kleine Boote als auch f\u00fcr Megayachten eignet. Sein innovativer Rollbalken und die strategische Gewichtsverteilung gew\u00e4hrleisten einen optimalen Eindringwinkel, w\u00e4hrend die gro\u00dfe konkave Oberfl\u00e4che au\u00dfergew\u00f6hnliche Haltekraft bietet.<\/p>\n<p style=\"color: rgb(34, 34, 34); font-family: Arial, Helvetica, sans-serif; font-size: small;\"><strong>Unabh\u00e4ngig getestet und verifiziert f\u00fcr \u00fcberlegene Haltekapazit\u00e4t<\/strong><\/p>\n<p style=\"color: rgb(34, 34, 34); font-family: Arial, Helvetica, sans-serif; font-size: small;\">Der Rocna-Anker ist eine vielseitige L\u00f6sung, die in einer Vielzahl von Unterwasserarten, von weichem Schlamm bis zu hartem Sand, Ton, Gras und Tang, effektiv setzt und h\u00e4lt.<\/p>\n<p style=\"color: rgb(34, 34, 34); font-family: Arial, Helvetica, sans-serif; font-size: small;\"><strong>Hauptmerkmale:<\/strong><\/p>\n<ul style=\"color: rgb(34, 34, 34); font-family: Arial, Helvetica, sans-serif; font-size: small;\">\n<li><strong>Schlanker Schaftprofil:<\/strong> Erm\u00f6glicht tiefes Eindringen.<\/li>\n<li><strong>Breite Fluke und Mei\u00dfelspitze:<\/strong> Erh\u00f6ht die Haltest\u00e4rke.<\/li>\n<li><strong>Selbstaufrichtendes Design:<\/strong> Setzt sich automatisch nach Ablenkung zur\u00fcck.<\/li>\n<\/ul>\n<p style=\"color: rgb(34, 34, 34); font-family: Arial, Helvetica, sans-serif; font-size: small;\"><strong>Warum Rocna als Premier-Anker hervorsticht:<\/strong><\/p>\n<ul style=\"color: rgb(34, 34, 34); font-family: Arial, Helvetica, sans-serif; font-size: small;\">\n<li>Schnelles Setzen in unterschiedlichen Unterwasserarten.<\/li>\n<li>Un\u00fcbertroffene Haltekraft.<\/li>\n<li>Robust gegen Wind und Gezeiten\u00e4nderungen.<\/li>\n<li>Selbststartfunktion.<\/li>\n<li>Tandem-Ankerungspunkt.<\/li>\n<li>Lebenslange Garantie.<\/li>\n<\/ul>\n<p style=\"color: rgb(34, 34, 34); font-family: Arial, Helvetica, sans-serif; font-size: small;\"><strong>W\u00e4hlen Sie Rocna f\u00fcr:<\/strong><\/p>\n<ul style=\"color: rgb(34, 34, 34); font-family: Arial, Helvetica, sans-serif; font-size: small;\">\n<li>Den ultimativen Mehrzweckanker, der auf allen Meeresb\u00f6den zuverl\u00e4ssig funktioniert.<\/li>\n<li>Kompatibilit\u00e4t mit Booten jeder Gr\u00f6\u00dfe, von kleinen Sportbooten bis hin zu Superyachten, Arbeitsbooten und kleinen Schiffen.<\/li>\n<\/ul>\n","protected":false},"excerpt":{"rendered":"<p>Rocna Anker 40kg &#8211; Rocna 40 (88 lb) verzinkter Anker Wir pr\u00e4sentieren den Rocna 40, einen speziell entwickelten verzinkten Stahlanker,<\/p>\n","protected":false},"featured_media":5937282,"comment_status":"open","ping_status":"closed","template":"","meta":[],"product_brand":[3320],"product_cat":[1585],"product_tag":[],"class_list":{"0":"post-733253","1":"product","2":"type-product","3":"status-publish","4":"has-post-thumbnail","6":"product_brand-rocna-de","7":"product_cat-anker-rocna-und-vulcan","9":"first","10":"instock","11":"shipping-taxable","12":"purchasable","13":"product-type-simple"},"_links":{"self":[{"href":"https:\/\/stoic-curie.212-227-153-4.plesk.page\/de\/wp-json\/wp\/v2\/product\/733253","targetHints":{"allow":["GET"]}}],"collection":[{"href":"https:\/\/stoic-curie.212-227-153-4.plesk.page\/de\/wp-json\/wp\/v2\/product"}],"about":[{"href":"https:\/\/stoic-curie.212-227-153-4.plesk.page\/de\/wp-json\/wp\/v2\/types\/product"}],"replies":[{"embeddable":true,"href":"https:\/\/stoic-curie.212-227-153-4.plesk.page\/de\/wp-json\/wp\/v2\/comments?post=733253"}],"version-history":[{"count":0,"href":"https:\/\/stoic-curie.212-227-153-4.plesk.page\/de\/wp-json\/wp\/v2\/product\/733253\/revisions"}],"wp:featuredmedia":[{"embeddable":true,"href":"https:\/\/stoic-curie.212-227-153-4.plesk.page\/de\/wp-json\/wp\/v2\/media\/5937282"}],"wp:attachment":[{"href":"https:\/\/stoic-curie.212-227-153-4.plesk.page\/de\/wp-json\/wp\/v2\/media?parent=733253"}],"wp:term":[{"taxonomy":"product_brand","embeddable":true,"href":"https:\/\/stoic-curie.212-227-153-4.plesk.page\/de\/wp-json\/wp\/v2\/product_brand?post=733253"},{"taxonomy":"product_cat","embeddable":true,"href":"https:\/\/stoic-curie.212-227-153-4.plesk.page\/de\/wp-json\/wp\/v2\/product_cat?post=733253"},{"taxonomy":"product_tag","embeddable":true,"href":"https:\/\/stoic-curie.212-227-153-4.plesk.page\/de\/wp-json\/wp\/v2\/product_tag?post=733253"}],"curies":[{"name":"wp","href":"https:\/\/api.w.org\/{rel}","templated":true}]}}