{"id":733254,"date":"2025-03-03T16:18:35","date_gmt":"2025-03-03T15:18:35","guid":{"rendered":"https:\/\/stoic-curie.212-227-153-4.plesk.page\/producto\/rocna-anker-55kg\/"},"modified":"2026-02-24T23:34:41","modified_gmt":"2026-02-24T23:34:41","slug":"rocna-anker-55kg","status":"publish","type":"product","link":"https:\/\/stoic-curie.212-227-153-4.plesk.page\/de\/product\/rocna-anker-55kg\/","title":{"rendered":"Rocna Anker 55kg"},"content":{"rendered":"<p>Rocna Anker 55kg &#8211; <\/p>\n<p>Wir pr\u00e4sentieren den Rocna 55, hergestellt aus speziellem, verzinktem Stahl, der f\u00fcr optimale Leistung auf verschiedenen Meeresbodenarten konzipiert ist. Dieser Anker ist f\u00fcr Boote aller Gr\u00f6\u00dfen geeignet, einschlie\u00dflich Megayachten. Sein innovativer Rollbalken und die Gewichtverteilungseigenschaften sorgen f\u00fcr einen idealen Eindringwinkel, w\u00e4hrend die gro\u00dfe konkave Fl\u00e4che eine au\u00dfergew\u00f6hnliche Haltekraft bietet. Auf Anfrage bieten wir Rocna-Anker in Gewichten von 110, 150, 200 und 250 kg an, alle begleitet von einem R.I.N.A.-Zertifikat. Besonders bemerkenswert ist der Rocna 55 mit einem Gewicht von 55 kg.<\/p>\n<p>Dieser Anker wurde unabh\u00e4ngig getestet und verifiziert, wobei eine \u00e4u\u00dferst hohe Haltekraft nachgewiesen wurde.<\/p>\n<p>Der Rocna-Anker ist eine vielseitige L\u00f6sung, die effektiv in unterschiedlichen Meeresbodenbedingungen, einschlie\u00dflich weichem Schlamm, hartem Sand, Ton, Gras und Algen, setzt und h\u00e4lt.<\/p>\n<p>Hauptmerkmale:<\/p>\n<ul>\n<li>Schmaler Schaftprofil f\u00fcr tiefes Eindringen<\/li>\n<li>Breite Fluke und Mei\u00dfelspitze f\u00fcr erh\u00f6hte Haltekapazit\u00e4t<\/li>\n<li>Selbstaufrichtendes Design, das sich nach dem Schwenken zur\u00fccksetzt<\/li>\n<\/ul>\n<p>Was den Rocna als den besten Anker weltweit auszeichnet:<\/p>\n<ul>\n<li>Schnelles Setzen auf verschiedenen Meeresbodenarten<\/li>\n<li>Ausgezeichnete Haltekraft<\/li>\n<li>Widerstandsf\u00e4higkeit gegen Wind- und Tidenwechsel<\/li>\n<li>Selbststartf\u00e4higkeiten<\/li>\n<li>Tandem-Ankerpunkt<\/li>\n<li>Lebenslange Garantie<\/li>\n<\/ul>\n<p>W\u00e4hlen Sie den Rocna-Anker f\u00fcr:<\/p>\n<ul>\n<li>Die beste multifunktionale L\u00f6sung, die auf allen Meeresbodentypen zuverl\u00e4ssig funktioniert.<\/li>\n<li>Kompatibilit\u00e4t mit Schiffen aller Gr\u00f6\u00dfen, von kleinen Booten bis zu Superyachten, Arbeitsbooten und kleinen Schiffen.<\/li>\n<\/ul>\n","protected":false},"excerpt":{"rendered":"<p>Rocna Anker 55kg &#8211; Wir pr\u00e4sentieren den Rocna 55, hergestellt aus speziellem, verzinktem Stahl, der f\u00fcr optimale Leistung auf verschiedenen<\/p>\n","protected":false},"featured_media":5937282,"comment_status":"open","ping_status":"closed","template":"","meta":[],"product_brand":[3320],"product_cat":[1585],"product_tag":[],"class_list":{"0":"post-733254","1":"product","2":"type-product","3":"status-publish","4":"has-post-thumbnail","6":"product_brand-rocna-de","7":"product_cat-anker-rocna-und-vulcan","9":"first","10":"instock","11":"shipping-taxable","12":"purchasable","13":"product-type-simple"},"_links":{"self":[{"href":"https:\/\/stoic-curie.212-227-153-4.plesk.page\/de\/wp-json\/wp\/v2\/product\/733254","targetHints":{"allow":["GET"]}}],"collection":[{"href":"https:\/\/stoic-curie.212-227-153-4.plesk.page\/de\/wp-json\/wp\/v2\/product"}],"about":[{"href":"https:\/\/stoic-curie.212-227-153-4.plesk.page\/de\/wp-json\/wp\/v2\/types\/product"}],"replies":[{"embeddable":true,"href":"https:\/\/stoic-curie.212-227-153-4.plesk.page\/de\/wp-json\/wp\/v2\/comments?post=733254"}],"version-history":[{"count":0,"href":"https:\/\/stoic-curie.212-227-153-4.plesk.page\/de\/wp-json\/wp\/v2\/product\/733254\/revisions"}],"wp:featuredmedia":[{"embeddable":true,"href":"https:\/\/stoic-curie.212-227-153-4.plesk.page\/de\/wp-json\/wp\/v2\/media\/5937282"}],"wp:attachment":[{"href":"https:\/\/stoic-curie.212-227-153-4.plesk.page\/de\/wp-json\/wp\/v2\/media?parent=733254"}],"wp:term":[{"taxonomy":"product_brand","embeddable":true,"href":"https:\/\/stoic-curie.212-227-153-4.plesk.page\/de\/wp-json\/wp\/v2\/product_brand?post=733254"},{"taxonomy":"product_cat","embeddable":true,"href":"https:\/\/stoic-curie.212-227-153-4.plesk.page\/de\/wp-json\/wp\/v2\/product_cat?post=733254"},{"taxonomy":"product_tag","embeddable":true,"href":"https:\/\/stoic-curie.212-227-153-4.plesk.page\/de\/wp-json\/wp\/v2\/product_tag?post=733254"}],"curies":[{"name":"wp","href":"https:\/\/api.w.org\/{rel}","templated":true}]}}