{"id":733255,"date":"2025-03-03T16:18:35","date_gmt":"2025-03-03T15:18:35","guid":{"rendered":"https:\/\/stoic-curie.212-227-153-4.plesk.page\/producto\/rocna-anker-70kg\/"},"modified":"2026-02-24T23:34:41","modified_gmt":"2026-02-24T23:34:41","slug":"rocna-anker-70kg","status":"publish","type":"product","link":"https:\/\/stoic-curie.212-227-153-4.plesk.page\/de\/product\/rocna-anker-70kg\/","title":{"rendered":"Rocna Anker 70kg"},"content":{"rendered":"<p>Rocna Anker 70kg &#8211; <\/p>\n<p style=\"color: rgb(34, 34, 34); font-family: Arial, Helvetica, sans-serif; font-size: small;\">Wir stellen den speziellen verzinkten Rocna-Anker mit 70 kg vor, der f\u00fcr optimale Leistung auf jedem Seeboden konzipiert ist und sich daher f\u00fcr Boote aller Gr\u00f6\u00dfen, einschlie\u00dflich Megayachten, eignet. Die Rollstange und die Gewichtsverteilung des Ankers gew\u00e4hrleisten einen idealen Eindringwinkel, w\u00e4hrend seine gro\u00dfe konkave Fl\u00e4che au\u00dfergew\u00f6hnliche Haltekraft bietet. Wir bieten R.I.Na.-zertifizierte Anker an, mit schwereren Optionen auf Anfrage in Gewichten von 110, 150, 200 und 250 kg.<\/p>\n<p style=\"color: rgb(34, 34, 34); font-family: Arial, Helvetica, sans-serif; font-size: small;\"><strong>Rocna 70 (154 lb) verzinkt<\/strong><br \/><strong>SKU: ROCORG070GS<\/strong><\/p>\n<p style=\"color: rgb(34, 34, 34); font-family: Arial, Helvetica, sans-serif; font-size: small;\">Dieser Anker wurde unabh\u00e4ngig getestet und als Anker mit super hoher Haltekraft verifiziert. Der Rocna-Anker ist eine vielseitige L\u00f6sung, die in verschiedenen Seeb\u00f6den, einschlie\u00dflich weichem Schlamm, hartem Sand, Lehm, Gras und Seegras, effektiv setzt und h\u00e4lt.<\/p>\n<p style=\"color: rgb(34, 34, 34); font-family: Arial, Helvetica, sans-serif; font-size: small;\"><strong>Hauptmerkmale:<\/strong><\/p>\n<ul style=\"color: rgb(34, 34, 34); font-family: Arial, Helvetica, sans-serif; font-size: small;\">\n<li><strong>Schlankes Schaftdesign:<\/strong>&nbsp;Erm\u00f6glicht eine tiefe Penetration.<\/li>\n<li><strong>Breiter Schenkel und Mei\u00dfelspitze:<\/strong>&nbsp;Gew\u00e4hrleistet hohe Haltekapazit\u00e4t.<\/li>\n<li><strong>Selbstrichtungsmechanismus:<\/strong>&nbsp;Setzt sich nach dem Abdriften automatisch zur\u00fcck.<\/li>\n<\/ul>\n<p style=\"color: rgb(34, 34, 34); font-family: Arial, Helvetica, sans-serif; font-size: small;\"><strong>Warum Rocna der f\u00fchrende Anker weltweit ist:<\/strong><\/p>\n<ul style=\"color: rgb(34, 34, 34); font-family: Arial, Helvetica, sans-serif; font-size: small;\">\n<li>Schnelles Setzen auf unterschiedlichen Bodentypen.<\/li>\n<li>Au\u00dfergew\u00f6hnliche Haltekraft.<\/li>\n<li>Resistent gegen Wind- und Tideverlagerungen.<\/li>\n<li>Selbststartendes Design.<\/li>\n<li>Verbindungspunkt f\u00fcr Tandemankern.<\/li>\n<li>Lebenslange Garantie.<\/li>\n<\/ul>\n<p style=\"color: rgb(34, 34, 34); font-family: Arial, Helvetica, sans-serif; font-size: small;\"><strong>W\u00e4hlen Sie Rocna f\u00fcr:<\/strong><\/p>\n<ul style=\"color: rgb(34, 34, 34); font-family: Arial, Helvetica, sans-serif; font-size: small;\">\n<li>Den besten Mehrzweckanker, der zuverl\u00e4ssig auf allen Meeresb\u00f6den funktioniert.<\/li>\n<li>Kompatibilit\u00e4t mit Fahrzeugen aller Gr\u00f6\u00dfen, von kleinen Sportbooten bis hin zu Superyachten, Arbeitsbooten und kleinen Schiffen.<\/li>\n<\/ul>\n","protected":false},"excerpt":{"rendered":"<p>Rocna Anker 70kg &#8211; Wir stellen den speziellen verzinkten Rocna-Anker mit 70 kg vor, der f\u00fcr optimale Leistung auf jedem<\/p>\n","protected":false},"featured_media":5937282,"comment_status":"open","ping_status":"closed","template":"","meta":[],"product_brand":[3320],"product_cat":[1585],"product_tag":[],"class_list":{"0":"post-733255","1":"product","2":"type-product","3":"status-publish","4":"has-post-thumbnail","6":"product_brand-rocna-de","7":"product_cat-anker-rocna-und-vulcan","9":"first","10":"outofstock","11":"shipping-taxable","12":"purchasable","13":"product-type-simple"},"_links":{"self":[{"href":"https:\/\/stoic-curie.212-227-153-4.plesk.page\/de\/wp-json\/wp\/v2\/product\/733255","targetHints":{"allow":["GET"]}}],"collection":[{"href":"https:\/\/stoic-curie.212-227-153-4.plesk.page\/de\/wp-json\/wp\/v2\/product"}],"about":[{"href":"https:\/\/stoic-curie.212-227-153-4.plesk.page\/de\/wp-json\/wp\/v2\/types\/product"}],"replies":[{"embeddable":true,"href":"https:\/\/stoic-curie.212-227-153-4.plesk.page\/de\/wp-json\/wp\/v2\/comments?post=733255"}],"version-history":[{"count":0,"href":"https:\/\/stoic-curie.212-227-153-4.plesk.page\/de\/wp-json\/wp\/v2\/product\/733255\/revisions"}],"wp:featuredmedia":[{"embeddable":true,"href":"https:\/\/stoic-curie.212-227-153-4.plesk.page\/de\/wp-json\/wp\/v2\/media\/5937282"}],"wp:attachment":[{"href":"https:\/\/stoic-curie.212-227-153-4.plesk.page\/de\/wp-json\/wp\/v2\/media?parent=733255"}],"wp:term":[{"taxonomy":"product_brand","embeddable":true,"href":"https:\/\/stoic-curie.212-227-153-4.plesk.page\/de\/wp-json\/wp\/v2\/product_brand?post=733255"},{"taxonomy":"product_cat","embeddable":true,"href":"https:\/\/stoic-curie.212-227-153-4.plesk.page\/de\/wp-json\/wp\/v2\/product_cat?post=733255"},{"taxonomy":"product_tag","embeddable":true,"href":"https:\/\/stoic-curie.212-227-153-4.plesk.page\/de\/wp-json\/wp\/v2\/product_tag?post=733255"}],"curies":[{"name":"wp","href":"https:\/\/api.w.org\/{rel}","templated":true}]}}