{"id":733260,"date":"2025-03-03T16:18:36","date_gmt":"2025-03-03T15:18:36","guid":{"rendered":"https:\/\/stoic-curie.212-227-153-4.plesk.page\/producto\/elektrische-toilette-ocean-leise-standard-24v-h455mm\/"},"modified":"2026-02-24T23:34:41","modified_gmt":"2026-02-24T23:34:41","slug":"elektrische-toilette-ocean-leise-standard-24v-h455mm","status":"publish","type":"product","link":"https:\/\/stoic-curie.212-227-153-4.plesk.page\/de\/product\/elektrische-toilette-ocean-leise-standard-24v-h455mm\/","title":{"rendered":"Toilette Ocean Luxury Silent 24V H455mm"},"content":{"rendered":"<p>Toilette Ocean Luxury Silent 24V H455mm &#8211; <\/p>\n<p>Toilet Ocean Luxury Silent 24V H455mm. Wir pr\u00e4sentieren unser elegant gestaltetes Toilettenbecken aus wei\u00dfem, glasiertem Porzellan, erg\u00e4nzt durch einen Holzsitz und einen Deckel mit rostfreien Stahl-Scharnieren. Dieses luxuri\u00f6se Toilettendesign bietet den Komfort von zu Hause.<\/p>\n<p>Hauptmerkmale:<\/p>\n<ul>\n<li>Hydrovakuumsystem f\u00fcr effiziente Abfallentsorgung.<\/li>\n<li>Basis aus sto\u00dffestem Material mit einer langlebigen Messingpumpe.<\/li>\n<li>Kompakte Gr\u00f6\u00dfe f\u00fcr einfache Installation und au\u00dfergew\u00f6hnlichen Komfort.<\/li>\n<li>Geeignet f\u00fcr die Installation \u00fcber oder unter dem Meeresspiegel.<\/li>\n<li>Geringer Wasserverbrauch mit nur 1 bis 2,5 Litern pro Sp\u00fclung.<\/li>\n<li>Leiser Betrieb f\u00fcr ein friedliches Erlebnis.<\/li>\n<li>Kommt mit einem benutzerfreundlichen Drei-Tasten-Schalterpanel.<\/li>\n<li>CE-zertifiziert und entspricht den ISO 8846- und EN 55014-Normen.<\/li>\n<li>Verf\u00fcgt \u00fcber einen &#8220;sanft schlie\u00dfenden&#8221; Sitz und Deckel f\u00fcr zus\u00e4tzlichen Luxus.<\/li>\n<\/ul>\n<p>Ocean Luxury Elektrische Toilette:<\/p>\n<ul>\n<li>Fl\u00fcsterleiser Betrieb<\/li>\n<li>Au\u00dfergew\u00f6hnlicher Komfort, der h\u00e4uslichen Toiletten nachempfunden ist<\/li>\n<li>Minimaler Wasserverbrauch<\/li>\n<li>Automatische Steuerung f\u00fcr Wasseraufnahme und Abfallentsorgung<\/li>\n<li>Integrierte Pumpeneinheit f\u00fcr effizientes Abfallmanagement<\/li>\n<li>Digitales Steuerpanel f\u00fcr einfache Bedienung<\/li>\n<li>Duroplast-Sitz mit sanft schlie\u00dfenden Scharnieren<\/li>\n<li>Hergestellt aus schlagfesten und korrosionsbest\u00e4ndigen Materialien<\/li>\n<li>Ausgestattet mit einem R\u00fcckschlagventil<\/li>\n<li>Selbstansaugf\u00e4higkeit bis zu 1,5 Meter H\u00f6he<\/li>\n<li>Vielseitige Installationsm\u00f6glichkeiten \u00fcber oder unter der Wasserlinie<\/li>\n<\/ul>\n<p>Diese Toilette kann ein automatisches Wassersystem oder eine Abwasserpumpe f\u00fcr den Wassereintritt nutzen. Sie verf\u00fcgt \u00fcber einen elektronischen Schalter, der den Wasserfluss in zwei Stufen regelt: Zuerst f\u00fcllt sich die Sch\u00fcssel mit klarem Wasser, dann wird der Abfall entsorgt, sodass die Sch\u00fcssel sauber und leer bleibt.<\/p>\n<p>F\u00fcr Installationen mit mehreren Toiletten kann eine einzige Wasserpumpe alle Einheiten bedienen, mit einem Elektromagnetventil f\u00fcr jede Toilette.<\/p>\n<ul>\n<li>Einlassgr\u00f6\u00dfe: 19 mm (3\/4&#8243; )<\/li>\n<li>Auslassgr\u00f6\u00dfen: 25\/38 mm (1&#8243;-1,5&#8243;)<\/li>\n<li>Stromverbrauch: 30A bei 12V<\/li>\n<\/ul>\n<p>Verbessern Sie Ihr Badezimmererlebnis mit unserer Ocean Luxury Elektrische Toilette, wo Komfort auf Innovation trifft.<\/p>\n","protected":false},"excerpt":{"rendered":"<p>Toilette Ocean Luxury Silent 24V H455mm &#8211; Toilet Ocean Luxury Silent 24V H455mm. Wir pr\u00e4sentieren unser elegant gestaltetes Toilettenbecken aus<\/p>\n","protected":false},"featured_media":5937303,"comment_status":"open","ping_status":"closed","template":"","meta":[],"product_brand":[3140],"product_cat":[1388],"product_tag":[],"class_list":{"0":"post-733260","1":"product","2":"type-product","3":"status-publish","4":"has-post-thumbnail","6":"product_brand-matromarine-de","7":"product_cat-marine-wcs","9":"first","10":"instock","11":"shipping-taxable","12":"purchasable","13":"product-type-simple"},"_links":{"self":[{"href":"https:\/\/stoic-curie.212-227-153-4.plesk.page\/de\/wp-json\/wp\/v2\/product\/733260","targetHints":{"allow":["GET"]}}],"collection":[{"href":"https:\/\/stoic-curie.212-227-153-4.plesk.page\/de\/wp-json\/wp\/v2\/product"}],"about":[{"href":"https:\/\/stoic-curie.212-227-153-4.plesk.page\/de\/wp-json\/wp\/v2\/types\/product"}],"replies":[{"embeddable":true,"href":"https:\/\/stoic-curie.212-227-153-4.plesk.page\/de\/wp-json\/wp\/v2\/comments?post=733260"}],"version-history":[{"count":0,"href":"https:\/\/stoic-curie.212-227-153-4.plesk.page\/de\/wp-json\/wp\/v2\/product\/733260\/revisions"}],"wp:featuredmedia":[{"embeddable":true,"href":"https:\/\/stoic-curie.212-227-153-4.plesk.page\/de\/wp-json\/wp\/v2\/media\/5937303"}],"wp:attachment":[{"href":"https:\/\/stoic-curie.212-227-153-4.plesk.page\/de\/wp-json\/wp\/v2\/media?parent=733260"}],"wp:term":[{"taxonomy":"product_brand","embeddable":true,"href":"https:\/\/stoic-curie.212-227-153-4.plesk.page\/de\/wp-json\/wp\/v2\/product_brand?post=733260"},{"taxonomy":"product_cat","embeddable":true,"href":"https:\/\/stoic-curie.212-227-153-4.plesk.page\/de\/wp-json\/wp\/v2\/product_cat?post=733260"},{"taxonomy":"product_tag","embeddable":true,"href":"https:\/\/stoic-curie.212-227-153-4.plesk.page\/de\/wp-json\/wp\/v2\/product_tag?post=733260"}],"curies":[{"name":"wp","href":"https:\/\/api.w.org\/{rel}","templated":true}]}}