{"id":733261,"date":"2025-03-03T16:18:36","date_gmt":"2025-03-03T15:18:36","guid":{"rendered":"https:\/\/stoic-curie.212-227-153-4.plesk.page\/producto\/elektrische-toilette-ocean-luxus-leise-niedrig-12v-h385mm\/"},"modified":"2026-02-24T23:34:41","modified_gmt":"2026-02-24T23:34:41","slug":"elektrische-toilette-ocean-luxus-leise-niedrig-12v-h385mm","status":"publish","type":"product","link":"https:\/\/stoic-curie.212-227-153-4.plesk.page\/de\/product\/elektrische-toilette-ocean-luxus-leise-niedrig-12v-h385mm\/","title":{"rendered":"Toilette Ocean Luxury Silent 12V H385mm"},"content":{"rendered":"<p>Toilette Ocean Luxury Silent 12V H385mm &#8211; <\/p>\n<p>Elektrische Toilet Ocean Luxury Silent 12V H385mm. Wir freuen uns, Ihnen unsere exquisit gestaltete Toilette aus einem eleganten wei\u00dfen Porzellanbowl pr\u00e4sentieren zu d\u00fcrfen, erg\u00e4nzt durch einen Holzsitz und -deckel mit rostfreien Stahl-Scharnieren. Dieses Premium-Toilettendesign integriert nahtlos den Komfort eines Zuhauses in Ihre Badezimmerumgebung.<\/p>\n<p><strong>Hauptmerkmale:<\/strong><\/p>\n<ul>\n<li>Fortschrittliches Hydrovakuumsystem f\u00fcr effiziente Abfallbeseitigung.<\/li>\n<li>Basis aus schlagfesten Materialien, ausgestattet mit einer robusten Messingpumpe.<\/li>\n<li>Kompaktes Design erleichtert die Installation und sorgt f\u00fcr \u00fcberlegenen Komfort.<\/li>\n<li>F\u00fcr die Installation sowohl \u00fcber als auch unter dem Meeresspiegel geeignet.<\/li>\n<li>Niedriger Wasserverbrauch von nur 1 bis 2,5 Litern pro Sp\u00fclung.<\/li>\n<li>Ger\u00e4uschloser Betrieb f\u00fcr ein ruhiges Erlebnis.<\/li>\n<li>Benutzerfreundliches Drei-Tasten-Bedienfeld f\u00fcr einfache Handhabung.<\/li>\n<li>CE-zertifiziert, Konformit\u00e4t mit den Normen ISO 8846 und EN 55014.<\/li>\n<li>Sanftschlie\u00dfender Sitz und Deckel f\u00fcr einen zus\u00e4tzlichen Hauch von Luxus.<\/li>\n<\/ul>\n<p><strong>Ocean Luxury Elektrisches Toilette:<\/strong><\/p>\n<ul>\n<li>Fl\u00fcsterleiser Betrieb f\u00fcr eine ruhige Atmosph\u00e4re.<\/li>\n<li>Au\u00dfergew\u00f6hnlicher Komfort, der dem von Toiletten zu Hause entspricht.<\/li>\n<li>Minimaler Wasserverbrauch f\u00fcr \u00f6kologische Nachhaltigkeit.<\/li>\n<li>Automatische Steuerung f\u00fcr Wasseraufnahme und Abfallentsorgung.<\/li>\n<li>Integrierte Pumpeneinheit f\u00fcr effektives Abfallmanagement.<\/li>\n<li>Digitales Bedienfeld f\u00fcr eine unkomplizierte Bedienung.<\/li>\n<li>Duroplast-Sitz mit soft-closing Scharnieren f\u00fcr verbesserte Haltbarkeit.<\/li>\n<li>Ausgestattet mit schockfesten und korrosionsbest\u00e4ndigen Materialien.<\/li>\n<li>Mit R\u00fcckschlagventil f\u00fcr optimale Funktionalit\u00e4t.<\/li>\n<li>Selbstansaugende F\u00e4higkeit bis zu 1,5 Meter H\u00f6he.<\/li>\n<li>Flexibel installierbare Optionen \u00fcber oder unter der Wasserlinie.<\/li>\n<\/ul>\n<p>Diese Toilette ist daf\u00fcr ausgelegt, an ein automatisches Wassersystem oder eine Abwasserpumpe f\u00fcr den Wassereintritt angeschlossen zu werden. Sie verf\u00fcgt \u00fcber einen elektronischen Schalter, der den Wasserfluss in zwei Stufen reguliert: Zuerst f\u00fcllt sich die Schale mit sauberem Wasser, gefolgt von der Entleerung des Abfalls, um sicherzustellen, dass die Schale sauber und leer bleibt.<\/p>\n<p>Bei Installationen mit mehreren Toiletten kann eine einzige Wasserpumpe alle Einheiten bedienen, wobei ein Elektromagnetventil f\u00fcr jede Toilette vorgesehen ist.<\/p>\n<ul>\n<li>Einlassgr\u00f6\u00dfe: 19 mm (3\/4&#8243;)<\/li>\n<li>Auslassgr\u00f6\u00dfen: 25\/38 mm (1&#8243;-1,5&#8243;)<\/li>\n<li>Stromverbrauch: 30A bei 12V<\/li>\n<\/ul>\n<p>Erleben Sie Ihr Badezimmer neu mit unserer Ocean Luxury Elektrischen Toilette, wo Komfort harmonisch auf modernste Innovation trifft.<\/p>\n","protected":false},"excerpt":{"rendered":"<p>Toilette Ocean Luxury Silent 12V H385mm &#8211; Elektrische Toilet Ocean Luxury Silent 12V H385mm. Wir freuen uns, Ihnen unsere exquisit<\/p>\n","protected":false},"featured_media":5937306,"comment_status":"open","ping_status":"closed","template":"","meta":[],"product_brand":[3140],"product_cat":[1388],"product_tag":[],"class_list":{"0":"post-733261","1":"product","2":"type-product","3":"status-publish","4":"has-post-thumbnail","6":"product_brand-matromarine-de","7":"product_cat-marine-wcs","9":"first","10":"instock","11":"shipping-taxable","12":"purchasable","13":"product-type-simple"},"_links":{"self":[{"href":"https:\/\/stoic-curie.212-227-153-4.plesk.page\/de\/wp-json\/wp\/v2\/product\/733261","targetHints":{"allow":["GET"]}}],"collection":[{"href":"https:\/\/stoic-curie.212-227-153-4.plesk.page\/de\/wp-json\/wp\/v2\/product"}],"about":[{"href":"https:\/\/stoic-curie.212-227-153-4.plesk.page\/de\/wp-json\/wp\/v2\/types\/product"}],"replies":[{"embeddable":true,"href":"https:\/\/stoic-curie.212-227-153-4.plesk.page\/de\/wp-json\/wp\/v2\/comments?post=733261"}],"version-history":[{"count":0,"href":"https:\/\/stoic-curie.212-227-153-4.plesk.page\/de\/wp-json\/wp\/v2\/product\/733261\/revisions"}],"wp:featuredmedia":[{"embeddable":true,"href":"https:\/\/stoic-curie.212-227-153-4.plesk.page\/de\/wp-json\/wp\/v2\/media\/5937306"}],"wp:attachment":[{"href":"https:\/\/stoic-curie.212-227-153-4.plesk.page\/de\/wp-json\/wp\/v2\/media?parent=733261"}],"wp:term":[{"taxonomy":"product_brand","embeddable":true,"href":"https:\/\/stoic-curie.212-227-153-4.plesk.page\/de\/wp-json\/wp\/v2\/product_brand?post=733261"},{"taxonomy":"product_cat","embeddable":true,"href":"https:\/\/stoic-curie.212-227-153-4.plesk.page\/de\/wp-json\/wp\/v2\/product_cat?post=733261"},{"taxonomy":"product_tag","embeddable":true,"href":"https:\/\/stoic-curie.212-227-153-4.plesk.page\/de\/wp-json\/wp\/v2\/product_tag?post=733261"}],"curies":[{"name":"wp","href":"https:\/\/api.w.org\/{rel}","templated":true}]}}