{"id":733263,"date":"2025-03-03T16:18:37","date_gmt":"2025-03-03T15:18:37","guid":{"rendered":"https:\/\/stoic-curie.212-227-153-4.plesk.page\/producto\/elektrische-toilette-ocean-leise-standard-12v-h455mm\/"},"modified":"2026-02-24T23:34:41","modified_gmt":"2026-02-24T23:34:41","slug":"elektrische-toilette-ocean-leise-standard-12v-h455mm","status":"publish","type":"product","link":"https:\/\/stoic-curie.212-227-153-4.plesk.page\/de\/product\/elektrische-toilette-ocean-leise-standard-12v-h455mm\/","title":{"rendered":"Toilette Ocean Luxury Silent 12V H455mm"},"content":{"rendered":"<p>Toilette Ocean Luxury Silent 12V H455mm &#8211; <\/p>\n<p>Elektrische Toilet Ocean Luxury Silent 12V H455mm. Entdecken Sie unsere wundersch\u00f6n gestaltete Toilettensch\u00fcssel aus vitre\u00f6sem wei\u00dfen Porzellan, kombiniert mit einem Holzsitz und einem Deckel mit rostfreien Stahlbeschl\u00e4gen. Dieses hochwertige Toilettendesign bringt den Komfort von zu Hause in Ihr Badezimmer.<\/p>\n<p><strong>Hauptmerkmale:<\/strong><\/p>\n<ul>\n<li>Hydrovakuum-System f\u00fcr effektive Abfallentfernung.<\/li>\n<li>Basis aus schlagfestem Material, ausgestattet mit einer langlebigen Messingpumpe.<\/li>\n<li>Kompakte Bauweise f\u00fcr einfache Installation und \u00fcberlegenen Komfort.<\/li>\n<li>Geeignet f\u00fcr die Installation \u00fcber oder unter dem Meeresspiegel.<\/li>\n<li>Niedriger Wasserverbrauch von nur 1 bis 2,5 Litern pro Sp\u00fclung.<\/li>\n<li>Ger\u00e4uschloser Betrieb f\u00fcr eine ruhige Erfahrung.<\/li>\n<li>Benutzerfreundliches Steuerpanel mit drei Tasten.<\/li>\n<li>CE-zertifiziert und entspricht den Standards ISO 8846 und EN 55014.<\/li>\n<li>Sanftschlie\u00dfender Sitz und Deckel f\u00fcr zus\u00e4tzlichen Luxus.<\/li>\n<\/ul>\n<p><strong>Ocean Luxury Elektrische Toilette:<\/strong><\/p>\n<ul>\n<li>Fl\u00fcsterleiser Betrieb<\/li>\n<li>Ausgezeichneter Komfort, \u00e4hnlich wie bei Toiletten zu Hause<\/li>\n<li>Minimaler Wasserverbrauch<\/li>\n<li>Automatische Steuerung f\u00fcr Wasseraufnahme und Abfallentsorgung<\/li>\n<li>Integrierte Pumpeneinheit f\u00fcr effizientes Abfallmanagement<\/li>\n<li>Digitales Bedienfeld f\u00fcr eine unkomplizierte Handhabung<\/li>\n<li>Duroplast-Sitz mit sanft schlie\u00dfenden Scharnieren<\/li>\n<li>Hergestellt aus schockfesten und korrosionsbest\u00e4ndigen Materialien<\/li>\n<li>Mit R\u00fcckschlagventil ausgestattet<\/li>\n<li>Selbstansaugend bis zu 1,5 Meter H\u00f6he<\/li>\n<li>Flexible Installationsm\u00f6glichkeiten \u00fcber oder unter der Wasserlinie<\/li>\n<\/ul>\n<p>Diese Toilette kann an ein automatisches Wassersystem oder eine Abwasserpumpe zur Wassereingabe angeschlossen werden. Sie verf\u00fcgt \u00fcber einen elektronischen Schalter, der den Wasserfluss in zwei Stufen steuert: Zuerst f\u00fcllt sich die Sch\u00fcssel mit sauberem Wasser, dann wird der Abfall ausgeworfen, sodass die Sch\u00fcssel sauber und leer bleibt.<\/p>\n<p>F\u00fcr Installationen mit mehreren Toiletten kann eine einzige Wasserpumpe alle Einheiten bedienen, mit einem Elektromagnetventil f\u00fcr jede Toilette.<\/p>\n<ul>\n<li>Einlassgr\u00f6\u00dfe: 19 mm (3\/4&#8243;)<\/li>\n<li>Auslassgr\u00f6\u00dfen: 25\/38 mm (1&#8243;-1,5&#8243;)<\/li>\n<li>Stromverbrauch: 30A bei 12V<\/li>\n<\/ul>\n<p>Verbessern Sie Ihr Badeerlebnis mit unserer Ocean Luxury Elektrischen Toilette, wo Komfort auf modernste Innovation trifft.<\/p>\n","protected":false},"excerpt":{"rendered":"<p>Toilette Ocean Luxury Silent 12V H455mm &#8211; Elektrische Toilet Ocean Luxury Silent 12V H455mm. Entdecken Sie unsere wundersch\u00f6n gestaltete Toilettensch\u00fcssel<\/p>\n","protected":false},"featured_media":5937303,"comment_status":"open","ping_status":"closed","template":"","meta":[],"product_brand":[3140],"product_cat":[1388],"product_tag":[],"class_list":{"0":"post-733263","1":"product","2":"type-product","3":"status-publish","4":"has-post-thumbnail","6":"product_brand-matromarine-de","7":"product_cat-marine-wcs","9":"first","10":"instock","11":"shipping-taxable","12":"purchasable","13":"product-type-simple"},"_links":{"self":[{"href":"https:\/\/stoic-curie.212-227-153-4.plesk.page\/de\/wp-json\/wp\/v2\/product\/733263","targetHints":{"allow":["GET"]}}],"collection":[{"href":"https:\/\/stoic-curie.212-227-153-4.plesk.page\/de\/wp-json\/wp\/v2\/product"}],"about":[{"href":"https:\/\/stoic-curie.212-227-153-4.plesk.page\/de\/wp-json\/wp\/v2\/types\/product"}],"replies":[{"embeddable":true,"href":"https:\/\/stoic-curie.212-227-153-4.plesk.page\/de\/wp-json\/wp\/v2\/comments?post=733263"}],"version-history":[{"count":0,"href":"https:\/\/stoic-curie.212-227-153-4.plesk.page\/de\/wp-json\/wp\/v2\/product\/733263\/revisions"}],"wp:featuredmedia":[{"embeddable":true,"href":"https:\/\/stoic-curie.212-227-153-4.plesk.page\/de\/wp-json\/wp\/v2\/media\/5937303"}],"wp:attachment":[{"href":"https:\/\/stoic-curie.212-227-153-4.plesk.page\/de\/wp-json\/wp\/v2\/media?parent=733263"}],"wp:term":[{"taxonomy":"product_brand","embeddable":true,"href":"https:\/\/stoic-curie.212-227-153-4.plesk.page\/de\/wp-json\/wp\/v2\/product_brand?post=733263"},{"taxonomy":"product_cat","embeddable":true,"href":"https:\/\/stoic-curie.212-227-153-4.plesk.page\/de\/wp-json\/wp\/v2\/product_cat?post=733263"},{"taxonomy":"product_tag","embeddable":true,"href":"https:\/\/stoic-curie.212-227-153-4.plesk.page\/de\/wp-json\/wp\/v2\/product_tag?post=733263"}],"curies":[{"name":"wp","href":"https:\/\/api.w.org\/{rel}","templated":true}]}}