{"id":733265,"date":"2025-03-03T16:18:37","date_gmt":"2025-03-03T15:18:37","guid":{"rendered":"https:\/\/stoic-curie.212-227-153-4.plesk.page\/producto\/saralon-luken-229-x-356-mm\/"},"modified":"2026-02-24T23:34:41","modified_gmt":"2026-02-24T23:34:41","slug":"saralon-luken-229-x-356-mm","status":"publish","type":"product","link":"https:\/\/stoic-curie.212-227-153-4.plesk.page\/de\/product\/saralon-luken-229-x-356-mm\/","title":{"rendered":"Saralon Luken 229 x 356 mm"},"content":{"rendered":"<p>Saralon Luken 229 x 356 mm &#8211; <\/p>\n<p>Fast unzerst\u00f6rbare Saralon (Polypropylenharz) Inspektionsdeckplatte. Begehbar, sto\u00dffest, kann nicht durch UV-Strahlen, L\u00f6sungsmittel und Kraftstoffe besch\u00e4digt werden. Mit Schlie\u00dfmechanismus.<\/p>\n","protected":false},"excerpt":{"rendered":"<p>Saralon Luken 229 x 356 mm &#8211; Fast unzerst\u00f6rbare Saralon (Polypropylenharz) Inspektionsdeckplatte. Begehbar, sto\u00dffest, kann nicht durch UV-Strahlen, L\u00f6sungsmittel und<\/p>\n","protected":false},"featured_media":5937314,"comment_status":"open","ping_status":"closed","template":"","meta":[],"product_brand":[3035],"product_cat":[1397,1408],"product_tag":[],"class_list":{"0":"post-733265","1":"product","2":"type-product","3":"status-publish","4":"has-post-thumbnail","6":"product_brand-jba-marine-de","7":"product_cat-inspektionsluken","8":"product_cat-kunststoffluken","10":"first","11":"outofstock","12":"shipping-taxable","13":"purchasable","14":"product-type-simple"},"_links":{"self":[{"href":"https:\/\/stoic-curie.212-227-153-4.plesk.page\/de\/wp-json\/wp\/v2\/product\/733265","targetHints":{"allow":["GET"]}}],"collection":[{"href":"https:\/\/stoic-curie.212-227-153-4.plesk.page\/de\/wp-json\/wp\/v2\/product"}],"about":[{"href":"https:\/\/stoic-curie.212-227-153-4.plesk.page\/de\/wp-json\/wp\/v2\/types\/product"}],"replies":[{"embeddable":true,"href":"https:\/\/stoic-curie.212-227-153-4.plesk.page\/de\/wp-json\/wp\/v2\/comments?post=733265"}],"version-history":[{"count":0,"href":"https:\/\/stoic-curie.212-227-153-4.plesk.page\/de\/wp-json\/wp\/v2\/product\/733265\/revisions"}],"wp:featuredmedia":[{"embeddable":true,"href":"https:\/\/stoic-curie.212-227-153-4.plesk.page\/de\/wp-json\/wp\/v2\/media\/5937314"}],"wp:attachment":[{"href":"https:\/\/stoic-curie.212-227-153-4.plesk.page\/de\/wp-json\/wp\/v2\/media?parent=733265"}],"wp:term":[{"taxonomy":"product_brand","embeddable":true,"href":"https:\/\/stoic-curie.212-227-153-4.plesk.page\/de\/wp-json\/wp\/v2\/product_brand?post=733265"},{"taxonomy":"product_cat","embeddable":true,"href":"https:\/\/stoic-curie.212-227-153-4.plesk.page\/de\/wp-json\/wp\/v2\/product_cat?post=733265"},{"taxonomy":"product_tag","embeddable":true,"href":"https:\/\/stoic-curie.212-227-153-4.plesk.page\/de\/wp-json\/wp\/v2\/product_tag?post=733265"}],"curies":[{"name":"wp","href":"https:\/\/api.w.org\/{rel}","templated":true}]}}