{"id":733267,"date":"2025-03-03T16:18:38","date_gmt":"2025-03-03T15:18:38","guid":{"rendered":"https:\/\/stoic-curie.212-227-153-4.plesk.page\/producto\/entwaesserungssystem-attwood-750gph-12v\/"},"modified":"2026-02-24T23:34:41","modified_gmt":"2026-02-24T23:34:41","slug":"entwaesserungssystem-attwood-750gph-12v","status":"publish","type":"product","link":"https:\/\/stoic-curie.212-227-153-4.plesk.page\/de\/product\/entwaesserungssystem-attwood-750gph-12v\/","title":{"rendered":"Entw\u00e4sserungssystem Attwood 750GPH 12V"},"content":{"rendered":"<p>Entw\u00e4sserungssystem Attwood 750GPH 12V &#8211; <\/p>\n<p>Attwood Grauwasser- und Duschentw\u00e4sserungssystem komplett mit automatischer Entw\u00e4sserungspumpe, wasserdichtem Abdeckblech, Bel\u00fcftungsventil und 3\/4&#8243; (20 mm) Abfluss.<\/p>\n","protected":false},"excerpt":{"rendered":"<p>Entw\u00e4sserungssystem Attwood 750GPH 12V &#8211; Attwood Grauwasser- und Duschentw\u00e4sserungssystem komplett mit automatischer Entw\u00e4sserungspumpe, wasserdichtem Abdeckblech, Bel\u00fcftungsventil und 3\/4&#8243; (20 mm)<\/p>\n","protected":false},"featured_media":5937315,"comment_status":"open","ping_status":"closed","template":"","meta":[],"product_brand":[2805],"product_cat":[1365,1369],"product_tag":[],"class_list":{"0":"post-733267","1":"product","2":"type-product","3":"status-publish","4":"has-post-thumbnail","6":"product_brand-attwood-de","7":"product_cat-bootsduschen","8":"product_cat-grauwassersysteme","10":"first","11":"instock","12":"shipping-taxable","13":"purchasable","14":"product-type-simple"},"_links":{"self":[{"href":"https:\/\/stoic-curie.212-227-153-4.plesk.page\/de\/wp-json\/wp\/v2\/product\/733267","targetHints":{"allow":["GET"]}}],"collection":[{"href":"https:\/\/stoic-curie.212-227-153-4.plesk.page\/de\/wp-json\/wp\/v2\/product"}],"about":[{"href":"https:\/\/stoic-curie.212-227-153-4.plesk.page\/de\/wp-json\/wp\/v2\/types\/product"}],"replies":[{"embeddable":true,"href":"https:\/\/stoic-curie.212-227-153-4.plesk.page\/de\/wp-json\/wp\/v2\/comments?post=733267"}],"version-history":[{"count":0,"href":"https:\/\/stoic-curie.212-227-153-4.plesk.page\/de\/wp-json\/wp\/v2\/product\/733267\/revisions"}],"wp:featuredmedia":[{"embeddable":true,"href":"https:\/\/stoic-curie.212-227-153-4.plesk.page\/de\/wp-json\/wp\/v2\/media\/5937315"}],"wp:attachment":[{"href":"https:\/\/stoic-curie.212-227-153-4.plesk.page\/de\/wp-json\/wp\/v2\/media?parent=733267"}],"wp:term":[{"taxonomy":"product_brand","embeddable":true,"href":"https:\/\/stoic-curie.212-227-153-4.plesk.page\/de\/wp-json\/wp\/v2\/product_brand?post=733267"},{"taxonomy":"product_cat","embeddable":true,"href":"https:\/\/stoic-curie.212-227-153-4.plesk.page\/de\/wp-json\/wp\/v2\/product_cat?post=733267"},{"taxonomy":"product_tag","embeddable":true,"href":"https:\/\/stoic-curie.212-227-153-4.plesk.page\/de\/wp-json\/wp\/v2\/product_tag?post=733267"}],"curies":[{"name":"wp","href":"https:\/\/api.w.org\/{rel}","templated":true}]}}