{"id":733270,"date":"2025-03-03T16:18:38","date_gmt":"2025-03-03T15:18:38","guid":{"rendered":"https:\/\/stoic-curie.212-227-153-4.plesk.page\/producto\/bilgengeblaese-attwood-fuer-maschinenraeume-turbo4000-24v\/"},"modified":"2026-02-24T23:34:44","modified_gmt":"2026-02-24T23:34:44","slug":"bilgengeblaese-attwood-fuer-maschinenraeume-turbo4000-24v","status":"publish","type":"product","link":"https:\/\/stoic-curie.212-227-153-4.plesk.page\/de\/product\/bilgengeblaese-attwood-fuer-maschinenraeume-turbo4000-24v\/","title":{"rendered":"Bilgengebl\u00e4se Attwood f\u00fcr Maschinenr\u00e4ume TURBO4000 24V"},"content":{"rendered":"<p>Bilgengebl\u00e4se Attwood f\u00fcr Maschinenr\u00e4ume TURBO4000 24V &#8211; <\/p>\n<p>Turbinen-gebl\u00e4se mit wasserdichtem Design f\u00fcr Maschinenr\u00e4ume und Kabinen. Komplett mit 2 Haltegurten. Die Gebl\u00e4se sind so konzipiert, dass sie 25% mehr Luftdurchsatz als andere Gebl\u00e4se bieten und dabei 40% weniger Energie verbrauchen. Nickelbeschichteter Motor mit Schutzhaube und abgedichteter Verkabelung f\u00fcr maximalen Korrosionsschutz.<\/p>\n","protected":false},"excerpt":{"rendered":"<p>Bilgengebl\u00e4se Attwood f\u00fcr Maschinenr\u00e4ume TURBO4000 24V &#8211; Turbinen-gebl\u00e4se mit wasserdichtem Design f\u00fcr Maschinenr\u00e4ume und Kabinen. Komplett mit 2 Haltegurten. Die<\/p>\n","protected":false},"featured_media":5937324,"comment_status":"open","ping_status":"closed","template":"","meta":[],"product_brand":[2805],"product_cat":[1445,1539],"product_tag":[],"class_list":{"0":"post-733270","1":"product","2":"type-product","3":"status-publish","4":"has-post-thumbnail","6":"product_brand-attwood-de","7":"product_cat-bilgengeblaese","8":"product_cat-motorlueftungssysteme","10":"first","11":"instock","12":"shipping-taxable","13":"purchasable","14":"product-type-simple"},"_links":{"self":[{"href":"https:\/\/stoic-curie.212-227-153-4.plesk.page\/de\/wp-json\/wp\/v2\/product\/733270","targetHints":{"allow":["GET"]}}],"collection":[{"href":"https:\/\/stoic-curie.212-227-153-4.plesk.page\/de\/wp-json\/wp\/v2\/product"}],"about":[{"href":"https:\/\/stoic-curie.212-227-153-4.plesk.page\/de\/wp-json\/wp\/v2\/types\/product"}],"replies":[{"embeddable":true,"href":"https:\/\/stoic-curie.212-227-153-4.plesk.page\/de\/wp-json\/wp\/v2\/comments?post=733270"}],"version-history":[{"count":0,"href":"https:\/\/stoic-curie.212-227-153-4.plesk.page\/de\/wp-json\/wp\/v2\/product\/733270\/revisions"}],"wp:featuredmedia":[{"embeddable":true,"href":"https:\/\/stoic-curie.212-227-153-4.plesk.page\/de\/wp-json\/wp\/v2\/media\/5937324"}],"wp:attachment":[{"href":"https:\/\/stoic-curie.212-227-153-4.plesk.page\/de\/wp-json\/wp\/v2\/media?parent=733270"}],"wp:term":[{"taxonomy":"product_brand","embeddable":true,"href":"https:\/\/stoic-curie.212-227-153-4.plesk.page\/de\/wp-json\/wp\/v2\/product_brand?post=733270"},{"taxonomy":"product_cat","embeddable":true,"href":"https:\/\/stoic-curie.212-227-153-4.plesk.page\/de\/wp-json\/wp\/v2\/product_cat?post=733270"},{"taxonomy":"product_tag","embeddable":true,"href":"https:\/\/stoic-curie.212-227-153-4.plesk.page\/de\/wp-json\/wp\/v2\/product_tag?post=733270"}],"curies":[{"name":"wp","href":"https:\/\/api.w.org\/{rel}","templated":true}]}}