{"id":733280,"date":"2025-03-03T16:18:40","date_gmt":"2025-03-03T15:18:40","guid":{"rendered":"https:\/\/stoic-curie.212-227-153-4.plesk.page\/producto\/winschkurbel-antal-verchromter-kugelgriff-250mm\/"},"modified":"2026-02-24T23:34:44","modified_gmt":"2026-02-24T23:34:44","slug":"winschkurbel-antal-verchromter-kugelgriff-250mm","status":"publish","type":"product","link":"https:\/\/stoic-curie.212-227-153-4.plesk.page\/de\/product\/winschkurbel-antal-verchromter-kugelgriff-250mm\/","title":{"rendered":"Winschkurbel Antal Verchromter KUGELGRIFF 250mm"},"content":{"rendered":"<p>Winschkurbel Antal Verchromter KUGELGRIFF 250mm &#8211; <\/p>\n<p>250 mm (10&#8243;) leicht chromierte Bronzegriffe mit zwei verschiedenen Griffen: Einzel- und Ballgriff. Der Griffarm besteht aus geschmiedeter Bronze, ist leicht und widerstandsf\u00e4hig gegen die st\u00e4rksten Torsionen. Der Griff ist mit Gummi \u00fcberzogen, um einen festen Halt zu gew\u00e4hrleisten, und l\u00e4uft auf zwei Kugellagern, um die Effizienz zu erh\u00f6hen. Alle Modelle sind mit einem Schloss ausgestattet, das den Griff automatisch auf der Winde verriegelt.<\/p>\n","protected":false},"excerpt":{"rendered":"<p>Winschkurbel Antal Verchromter KUGELGRIFF 250mm &#8211; 250 mm (10&#8243;) leicht chromierte Bronzegriffe mit zwei verschiedenen Griffen: Einzel- und Ballgriff. Der<\/p>\n","protected":false},"featured_media":5937346,"comment_status":"open","ping_status":"closed","template":"","meta":[],"product_brand":[2785],"product_cat":[1486],"product_tag":[],"class_list":{"0":"post-733280","1":"product","2":"type-product","3":"status-publish","4":"has-post-thumbnail","6":"product_brand-antal-de","7":"product_cat-antal-winden","9":"first","10":"instock","11":"shipping-taxable","12":"purchasable","13":"product-type-simple"},"_links":{"self":[{"href":"https:\/\/stoic-curie.212-227-153-4.plesk.page\/de\/wp-json\/wp\/v2\/product\/733280","targetHints":{"allow":["GET"]}}],"collection":[{"href":"https:\/\/stoic-curie.212-227-153-4.plesk.page\/de\/wp-json\/wp\/v2\/product"}],"about":[{"href":"https:\/\/stoic-curie.212-227-153-4.plesk.page\/de\/wp-json\/wp\/v2\/types\/product"}],"replies":[{"embeddable":true,"href":"https:\/\/stoic-curie.212-227-153-4.plesk.page\/de\/wp-json\/wp\/v2\/comments?post=733280"}],"version-history":[{"count":0,"href":"https:\/\/stoic-curie.212-227-153-4.plesk.page\/de\/wp-json\/wp\/v2\/product\/733280\/revisions"}],"wp:featuredmedia":[{"embeddable":true,"href":"https:\/\/stoic-curie.212-227-153-4.plesk.page\/de\/wp-json\/wp\/v2\/media\/5937346"}],"wp:attachment":[{"href":"https:\/\/stoic-curie.212-227-153-4.plesk.page\/de\/wp-json\/wp\/v2\/media?parent=733280"}],"wp:term":[{"taxonomy":"product_brand","embeddable":true,"href":"https:\/\/stoic-curie.212-227-153-4.plesk.page\/de\/wp-json\/wp\/v2\/product_brand?post=733280"},{"taxonomy":"product_cat","embeddable":true,"href":"https:\/\/stoic-curie.212-227-153-4.plesk.page\/de\/wp-json\/wp\/v2\/product_cat?post=733280"},{"taxonomy":"product_tag","embeddable":true,"href":"https:\/\/stoic-curie.212-227-153-4.plesk.page\/de\/wp-json\/wp\/v2\/product_tag?post=733280"}],"curies":[{"name":"wp","href":"https:\/\/api.w.org\/{rel}","templated":true}]}}