{"id":733302,"date":"2025-03-03T16:18:44","date_gmt":"2025-03-03T15:18:44","guid":{"rendered":"https:\/\/stoic-curie.212-227-153-4.plesk.page\/producto\/verstellbarer-traeger-fuer-aussenbordmotoren-bis-zu-75-kg\/"},"modified":"2026-02-24T23:34:44","modified_gmt":"2026-02-24T23:34:44","slug":"verstellbarer-traeger-fuer-aussenbordmotoren-bis-zu-75-kg","status":"publish","type":"product","link":"https:\/\/stoic-curie.212-227-153-4.plesk.page\/de\/product\/verstellbarer-traeger-fuer-aussenbordmotoren-bis-zu-75-kg\/","title":{"rendered":"Verstellbarer Tr\u00e4ger f\u00fcr Au\u00dfenbordmotoren bis zu 75 kg"},"content":{"rendered":"<p>Verstellbarer Tr\u00e4ger f\u00fcr Au\u00dfenbordmotoren bis zu 75 kg &#8211; <\/p>\n<p>Au\u00dfenbordtr\u00e4ger mit verstellbarem Griff und Basis f\u00fcr alle Bed\u00fcrfnisse. Einfach zu zerlegen, leicht zu transportieren und zu verstauen. Sehr gute Widerstandsf\u00e4higkeit und Traglast. Iroko-Holzplatte.<\/p>\n","protected":false},"excerpt":{"rendered":"<p>Verstellbarer Tr\u00e4ger f\u00fcr Au\u00dfenbordmotoren bis zu 75 kg &#8211; Au\u00dfenbordtr\u00e4ger mit verstellbarem Griff und Basis f\u00fcr alle Bed\u00fcrfnisse. Einfach zu<\/p>\n","protected":false},"featured_media":5937365,"comment_status":"open","ping_status":"closed","template":"","meta":[],"product_brand":[3490],"product_cat":[1540],"product_tag":[],"class_list":{"0":"post-733302","1":"product","2":"type-product","3":"status-publish","4":"has-post-thumbnail","6":"product_brand-trem-de","7":"product_cat-zubehoer-fuer-aussenborder","9":"first","10":"instock","11":"shipping-taxable","12":"purchasable","13":"product-type-simple"},"_links":{"self":[{"href":"https:\/\/stoic-curie.212-227-153-4.plesk.page\/de\/wp-json\/wp\/v2\/product\/733302","targetHints":{"allow":["GET"]}}],"collection":[{"href":"https:\/\/stoic-curie.212-227-153-4.plesk.page\/de\/wp-json\/wp\/v2\/product"}],"about":[{"href":"https:\/\/stoic-curie.212-227-153-4.plesk.page\/de\/wp-json\/wp\/v2\/types\/product"}],"replies":[{"embeddable":true,"href":"https:\/\/stoic-curie.212-227-153-4.plesk.page\/de\/wp-json\/wp\/v2\/comments?post=733302"}],"version-history":[{"count":0,"href":"https:\/\/stoic-curie.212-227-153-4.plesk.page\/de\/wp-json\/wp\/v2\/product\/733302\/revisions"}],"wp:featuredmedia":[{"embeddable":true,"href":"https:\/\/stoic-curie.212-227-153-4.plesk.page\/de\/wp-json\/wp\/v2\/media\/5937365"}],"wp:attachment":[{"href":"https:\/\/stoic-curie.212-227-153-4.plesk.page\/de\/wp-json\/wp\/v2\/media?parent=733302"}],"wp:term":[{"taxonomy":"product_brand","embeddable":true,"href":"https:\/\/stoic-curie.212-227-153-4.plesk.page\/de\/wp-json\/wp\/v2\/product_brand?post=733302"},{"taxonomy":"product_cat","embeddable":true,"href":"https:\/\/stoic-curie.212-227-153-4.plesk.page\/de\/wp-json\/wp\/v2\/product_cat?post=733302"},{"taxonomy":"product_tag","embeddable":true,"href":"https:\/\/stoic-curie.212-227-153-4.plesk.page\/de\/wp-json\/wp\/v2\/product_tag?post=733302"}],"curies":[{"name":"wp","href":"https:\/\/api.w.org\/{rel}","templated":true}]}}