{"id":733303,"date":"2025-03-03T16:18:44","date_gmt":"2025-03-03T15:18:44","guid":{"rendered":"https:\/\/stoic-curie.212-227-153-4.plesk.page\/producto\/drainman-bilgenpumpe\/"},"modified":"2026-02-24T23:34:44","modified_gmt":"2026-02-24T23:34:44","slug":"drainman-bilgenpumpe","status":"publish","type":"product","link":"https:\/\/stoic-curie.212-227-153-4.plesk.page\/de\/product\/drainman-bilgenpumpe\/","title":{"rendered":"DRAINMAN Bilgenpumpe"},"content":{"rendered":"<p>DRAINMAN Bilgenpumpe &#8211; <\/p>\n<p>Drainman Bilgepumpe und Festmacher-Strammer. Sie aktiviert sich automatisch dank der nat\u00fcrlichen Kraft von Wellen und Wind durch die Zugkraft, die an der Festmacherleine erzeugt wird. Kann bis zu 2500 Liter Wasser pro Tag pumpen. Hergestellt aus widerstandsf\u00e4higen Materialien, h\u00e4lt Zugkr\u00e4ften von bis zu 1500 kg stand. Mit Neopren \u00fcberzogen f\u00fcr perfekten Schutz vor UV-Strahlen und Abnutzung.<\/p>\n","protected":false},"excerpt":{"rendered":"<p>DRAINMAN Bilgenpumpe &#8211; Drainman Bilgepumpe und Festmacher-Strammer. Sie aktiviert sich automatisch dank der nat\u00fcrlichen Kraft von Wellen und Wind durch<\/p>\n","protected":false},"featured_media":5937367,"comment_status":"open","ping_status":"closed","template":"","meta":[],"product_brand":[3385],"product_cat":[1367],"product_tag":[],"class_list":{"0":"post-733303","1":"product","2":"type-product","3":"status-publish","4":"has-post-thumbnail","6":"product_brand-sidermarine-de","7":"product_cat-manuelle-bilgepumpen","9":"first","10":"instock","11":"shipping-taxable","12":"purchasable","13":"product-type-simple"},"_links":{"self":[{"href":"https:\/\/stoic-curie.212-227-153-4.plesk.page\/de\/wp-json\/wp\/v2\/product\/733303","targetHints":{"allow":["GET"]}}],"collection":[{"href":"https:\/\/stoic-curie.212-227-153-4.plesk.page\/de\/wp-json\/wp\/v2\/product"}],"about":[{"href":"https:\/\/stoic-curie.212-227-153-4.plesk.page\/de\/wp-json\/wp\/v2\/types\/product"}],"replies":[{"embeddable":true,"href":"https:\/\/stoic-curie.212-227-153-4.plesk.page\/de\/wp-json\/wp\/v2\/comments?post=733303"}],"version-history":[{"count":0,"href":"https:\/\/stoic-curie.212-227-153-4.plesk.page\/de\/wp-json\/wp\/v2\/product\/733303\/revisions"}],"wp:featuredmedia":[{"embeddable":true,"href":"https:\/\/stoic-curie.212-227-153-4.plesk.page\/de\/wp-json\/wp\/v2\/media\/5937367"}],"wp:attachment":[{"href":"https:\/\/stoic-curie.212-227-153-4.plesk.page\/de\/wp-json\/wp\/v2\/media?parent=733303"}],"wp:term":[{"taxonomy":"product_brand","embeddable":true,"href":"https:\/\/stoic-curie.212-227-153-4.plesk.page\/de\/wp-json\/wp\/v2\/product_brand?post=733303"},{"taxonomy":"product_cat","embeddable":true,"href":"https:\/\/stoic-curie.212-227-153-4.plesk.page\/de\/wp-json\/wp\/v2\/product_cat?post=733303"},{"taxonomy":"product_tag","embeddable":true,"href":"https:\/\/stoic-curie.212-227-153-4.plesk.page\/de\/wp-json\/wp\/v2\/product_tag?post=733303"}],"curies":[{"name":"wp","href":"https:\/\/api.w.org\/{rel}","templated":true}]}}