{"id":733304,"date":"2025-03-03T16:18:44","date_gmt":"2025-03-03T15:18:44","guid":{"rendered":"https:\/\/stoic-curie.212-227-153-4.plesk.page\/producto\/kuehlschrank-vitrifrigo-c95la-en-95lt-12-24v\/"},"modified":"2026-02-24T23:34:44","modified_gmt":"2026-02-24T23:34:44","slug":"kuehlschrank-vitrifrigo-c95la-en-95lt-12-24v","status":"publish","type":"product","link":"https:\/\/stoic-curie.212-227-153-4.plesk.page\/de\/product\/kuehlschrank-vitrifrigo-c95la-en-95lt-12-24v\/","title":{"rendered":"K\u00fchlschrank Vitrifrigo C95LA EN"},"content":{"rendered":"<p>K\u00fchlschrank Vitrifrigo C95LA EN &#8211; <\/p>\n<p>Wir pr\u00e4sentieren den Vitrifrigo C95LA EN Airlock K\u00fchlschrank-Gefrierschrank in Grau. Dieser K\u00fchlschrank arbeitet mit einem externen Danfoss-K\u00fchlger\u00e4t, das bis zu 1,5 Meter entfernt platziert werden kann. Er verf\u00fcgt \u00fcber eine umkehrbare T\u00fcr, die zur Bel\u00fcftung w\u00e4hrend der Zeiten, in denen er nicht genutzt wird, angepasst werden kann. Das Ger\u00e4t ist mit einem LED-Licht und einem mechanischen Thermostat f\u00fcr eine einfache Temperaturkontrolle ausgestattet.<\/p>\n<p>Die Bezeichnung &#8220;EN&#8221; weist darauf hin, dass dieses Modell einen energiesparenden Verdampfer enth\u00e4lt.<\/p>\n<p>Der Airlock C95LA CHR K\u00fchlschrank-Gefrierschrank ist eine hervorragende Wahl mit einem Gesamtvolumen von 95 Litern und einem optionalen Gefrierfach, das 12,8 Liter Platz bietet.<\/p>\n<p>Dieses Modell verf\u00fcgt \u00fcber einen Kaltlagerverdampfer, der die richtige Temperatur f\u00fcr einen bestimmten Zeitraum unabh\u00e4ngig vom Kompressor aufrechterh\u00e4lt. Das K\u00e4lteaggregat befindet sich extern f\u00fcr zus\u00e4tzlichen Komfort.<\/p>\n<p>Zu den Hauptmerkmalen geh\u00f6ren eine graue, lackierbare T\u00fcr mit einem Schnappverschluss, um ungewolltes \u00d6ffnen zu verhindern. Dar\u00fcber hinaus verf\u00fcgt die T\u00fcr \u00fcber ein einzigartiges \u201eBel\u00fcftungsposition\u201c-System im Griff, das eine teilweise \u00d6ffnung w\u00e4hrend inaktiver Zeiten erm\u00f6glicht. Diese Funktion hilft, Schimmel und unerw\u00fcnschte Ger\u00fcche zu vermeiden und verbessert die Haltbarkeit der Lebensmittel.<\/p>\n<p><strong>Technische Daten:<\/strong><\/p>\n<ul>\n<li><strong>T\u00fcrausf\u00fchrung:<\/strong> Laminat<\/li>\n<li><strong>Kapazit\u00e4t:<\/strong> 95 Liter<\/li>\n<li><strong>H\u00f6he:<\/strong> 792 mm<\/li>\n<li><strong>L\u00e4nge:<\/strong> 485 mm<\/li>\n<li><strong>Tiefe:<\/strong> 471 mm<\/li>\n<li><strong>Serie:<\/strong> AIRLOCK<\/li>\n<li><strong>Umkehrbare T\u00fcr:<\/strong> Ja<\/li>\n<li><strong>Thermostat:<\/strong> Mechanisch<\/li>\n<li><strong>K\u00fchltechnologie:<\/strong> Kompressor<\/li>\n<li><strong>K\u00fchleinheit:<\/strong> Extern<\/li>\n<li><strong>T\u00fcraufmachung:<\/strong> Einzelt\u00fcr vorne<\/li>\n<li><strong>Spannung:<\/strong> 12\/24 VDC<\/li>\n<\/ul>\n<p>Dieser K\u00fchlschrank-Gefrierschrank wurde entwickelt, um Ihren Anforderungen gerecht zu werden und gleichzeitig Qualit\u00e4t und Effizienz zu gew\u00e4hrleisten.<\/p>\n","protected":false},"excerpt":{"rendered":"<p>K\u00fchlschrank Vitrifrigo C95LA EN &#8211; Wir pr\u00e4sentieren den Vitrifrigo C95LA EN Airlock K\u00fchlschrank-Gefrierschrank in Grau. Dieser K\u00fchlschrank arbeitet mit einem<\/p>\n","protected":false},"featured_media":5937369,"comment_status":"open","ping_status":"closed","template":"","meta":[],"product_brand":[3525],"product_cat":[1464],"product_tag":[],"class_list":{"0":"post-733304","1":"product","2":"type-product","3":"status-publish","4":"has-post-thumbnail","6":"product_brand-vitrifrigo-de","7":"product_cat-kuehlschraenke-und-gefriertruhen","9":"first","10":"instock","11":"shipping-taxable","12":"purchasable","13":"product-type-simple"},"_links":{"self":[{"href":"https:\/\/stoic-curie.212-227-153-4.plesk.page\/de\/wp-json\/wp\/v2\/product\/733304","targetHints":{"allow":["GET"]}}],"collection":[{"href":"https:\/\/stoic-curie.212-227-153-4.plesk.page\/de\/wp-json\/wp\/v2\/product"}],"about":[{"href":"https:\/\/stoic-curie.212-227-153-4.plesk.page\/de\/wp-json\/wp\/v2\/types\/product"}],"replies":[{"embeddable":true,"href":"https:\/\/stoic-curie.212-227-153-4.plesk.page\/de\/wp-json\/wp\/v2\/comments?post=733304"}],"version-history":[{"count":0,"href":"https:\/\/stoic-curie.212-227-153-4.plesk.page\/de\/wp-json\/wp\/v2\/product\/733304\/revisions"}],"wp:featuredmedia":[{"embeddable":true,"href":"https:\/\/stoic-curie.212-227-153-4.plesk.page\/de\/wp-json\/wp\/v2\/media\/5937369"}],"wp:attachment":[{"href":"https:\/\/stoic-curie.212-227-153-4.plesk.page\/de\/wp-json\/wp\/v2\/media?parent=733304"}],"wp:term":[{"taxonomy":"product_brand","embeddable":true,"href":"https:\/\/stoic-curie.212-227-153-4.plesk.page\/de\/wp-json\/wp\/v2\/product_brand?post=733304"},{"taxonomy":"product_cat","embeddable":true,"href":"https:\/\/stoic-curie.212-227-153-4.plesk.page\/de\/wp-json\/wp\/v2\/product_cat?post=733304"},{"taxonomy":"product_tag","embeddable":true,"href":"https:\/\/stoic-curie.212-227-153-4.plesk.page\/de\/wp-json\/wp\/v2\/product_tag?post=733304"}],"curies":[{"name":"wp","href":"https:\/\/api.w.org\/{rel}","templated":true}]}}