{"id":733310,"date":"2025-03-03T16:18:45","date_gmt":"2025-03-03T15:18:45","guid":{"rendered":"https:\/\/stoic-curie.212-227-153-4.plesk.page\/producto\/handlauf-winkelpfosten-d25mm-h585mm\/"},"modified":"2026-02-24T23:34:44","modified_gmt":"2026-02-24T23:34:44","slug":"handlauf-winkelpfosten-d25mm-h585mm","status":"publish","type":"product","link":"https:\/\/stoic-curie.212-227-153-4.plesk.page\/de\/product\/handlauf-winkelpfosten-d25mm-h585mm\/","title":{"rendered":"Handlauf-Winkelpfosten D25mm H585mm"},"content":{"rendered":"<p>Handlauf-Winkelpfosten D25mm H585mm &#8211; <\/p>\n<p>Hochwertige Edelstahl-Handlauf f\u00fcr die Vorder- oder R\u00fcckseite. Erm\u00f6glicht ein sicheres Ein- und Aussteigen f\u00fcr Personen.<\/p>\n","protected":false},"excerpt":{"rendered":"<p>Handlauf-Winkelpfosten D25mm H585mm &#8211; Hochwertige Edelstahl-Handlauf f\u00fcr die Vorder- oder R\u00fcckseite. Erm\u00f6glicht ein sicheres Ein- und Aussteigen f\u00fcr Personen.<\/p>\n","protected":false},"featured_media":5937386,"comment_status":"open","ping_status":"closed","template":"","meta":[],"product_brand":[3120],"product_cat":[1420,1471],"product_tag":[],"class_list":{"0":"post-733310","1":"product","2":"type-product","3":"status-publish","4":"has-post-thumbnail","6":"product_brand-marinetech-de","7":"product_cat-handlaeufe","8":"product_cat-stuetzen","10":"first","11":"instock","12":"shipping-taxable","13":"purchasable","14":"product-type-simple"},"_links":{"self":[{"href":"https:\/\/stoic-curie.212-227-153-4.plesk.page\/de\/wp-json\/wp\/v2\/product\/733310","targetHints":{"allow":["GET"]}}],"collection":[{"href":"https:\/\/stoic-curie.212-227-153-4.plesk.page\/de\/wp-json\/wp\/v2\/product"}],"about":[{"href":"https:\/\/stoic-curie.212-227-153-4.plesk.page\/de\/wp-json\/wp\/v2\/types\/product"}],"replies":[{"embeddable":true,"href":"https:\/\/stoic-curie.212-227-153-4.plesk.page\/de\/wp-json\/wp\/v2\/comments?post=733310"}],"version-history":[{"count":0,"href":"https:\/\/stoic-curie.212-227-153-4.plesk.page\/de\/wp-json\/wp\/v2\/product\/733310\/revisions"}],"wp:featuredmedia":[{"embeddable":true,"href":"https:\/\/stoic-curie.212-227-153-4.plesk.page\/de\/wp-json\/wp\/v2\/media\/5937386"}],"wp:attachment":[{"href":"https:\/\/stoic-curie.212-227-153-4.plesk.page\/de\/wp-json\/wp\/v2\/media?parent=733310"}],"wp:term":[{"taxonomy":"product_brand","embeddable":true,"href":"https:\/\/stoic-curie.212-227-153-4.plesk.page\/de\/wp-json\/wp\/v2\/product_brand?post=733310"},{"taxonomy":"product_cat","embeddable":true,"href":"https:\/\/stoic-curie.212-227-153-4.plesk.page\/de\/wp-json\/wp\/v2\/product_cat?post=733310"},{"taxonomy":"product_tag","embeddable":true,"href":"https:\/\/stoic-curie.212-227-153-4.plesk.page\/de\/wp-json\/wp\/v2\/product_tag?post=733310"}],"curies":[{"name":"wp","href":"https:\/\/api.w.org\/{rel}","templated":true}]}}