{"id":733314,"date":"2025-03-03T16:18:46","date_gmt":"2025-03-03T15:18:46","guid":{"rendered":"https:\/\/stoic-curie.212-227-153-4.plesk.page\/producto\/schlauchboot-eurovinil-ev-aufblasbares-beiboot-2m\/"},"modified":"2026-02-24T23:34:44","modified_gmt":"2026-02-24T23:34:44","slug":"schlauchboot-eurovinil-ev-aufblasbares-beiboot-2m","status":"publish","type":"product","link":"https:\/\/stoic-curie.212-227-153-4.plesk.page\/de\/product\/schlauchboot-eurovinil-ev-aufblasbares-beiboot-2m\/","title":{"rendered":"Dinghy Eurovinil Modell: Aufblasbares Basis 200"},"content":{"rendered":"<p>Dinghy Eurovinil Modell: Aufblasbares Basis 200 &#8211; <\/p>\n<div class=\"expander\">\n<div style=\"color: rgb(0, 0, 0); font-family: tahoma, arial, verdana, sans-serif; font-size: 12px;\">\n<p>Wir freuen uns, unser kompaktes Beiboot vorzustellen, das sorgf\u00e4ltig aus hochwertigem, strapazierf\u00e4higem 1100D PVC-Stoff entworfen wurde. Dieses spezielle Modell zeichnet sich durch seinen innovativen aufblasbaren Kiel aus, auch bekannt als &#8220;airmat&#8221;. Diese einzigartige Konstruktion nutzt ein Drop-Stitch-Gewebe, das hervorragende Steifigkeit und Stabilit\u00e4t beim Navigieren durch verschiedene Wasserbedingungen bietet. Die Kombination dieser Materialien garantiert, dass Sie ein zuverl\u00e4ssiges und robustes Beiboot f\u00fcr all Ihre Boots-Ausfl\u00fcge haben.<\/p>\n<p>Dem Beiboot liegen mehrere wichtige Zubeh\u00f6rteile bei, die Ihr Erlebnis verbessern und sicherstellen, dass Sie gut f\u00fcr Ihre Ausfl\u00fcge ausgestattet sind. Zu diesen Zubeh\u00f6rteilen geh\u00f6ren eine Pumpe f\u00fcr m\u00fcheloses Aufpumpen, ein Reparaturset f\u00fcr unerwartete Probleme, Ruder zur manuellen Fortbewegung, eine gleitende Bank f\u00fcr zus\u00e4tzlichen Komfort, festmacherseil zur Sicherung Ihres Beiboots und eine praktische Tragetasche mit den Ma\u00dfen 80 x 40 x 50 cm. Dieses Rundum-Paket vereinfacht den Transport und die Einrichtung Ihres Beiboots, egal wo Ihre Abenteuer Sie hinf\u00fchren.<\/p>\n<p>Unsere aufblasbare Linie ist bekannt als Eurovinils Bestseller, was die jahrelange Expertise und das Engagement widerspiegelt, die die Branche der aufblasbaren Boote gepr\u00e4gt haben. Das Beiboot verf\u00fcgt \u00fcber einen aufblasbaren &#8220;V&#8221;-Kiel zusammen mit der innovativen &#8220;airmat&#8221;, die nicht nur au\u00dfergew\u00f6hnliche St\u00e4rke bietet, sondern auch bemerkenswerten Widerstand gegen Durchstiche und Abnutzung bietet, was Haltbarkeit und Zuverl\u00e4ssigkeit gew\u00e4hrleistet.<\/p>\n<p>Die standardm\u00e4\u00dfige gleitende Bank ist auf Benutzerfreundlichkeit ausgelegt und erm\u00f6glicht es den Fahrg\u00e4sten, ihre Sitzposition leicht zu verstellen. Diese Funktion ist besonders n\u00fctzlich, wenn man in verschiedenen Situationen an Bord geht oder unterschiedliche Lasten zu ber\u00fccksichtigen hat. Dar\u00fcber hinaus ist der Spritzschutzfl\u00fcgel ein erheblicher Vorteil, da er effektiv verhindert, dass Wasser ins Boot gelangt, selbst wenn es voll beladen ist, sodass Sie und Ihre Sachen trocken bleiben.<\/p>\n<p>Eine der beeindruckendsten Eigenschaften dieses Beiboots ist seine F\u00e4higkeit, schnell entleert und m\u00fchelos verstaut zu werden. Sie k\u00f6nnen es bequem in einem Schrank verstauen, auf dem Vordeck oder Br\u00fccken-Dach umgedreht positionieren oder an den Schwinf\u00e4den befestigen. Sein kompaktes Design erm\u00f6glicht die Lagerung in nahezu jedem Bereich an Bord, sodass Sie die vielen Vorteile eines Beiboots genie\u00dfen k\u00f6nnen, ohne wertvollen Wohnraum auf Ihrem Boot zu opfern. Dies macht es zu einer idealen Wahl f\u00fcr Bootsbegeisterte, die sowohl Funktionalit\u00e4t als auch Komfort sch\u00e4tzen.<\/p>\n<\/div>\n<\/div>\n","protected":false},"excerpt":{"rendered":"<p>Dinghy Eurovinil Modell: Aufblasbares Basis 200 &#8211; Wir freuen uns, unser kompaktes Beiboot vorzustellen, das sorgf\u00e4ltig aus hochwertigem, strapazierf\u00e4higem 1100D<\/p>\n","protected":false},"featured_media":5937416,"comment_status":"open","ping_status":"closed","template":"","meta":[],"product_brand":[2925],"product_cat":[1546],"product_tag":[],"class_list":{"0":"post-733314","1":"product","2":"type-product","3":"status-publish","4":"has-post-thumbnail","6":"product_brand-eurovinil-de","7":"product_cat-schlauchboote-und-beiboote","9":"first","10":"outofstock","11":"shipping-taxable","12":"purchasable","13":"product-type-simple"},"_links":{"self":[{"href":"https:\/\/stoic-curie.212-227-153-4.plesk.page\/de\/wp-json\/wp\/v2\/product\/733314","targetHints":{"allow":["GET"]}}],"collection":[{"href":"https:\/\/stoic-curie.212-227-153-4.plesk.page\/de\/wp-json\/wp\/v2\/product"}],"about":[{"href":"https:\/\/stoic-curie.212-227-153-4.plesk.page\/de\/wp-json\/wp\/v2\/types\/product"}],"replies":[{"embeddable":true,"href":"https:\/\/stoic-curie.212-227-153-4.plesk.page\/de\/wp-json\/wp\/v2\/comments?post=733314"}],"version-history":[{"count":0,"href":"https:\/\/stoic-curie.212-227-153-4.plesk.page\/de\/wp-json\/wp\/v2\/product\/733314\/revisions"}],"wp:featuredmedia":[{"embeddable":true,"href":"https:\/\/stoic-curie.212-227-153-4.plesk.page\/de\/wp-json\/wp\/v2\/media\/5937416"}],"wp:attachment":[{"href":"https:\/\/stoic-curie.212-227-153-4.plesk.page\/de\/wp-json\/wp\/v2\/media?parent=733314"}],"wp:term":[{"taxonomy":"product_brand","embeddable":true,"href":"https:\/\/stoic-curie.212-227-153-4.plesk.page\/de\/wp-json\/wp\/v2\/product_brand?post=733314"},{"taxonomy":"product_cat","embeddable":true,"href":"https:\/\/stoic-curie.212-227-153-4.plesk.page\/de\/wp-json\/wp\/v2\/product_cat?post=733314"},{"taxonomy":"product_tag","embeddable":true,"href":"https:\/\/stoic-curie.212-227-153-4.plesk.page\/de\/wp-json\/wp\/v2\/product_tag?post=733314"}],"curies":[{"name":"wp","href":"https:\/\/api.w.org\/{rel}","templated":true}]}}