{"id":733315,"date":"2025-03-03T16:18:46","date_gmt":"2025-03-03T15:18:46","guid":{"rendered":"https:\/\/stoic-curie.212-227-153-4.plesk.page\/producto\/schlauchboot-eurovinil-230-mit-aufblasbarem-boden\/"},"modified":"2026-02-24T23:34:44","modified_gmt":"2026-02-24T23:34:44","slug":"schlauchboot-eurovinil-230-mit-aufblasbarem-boden","status":"publish","type":"product","link":"https:\/\/stoic-curie.212-227-153-4.plesk.page\/de\/product\/schlauchboot-eurovinil-230-mit-aufblasbarem-boden\/","title":{"rendered":"Dinghy Eurovinil Modell: Inflatable Plus 230"},"content":{"rendered":"<p>Dinghy Eurovinil Modell: Inflatable Plus 230 &#8211; Wir pr\u00e4sentieren unser Beiboot, gefertigt aus hochfestem 1100D-Gewebe mit einer hei\u00dfgeschwei\u00dften PVC-Beschichtung. Dieses Modell verf\u00fcgt \u00fcber ein einzigartiges aufblasbares V-Kiel aus DropStitch-Gewebe und einen Airmat-Boden, der ausgezeichnete Steifigkeit, Abriebfestigkeit und Stabilit\u00e4t beim Fahren gew\u00e4hrleistet. Das Beiboot ist mit gro\u00dfen R\u00f6hren und einer spritzwasserabweisenden Reibeschiene ausgestattet, die das Ablassen und Lagern in einem Schrank erleichtert. Zu Ihrem Kauf geh\u00f6ren eine Pumpe, ein Reparaturset, Ruder, eine Bank, ein Festmacherseil und eine Tragetasche. Diese aufblasbare Linie ist Eurovinils Bestseller und zeigt deren umfangreiche Erfahrung im Bereich der aufblasbaren Boote. Sie verf\u00fcgt \u00fcber ein aufblasbares &#8220;V&#8221;-Kiel und eine spezielle &#8220;Airmat&#8221;-Dunnage aus DropStitch-Gewebe, die au\u00dfergew\u00f6hnliche Steifigkeit und Widerstandsf\u00e4higkeit gegen Durchstiche und Abnutzung bietet. Der standardm\u00e4\u00dfige gleitende B\u00e4nke erm\u00f6glicht es jedem Benutzer, seine bevorzugte Position zu finden, was das Einsteigen in das Beiboot in jeder Situation und mit jeder Lade erleichtert. Zudem verhindert der spritzwassergesch\u00fctzte Fl\u00fcgel, dass Wasser in die Rohrstrukturen eindringt, selbst wenn das Boot voll beladen ist. Dieses Beiboot kann leicht entleert und in einem Schrank gelagert werden, auf dem Vorderdeck oder auf dem Br\u00fcckendach umgedreht werden oder an den Heckdavits befestigt werden. Das kompakte Design erm\u00f6glicht eine bequeme Lagerung \u00fcberall an Bord und bietet die Annehmlichkeiten eines Beiboots, ohne den Wohnraum zu opfern. Die Reihe umfasst sechs verschiedene L\u00e4ngen, um unterschiedlichen Bed\u00fcrfnissen gerecht zu werden. Eurovinil Inflatable Plus Spezifikationen: Modell: PLUS 160, Gesamtl\u00e4nge (cm): 160, Gesamtbreite (cm): 118, Innenl\u00e4nge (cm): 98, Innenbreite (cm): 54, Bugh\u00f6he (cm): 54, Spiegelh\u00f6he (cm): 32, Durchmesser der R\u00f6hrenstrukturen (cm): 32, Anzahl der Personen: 1, Anzahl der R\u00e4ume: 4, Gewicht (kg): 14, Maximalleistung (HP): 2.5, Welle: Kurz, Ma\u00dfe gerollt (cm): 60 x 40 x 50. Wir laden Sie ein, unsere Tenderlinie zu erkunden und die Qualit\u00e4t und den Komfort zu erleben, den sie f\u00fcr Ihre Bootsabenteuer bietet.<\/p>\n","protected":false},"excerpt":{"rendered":"<p>Dinghy Eurovinil Modell: Inflatable Plus 230 &#8211; Wir pr\u00e4sentieren unser Beiboot, gefertigt aus hochfestem 1100D-Gewebe mit einer hei\u00dfgeschwei\u00dften PVC-Beschichtung. Dieses<\/p>\n","protected":false},"featured_media":5937418,"comment_status":"open","ping_status":"closed","template":"","meta":[],"product_brand":[2925],"product_cat":[1546],"product_tag":[],"class_list":{"0":"post-733315","1":"product","2":"type-product","3":"status-publish","4":"has-post-thumbnail","6":"product_brand-eurovinil-de","7":"product_cat-schlauchboote-und-beiboote","9":"first","10":"instock","11":"shipping-taxable","12":"purchasable","13":"product-type-simple"},"_links":{"self":[{"href":"https:\/\/stoic-curie.212-227-153-4.plesk.page\/de\/wp-json\/wp\/v2\/product\/733315","targetHints":{"allow":["GET"]}}],"collection":[{"href":"https:\/\/stoic-curie.212-227-153-4.plesk.page\/de\/wp-json\/wp\/v2\/product"}],"about":[{"href":"https:\/\/stoic-curie.212-227-153-4.plesk.page\/de\/wp-json\/wp\/v2\/types\/product"}],"replies":[{"embeddable":true,"href":"https:\/\/stoic-curie.212-227-153-4.plesk.page\/de\/wp-json\/wp\/v2\/comments?post=733315"}],"version-history":[{"count":0,"href":"https:\/\/stoic-curie.212-227-153-4.plesk.page\/de\/wp-json\/wp\/v2\/product\/733315\/revisions"}],"wp:featuredmedia":[{"embeddable":true,"href":"https:\/\/stoic-curie.212-227-153-4.plesk.page\/de\/wp-json\/wp\/v2\/media\/5937418"}],"wp:attachment":[{"href":"https:\/\/stoic-curie.212-227-153-4.plesk.page\/de\/wp-json\/wp\/v2\/media?parent=733315"}],"wp:term":[{"taxonomy":"product_brand","embeddable":true,"href":"https:\/\/stoic-curie.212-227-153-4.plesk.page\/de\/wp-json\/wp\/v2\/product_brand?post=733315"},{"taxonomy":"product_cat","embeddable":true,"href":"https:\/\/stoic-curie.212-227-153-4.plesk.page\/de\/wp-json\/wp\/v2\/product_cat?post=733315"},{"taxonomy":"product_tag","embeddable":true,"href":"https:\/\/stoic-curie.212-227-153-4.plesk.page\/de\/wp-json\/wp\/v2\/product_tag?post=733315"}],"curies":[{"name":"wp","href":"https:\/\/api.w.org\/{rel}","templated":true}]}}