{"id":733316,"date":"2025-03-03T16:18:46","date_gmt":"2025-03-03T15:18:46","guid":{"rendered":"https:\/\/stoic-curie.212-227-153-4.plesk.page\/producto\/schlauchboot-eurovinil-mit-aufblasbarem-rumpf-260\/"},"modified":"2026-02-24T23:34:44","modified_gmt":"2026-02-24T23:34:44","slug":"schlauchboot-eurovinil-mit-aufblasbarem-rumpf-260","status":"publish","type":"product","link":"https:\/\/stoic-curie.212-227-153-4.plesk.page\/de\/product\/schlauchboot-eurovinil-mit-aufblasbarem-rumpf-260\/","title":{"rendered":"Dinghy Eurovinil Inflatable Basic 260"},"content":{"rendered":"<p>Dinghy Eurovinil Inflatable Basic 260 &#8211; Wir freuen uns, unseren kompakten Tender vorzustellen, der sorgf\u00e4ltig aus hochwertigem, strapazierf\u00e4higem 1100D PVC-Gewebe gefertigt wurde. Dieses Modell hebt sich durch seinen innovativen, aufblasbaren Kiel, auch bekannt als &#8220;airmat&#8221;, ab. Dieses einzigartige Design wird aus Drop-Stitch-Gewebe hergestellt, das au\u00dfergew\u00f6hnliche Steifigkeit und Stabilit\u00e4t beim Navigieren durch verschiedene Wasserbedingungen bietet. Die Kombination dieser Materialien stellt sicher, dass Sie einen zuverl\u00e4ssigen und robusten Tender f\u00fcr all Ihre Bootsausfl\u00fcge haben.<\/p>\n<p>Im Lieferumfang des Tenders sind mehrere wesentliche Artikel enthalten, die Ihr Erlebnis verbessern und sicherstellen, dass Sie gut vorbereitet sind. Dazu geh\u00f6ren eine Pumpe f\u00fcr einfaches Aufblasen, ein Reparaturset f\u00fcr unvorhergesehene Probleme, Ruder f\u00fcr die manuelle Fortbewegung, eine gleitende Sitzbank f\u00fcr Komfort, Festmacherleine zur Sicherung Ihres Tenders und eine praktische Tragetasche mit den Ma\u00dfen 80 x 40 x 50 cm. Dieses umfassende Paket macht es einfach, Ihren Tender bequem zu transportieren und \u00fcberall aufzustellen.<\/p>\n<p>Unsere aufblasbare Serie wird als Eurovinils Bestseller anerkannt, was ein Beweis f\u00fcr die jahrelange Expertise und Hingabe ist, die in die aufblasbare Bootindustrie eingeflossen ist. Der Tender verf\u00fcgt \u00fcber einen aufblasbaren &#8220;V&#8221;-Kiel und das spezielle &#8220;airmat&#8221;, das nicht nur au\u00dfergew\u00f6hnliche Festigkeit bietet, sondern auch eine bemerkenswerte Widerstandsf\u00e4higkeit gegen Durchstiche und Abnutzung aufweist und damit Langlebigkeit und Zuverl\u00e4ssigkeit gew\u00e4hrleistet.<\/p>\n<p>Die standardm\u00e4\u00dfige gleitende Sitzbank ist benutzerfreundlich gestaltet, sodass Einzelpersonen ihre Position leicht anpassen k\u00f6nnen. Diese Funktion ist besonders vorteilhaft beim Einstieg in das Boot in verschiedenen Situationen oder beim Anpassen an unterschiedliche Lasten. Dar\u00fcber hinaus ist der Spritzschutzfl\u00fcgel ein zus\u00e4tzlicher Vorteil, da er effektiv verhindert, dass Wasser in das Boot gelangt, selbst wenn es vollst\u00e4ndig beladen ist, sodass Sie und Ihr Hab und Gut trocken bleiben.<\/p>\n<p>Ein herausragendes Merkmal dieses Tenders ist die F\u00e4higkeit, ihn schnell zu entleeren und einfach zu lagern. Sie k\u00f6nnen ihn bequem in einem Schrank verstauen, mit der Unterseite auf dem Vordeck oder dem Br\u00fcckendach platzieren oder an den Heckdavits befestigen. Durch sein kompaktes Design kann er nahezu \u00fcberall an Bord aufbewahrt werden, sodass Sie die zahlreichen Vorteile eines Tenders genie\u00dfen k\u00f6nnen, ohne wertvollen Wohnraum auf Ihrem Boot zu opfern. Dies macht ihn zur idealen Wahl f\u00fcr Bootsbegeisterte, die sowohl Funktionalit\u00e4t als auch Komfort sch\u00e4tzen.<\/p>\n","protected":false},"excerpt":{"rendered":"<p>Dinghy Eurovinil Inflatable Basic 260 &#8211; Wir freuen uns, unseren kompakten Tender vorzustellen, der sorgf\u00e4ltig aus hochwertigem, strapazierf\u00e4higem 1100D PVC-Gewebe<\/p>\n","protected":false},"featured_media":5937416,"comment_status":"open","ping_status":"closed","template":"","meta":[],"product_brand":[2925],"product_cat":[1546],"product_tag":[],"class_list":{"0":"post-733316","1":"product","2":"type-product","3":"status-publish","4":"has-post-thumbnail","6":"product_brand-eurovinil-de","7":"product_cat-schlauchboote-und-beiboote","9":"first","10":"instock","11":"shipping-taxable","12":"purchasable","13":"product-type-simple"},"_links":{"self":[{"href":"https:\/\/stoic-curie.212-227-153-4.plesk.page\/de\/wp-json\/wp\/v2\/product\/733316","targetHints":{"allow":["GET"]}}],"collection":[{"href":"https:\/\/stoic-curie.212-227-153-4.plesk.page\/de\/wp-json\/wp\/v2\/product"}],"about":[{"href":"https:\/\/stoic-curie.212-227-153-4.plesk.page\/de\/wp-json\/wp\/v2\/types\/product"}],"replies":[{"embeddable":true,"href":"https:\/\/stoic-curie.212-227-153-4.plesk.page\/de\/wp-json\/wp\/v2\/comments?post=733316"}],"version-history":[{"count":0,"href":"https:\/\/stoic-curie.212-227-153-4.plesk.page\/de\/wp-json\/wp\/v2\/product\/733316\/revisions"}],"wp:featuredmedia":[{"embeddable":true,"href":"https:\/\/stoic-curie.212-227-153-4.plesk.page\/de\/wp-json\/wp\/v2\/media\/5937416"}],"wp:attachment":[{"href":"https:\/\/stoic-curie.212-227-153-4.plesk.page\/de\/wp-json\/wp\/v2\/media?parent=733316"}],"wp:term":[{"taxonomy":"product_brand","embeddable":true,"href":"https:\/\/stoic-curie.212-227-153-4.plesk.page\/de\/wp-json\/wp\/v2\/product_brand?post=733316"},{"taxonomy":"product_cat","embeddable":true,"href":"https:\/\/stoic-curie.212-227-153-4.plesk.page\/de\/wp-json\/wp\/v2\/product_cat?post=733316"},{"taxonomy":"product_tag","embeddable":true,"href":"https:\/\/stoic-curie.212-227-153-4.plesk.page\/de\/wp-json\/wp\/v2\/product_tag?post=733316"}],"curies":[{"name":"wp","href":"https:\/\/api.w.org\/{rel}","templated":true}]}}