{"id":733323,"date":"2025-03-03T16:18:48","date_gmt":"2025-03-03T15:18:48","guid":{"rendered":"https:\/\/stoic-curie.212-227-153-4.plesk.page\/producto\/universelles-aussenbord-antidiebstahlgeraet-mit-schloss-40-x-40-x-300-mm\/"},"modified":"2026-02-24T23:34:44","modified_gmt":"2026-02-24T23:34:44","slug":"universelles-aussenbord-antidiebstahlgeraet-mit-schloss-40-x-40-x-300-mm","status":"publish","type":"product","link":"https:\/\/stoic-curie.212-227-153-4.plesk.page\/de\/product\/universelles-aussenbord-antidiebstahlgeraet-mit-schloss-40-x-40-x-300-mm\/","title":{"rendered":"Universelles Au\u00dfenbord-Antidiebstahlger\u00e4t mit Schloss 40 x 40 x 300 mm"},"content":{"rendered":"<p>Universelles Au\u00dfenbord-Antidiebstahlger\u00e4t mit Schloss 40 x 40 x 300 mm &#8211; <\/p>\n<p>Die Diebstahlsicherung aus Edelstahl mit Schl\u00fcsselschloss f\u00fcr Au\u00dfenbordmotoren.<\/p>\n","protected":false},"excerpt":{"rendered":"<p>Universelles Au\u00dfenbord-Antidiebstahlger\u00e4t mit Schloss 40 x 40 x 300 mm &#8211; Die Diebstahlsicherung aus Edelstahl mit Schl\u00fcsselschloss f\u00fcr Au\u00dfenbordmotoren.<\/p>\n","protected":false},"featured_media":5937437,"comment_status":"open","ping_status":"closed","template":"","meta":[],"product_brand":[3490],"product_cat":[1540],"product_tag":[],"class_list":{"0":"post-733323","1":"product","2":"type-product","3":"status-publish","4":"has-post-thumbnail","6":"product_brand-trem-de","7":"product_cat-zubehoer-fuer-aussenborder","9":"first","10":"instock","11":"shipping-taxable","12":"purchasable","13":"product-type-simple"},"_links":{"self":[{"href":"https:\/\/stoic-curie.212-227-153-4.plesk.page\/de\/wp-json\/wp\/v2\/product\/733323","targetHints":{"allow":["GET"]}}],"collection":[{"href":"https:\/\/stoic-curie.212-227-153-4.plesk.page\/de\/wp-json\/wp\/v2\/product"}],"about":[{"href":"https:\/\/stoic-curie.212-227-153-4.plesk.page\/de\/wp-json\/wp\/v2\/types\/product"}],"replies":[{"embeddable":true,"href":"https:\/\/stoic-curie.212-227-153-4.plesk.page\/de\/wp-json\/wp\/v2\/comments?post=733323"}],"version-history":[{"count":0,"href":"https:\/\/stoic-curie.212-227-153-4.plesk.page\/de\/wp-json\/wp\/v2\/product\/733323\/revisions"}],"wp:featuredmedia":[{"embeddable":true,"href":"https:\/\/stoic-curie.212-227-153-4.plesk.page\/de\/wp-json\/wp\/v2\/media\/5937437"}],"wp:attachment":[{"href":"https:\/\/stoic-curie.212-227-153-4.plesk.page\/de\/wp-json\/wp\/v2\/media?parent=733323"}],"wp:term":[{"taxonomy":"product_brand","embeddable":true,"href":"https:\/\/stoic-curie.212-227-153-4.plesk.page\/de\/wp-json\/wp\/v2\/product_brand?post=733323"},{"taxonomy":"product_cat","embeddable":true,"href":"https:\/\/stoic-curie.212-227-153-4.plesk.page\/de\/wp-json\/wp\/v2\/product_cat?post=733323"},{"taxonomy":"product_tag","embeddable":true,"href":"https:\/\/stoic-curie.212-227-153-4.plesk.page\/de\/wp-json\/wp\/v2\/product_tag?post=733323"}],"curies":[{"name":"wp","href":"https:\/\/api.w.org\/{rel}","templated":true}]}}