{"id":733324,"date":"2025-03-03T16:18:48","date_gmt":"2025-03-03T15:18:48","guid":{"rendered":"https:\/\/stoic-curie.212-227-153-4.plesk.page\/producto\/doppelter-morsesteuerhebel-ultraflex-b104\/"},"modified":"2026-02-24T23:34:44","modified_gmt":"2026-02-24T23:34:44","slug":"doppelter-morsesteuerhebel-ultraflex-b104","status":"publish","type":"product","link":"https:\/\/stoic-curie.212-227-153-4.plesk.page\/de\/product\/doppelter-morsesteuerhebel-ultraflex-b104\/","title":{"rendered":"Doppelter Morsesteuerhebel Ultraflex B104"},"content":{"rendered":"<p>Doppelter Morsesteuerhebel Ultraflex B104 &#8211; <\/p>\n<p>Doppelte Steuerung f\u00fcr Gas und Gangwechsel f\u00fcr Innenbord- und Heckantriebsmotoren. Verchromter Edelstahlhebel und -geh\u00e4use, Oberfl\u00e4chenmontage. Verwendet C2 \/ C8 \/ C33 \/ MACHZero Steuerkabel. Mit optionalem X43 Sicherheitsschalter (4620143) kann der Motor nur bei disengagtem Getriebe gestartet werden.<\/p>\n","protected":false},"excerpt":{"rendered":"<p>Doppelter Morsesteuerhebel Ultraflex B104 &#8211; Doppelte Steuerung f\u00fcr Gas und Gangwechsel f\u00fcr Innenbord- und Heckantriebsmotoren. Verchromter Edelstahlhebel und -geh\u00e4use, Oberfl\u00e4chenmontage.<\/p>\n","protected":false},"featured_media":5937438,"comment_status":"open","ping_status":"closed","template":"","meta":[],"product_brand":[3500],"product_cat":[1504],"product_tag":[],"class_list":{"0":"post-733324","1":"product","2":"type-product","3":"status-publish","4":"has-post-thumbnail","6":"product_brand-ultraflex-uflex-de","7":"product_cat-morse-hebelsteuerungen","9":"first","10":"instock","11":"shipping-taxable","12":"purchasable","13":"product-type-simple"},"_links":{"self":[{"href":"https:\/\/stoic-curie.212-227-153-4.plesk.page\/de\/wp-json\/wp\/v2\/product\/733324","targetHints":{"allow":["GET"]}}],"collection":[{"href":"https:\/\/stoic-curie.212-227-153-4.plesk.page\/de\/wp-json\/wp\/v2\/product"}],"about":[{"href":"https:\/\/stoic-curie.212-227-153-4.plesk.page\/de\/wp-json\/wp\/v2\/types\/product"}],"replies":[{"embeddable":true,"href":"https:\/\/stoic-curie.212-227-153-4.plesk.page\/de\/wp-json\/wp\/v2\/comments?post=733324"}],"version-history":[{"count":0,"href":"https:\/\/stoic-curie.212-227-153-4.plesk.page\/de\/wp-json\/wp\/v2\/product\/733324\/revisions"}],"wp:featuredmedia":[{"embeddable":true,"href":"https:\/\/stoic-curie.212-227-153-4.plesk.page\/de\/wp-json\/wp\/v2\/media\/5937438"}],"wp:attachment":[{"href":"https:\/\/stoic-curie.212-227-153-4.plesk.page\/de\/wp-json\/wp\/v2\/media?parent=733324"}],"wp:term":[{"taxonomy":"product_brand","embeddable":true,"href":"https:\/\/stoic-curie.212-227-153-4.plesk.page\/de\/wp-json\/wp\/v2\/product_brand?post=733324"},{"taxonomy":"product_cat","embeddable":true,"href":"https:\/\/stoic-curie.212-227-153-4.plesk.page\/de\/wp-json\/wp\/v2\/product_cat?post=733324"},{"taxonomy":"product_tag","embeddable":true,"href":"https:\/\/stoic-curie.212-227-153-4.plesk.page\/de\/wp-json\/wp\/v2\/product_tag?post=733324"}],"curies":[{"name":"wp","href":"https:\/\/api.w.org\/{rel}","templated":true}]}}