{"id":733325,"date":"2025-03-03T16:18:48","date_gmt":"2025-03-03T15:18:48","guid":{"rendered":"https:\/\/stoic-curie.212-227-153-4.plesk.page\/producto\/anker-vulcan-6kg\/"},"modified":"2026-02-24T23:34:44","modified_gmt":"2026-02-24T23:34:44","slug":"anker-vulcan-6kg","status":"publish","type":"product","link":"https:\/\/stoic-curie.212-227-153-4.plesk.page\/de\/product\/anker-vulcan-6kg\/","title":{"rendered":"Anker Vulcan 6kg"},"content":{"rendered":"<p>Anker Vulcan 6kg &#8211; <\/p>\n<p style=\"color: rgb(34, 34, 34); font-family: Arial, Helvetica, sans-serif; font-size: small;\">Wir freuen uns, den Vulcan 6 (13 lb) verzinkten Stahlanker vorzustellen, der sorgf\u00e4ltig f\u00fcr die Kompatibilit\u00e4t mit allen Arten von Meeresb\u00f6den und geeignet f\u00fcr kleine sowie gro\u00dfe Motorboote und Yachten entwickelt wurde. Dieser Anker zeichnet sich durch seine hochresistente Fluke-Geometrie und eine sichere Passform an jedem Bug aus, die durch das Fehlen eines Rollbalkens erreicht wird. Die innovative Roll-Palm-Technologie garantiert, dass der Anker in einem optimalen Winkel f\u00fcr eine effektive Penetration abtaucht, w\u00e4hrend das V-Bulb-Design das Fluke-Ballast nach unten verst\u00e4rkt und somit den Hebel und die Effizienz maximiert, um die Haltekraft zu verbessern.<\/p>\n<p style=\"color: rgb(34, 34, 34); font-family: Arial, Helvetica, sans-serif; font-size: small;\">SKU: VLC6GS<\/p>\n<p style=\"color: rgb(34, 34, 34); font-family: Arial, Helvetica, sans-serif; font-size: small;\">Der Vulcan\u00ae-Anker erweitert die Sicherheit und Zuverl\u00e4ssigkeit, die mit Rocna\u00ae verbunden sind, auf eine breitere Palette von Bootseignern. Er wird pr\u00e4zise gefertigt, um die Kompatibilit\u00e4t mit verschiedenen Bugkonfigurationen von Wasserfahrzeugen sicherzustellen. Wir laden Sie ein, den Vulcan\u00ae f\u00fcr eine sichere Passform an jedem Boot zu w\u00e4hlen, einschlie\u00dflich solcher mit Plattformen und Bugspriet, die alles von kleinen Sportbooten bis hin zu gro\u00dfen Yachten und Motorbooten aufnehmen.<\/p>\n<p style=\"color: rgb(34, 34, 34); font-family: Arial, Helvetica, sans-serif; font-size: small;\">Hauptmerkmale:<\/p>\n<ul style=\"color: rgb(34, 34, 34); font-family: Arial, Helvetica, sans-serif; font-size: small;\">\n<li>Die einzigartige Schaft- und Fluke-Geometrie erm\u00f6glicht es, dass der Anker beim Kontakt mit dem Meeresboden selbstst\u00e4ndig aufrecht steht.<\/li>\n<li>Das V-Bulb\u2122-Design verl\u00e4ngert das Fluke-Ballast nach unten und sorgt damit f\u00fcr maximalen Hebel und Effizienz.<\/li>\n<li>Eine gr\u00f6\u00dfere Fluke-Oberfl\u00e4che und ein h\u00f6heres Gewicht an der Spitze im Vergleich zu konkurrierenden Designs bieten \u00fcberragende Haltekraft und Sicherheit.<\/li>\n<li>Das Fehlen eines Rollbalkens sowie ein durchdachtes Schaftprofil garantieren die Kompatibilit\u00e4t mit Bug-Walzen.<\/li>\n<li>Diese Anker sind so konzipiert, dass sie sich selbstst\u00e4ndig von den meisten Bug-Walzen entfalten, was die Benutzerfreundlichkeit erleichtert.<\/li>\n<li>Aus hochfestem Stahl mit einem markanten I+V-Profil\u2122-Schaftdesign gefertigt, bietet dieser Anker eine au\u00dfergew\u00f6hnliche Biegefestigkeit.<\/li>\n<\/ul>\n<p style=\"color: rgb(34, 34, 34); font-family: Arial, Helvetica, sans-serif; font-size: small;\">Wir empfehlen Ihnen, den Vulcan 6 f\u00fcr eine zuverl\u00e4ssige Ankerl\u00f6sung zu w\u00e4hlen, die den Anforderungen aller Bootsfahrer gerecht wird.<\/p>\n","protected":false},"excerpt":{"rendered":"<p>Anker Vulcan 6kg &#8211; Wir freuen uns, den Vulcan 6 (13 lb) verzinkten Stahlanker vorzustellen, der sorgf\u00e4ltig f\u00fcr die Kompatibilit\u00e4t<\/p>\n","protected":false},"featured_media":5937452,"comment_status":"open","ping_status":"closed","template":"","meta":[],"product_brand":[3530],"product_cat":[1585],"product_tag":[],"class_list":{"0":"post-733325","1":"product","2":"type-product","3":"status-publish","4":"has-post-thumbnail","6":"product_brand-vulcan-de","7":"product_cat-anker-rocna-und-vulcan","9":"first","10":"instock","11":"shipping-taxable","12":"purchasable","13":"product-type-simple"},"_links":{"self":[{"href":"https:\/\/stoic-curie.212-227-153-4.plesk.page\/de\/wp-json\/wp\/v2\/product\/733325","targetHints":{"allow":["GET"]}}],"collection":[{"href":"https:\/\/stoic-curie.212-227-153-4.plesk.page\/de\/wp-json\/wp\/v2\/product"}],"about":[{"href":"https:\/\/stoic-curie.212-227-153-4.plesk.page\/de\/wp-json\/wp\/v2\/types\/product"}],"replies":[{"embeddable":true,"href":"https:\/\/stoic-curie.212-227-153-4.plesk.page\/de\/wp-json\/wp\/v2\/comments?post=733325"}],"version-history":[{"count":0,"href":"https:\/\/stoic-curie.212-227-153-4.plesk.page\/de\/wp-json\/wp\/v2\/product\/733325\/revisions"}],"wp:featuredmedia":[{"embeddable":true,"href":"https:\/\/stoic-curie.212-227-153-4.plesk.page\/de\/wp-json\/wp\/v2\/media\/5937452"}],"wp:attachment":[{"href":"https:\/\/stoic-curie.212-227-153-4.plesk.page\/de\/wp-json\/wp\/v2\/media?parent=733325"}],"wp:term":[{"taxonomy":"product_brand","embeddable":true,"href":"https:\/\/stoic-curie.212-227-153-4.plesk.page\/de\/wp-json\/wp\/v2\/product_brand?post=733325"},{"taxonomy":"product_cat","embeddable":true,"href":"https:\/\/stoic-curie.212-227-153-4.plesk.page\/de\/wp-json\/wp\/v2\/product_cat?post=733325"},{"taxonomy":"product_tag","embeddable":true,"href":"https:\/\/stoic-curie.212-227-153-4.plesk.page\/de\/wp-json\/wp\/v2\/product_tag?post=733325"}],"curies":[{"name":"wp","href":"https:\/\/api.w.org\/{rel}","templated":true}]}}